{"id":6137,"date":"2022-05-30T17:45:34","date_gmt":"2022-05-30T09:45:34","guid":{"rendered":"https:\/\/sellersunionagent.com\/?post_type=product&#038;p=6137"},"modified":"2022-06-25T14:10:32","modified_gmt":"2022-06-25T06:10:32","slug":"design-de-produto-personalizado-bolsa-de-jantar-redonda","status":"publish","type":"product","link":"https:\/\/www.sellersunionagent.com\/pt\/custom-product-design-round-dinner-bag\/","title":{"rendered":"Design de produto personalizado Bolsa de almo\u00e7o redonda"},"content":{"rendered":"<h2>Design de produto personalizado Bolsa de almo\u00e7o redonda<\/h2>\n<p>Materiais dur\u00e1veis: Essa lancheira redonda com design de produto personalizado \u00e9 feita de material externo oxford dur\u00e1vel de alta qualidade e interior isolado de grau aliment\u00edcio. Os materiais sem BPA garantem sua sa\u00fade. Acolchoada com espuma PE de 5 mm de espessura entre o tecido superior e a camada interna, sempre manteria os alimentos frios ou quentes. Ela \u00e9 equipada com um tecido Oxford seguro, ecol\u00f3gico e \u00e0 prova d'\u00e1gua e um forro de alum\u00ednio \u00e0 prova de vazamentos para evitar o derramamento de l\u00edquidos e \u00e9 f\u00e1cil de limpar, mantendo o ambiente de refei\u00e7\u00f5es limpo.<\/p>\n<p>&nbsp;<\/p>\n<p><span class=\"skip\"><a data-keyword=\"appearance\">Leve e <\/a><\/span>Port\u00e1til: Essa lancheira \u00e9 bastante leve, pesando 0,5 lb, tem uma al\u00e7a forte para um transporte confort\u00e1vel e pode ser dobrada para ser guardada rapidamente quando n\u00e3o estiver em uso. Perfeita para refei\u00e7\u00f5es no trabalho, piqueniques, churrascos ao ar livre, controle de dieta, viagens ou compras.<\/p>\n<p>&nbsp;<\/p>\n<p>Design sofisticado: Esse item \u00e9 elegante e resistente, e os compradores podem personalizar os padr\u00f5es e desenhos que desejarem. Bem-vindo ao nosso bate-papo para saber mais sobre o assunto!<img fetchpriority=\"high\" decoding=\"async\" class=\"aligncenter wp-image-6139\" src=\"https:\/\/www.sellersunionagent.com\/wp-content\/uploads\/2022\/05\/round-lunch-bag-13.jpg\" alt=\"Design de produtos personalizados\" width=\"600\" height=\"600\" \/> <img decoding=\"async\" class=\"aligncenter wp-image-6141\" src=\"https:\/\/www.sellersunionagent.com\/wp-content\/uploads\/2022\/05\/\u8be6\u60c5-03.jpg\" alt=\"Design de produtos personalizados\" width=\"600\" height=\"566\" \/><img decoding=\"async\" class=\"aligncenter wp-image-6142\" src=\"https:\/\/www.sellersunionagent.com\/wp-content\/uploads\/2022\/05\/round-lunch-bag-10.jpg\" alt=\"Design de produtos personalizados\" width=\"600\" height=\"349\" \/><img loading=\"lazy\" decoding=\"async\" class=\"aligncenter wp-image-6143\" src=\"https:\/\/www.sellersunionagent.com\/wp-content\/uploads\/2022\/05\/round-lunch-bag-9.jpg\" alt=\"Design de produtos personalizados\" width=\"600\" height=\"1489\" \/><img loading=\"lazy\" decoding=\"async\" class=\"aligncenter wp-image-6144\" src=\"https:\/\/www.sellersunionagent.com\/wp-content\/uploads\/2022\/05\/round-lunch-bag-8.jpg\" alt=\"Design de produtos personalizados\" width=\"600\" height=\"1182\" \/>\u00a0<img loading=\"lazy\" decoding=\"async\" class=\"aligncenter wp-image-6145\" src=\"https:\/\/www.sellersunionagent.com\/wp-content\/uploads\/2022\/05\/round-lunch-bag-7.jpg\" alt=\"Design de produtos personalizados\" width=\"600\" height=\"344\" \/><img loading=\"lazy\" decoding=\"async\" class=\"aligncenter wp-image-6146\" src=\"https:\/\/www.sellersunionagent.com\/wp-content\/uploads\/2022\/05\/round-lunch-bag-6.jpg\" alt=\"Design de produtos personalizados\" width=\"600\" height=\"635\" \/><img loading=\"lazy\" decoding=\"async\" class=\"aligncenter wp-image-6147\" src=\"https:\/\/www.sellersunionagent.com\/wp-content\/uploads\/2022\/05\/round-lunch-bag-5.jpg\" alt=\"Design de produtos personalizados\" width=\"600\" height=\"456\" \/><img loading=\"lazy\" decoding=\"async\" class=\"aligncenter wp-image-6148\" src=\"https:\/\/www.sellersunionagent.com\/wp-content\/uploads\/2022\/05\/round-lunch-bag-4.jpg\" alt=\"Design de produtos personalizados\" width=\"600\" height=\"520\" \/><\/p>\n<p>&nbsp;<\/p>","protected":false},"excerpt":{"rendered":"<p><strong>Tipo<\/strong>: Bolsa de almo\u00e7o redonda<\/p>\n<p><strong>Tamanho do item<\/strong>: 18,5*27cm (aberto)\/ 18,5*17cm (dobrado)<\/p>\n<p><strong>Peso do item<\/strong>: 229g<br \/>\n<strong>Capacidade de fornecimento<\/strong>: 50000 pe\u00e7as\/pe\u00e7as por m\u00eas<br \/>\n<strong>MOQ<\/strong>: 50pcs<\/p>\n<p>Como um fornecedor de lancheiras de venda quente na China, temos mais de 20 anos de experi\u00eancia e estamos comprometidos em fornecer produtos de armazenamento com design personalizado a pre\u00e7os competitivos. Exportamos produtos da moda, de alta qualidade e bom pre\u00e7o, oferecemos suporte \u00e0 personaliza\u00e7\u00e3o OEM e ODM e fornecemos a voc\u00ea um servi\u00e7o profissional completo.<\/p>","protected":false},"featured_media":6149,"comment_status":"open","ping_status":"closed","template":"","meta":{"_acf_changed":false},"product_brand":[],"product_cat":[28],"product_tag":[46,47],"class_list":{"0":"post-6137","1":"product","2":"type-product","3":"status-publish","4":"has-post-thumbnail","6":"product_cat-lunch-bag","7":"product_tag-customization","8":"product_tag-hot-sale","10":"first","11":"instock","12":"shipping-taxable","13":"product-type-simple","14":"swiper-slide"},"acf":[],"_links":{"self":[{"href":"https:\/\/www.sellersunionagent.com\/pt\/wp-json\/wp\/v2\/product\/6137","targetHints":{"allow":["GET"]}}],"collection":[{"href":"https:\/\/www.sellersunionagent.com\/pt\/wp-json\/wp\/v2\/product"}],"about":[{"href":"https:\/\/www.sellersunionagent.com\/pt\/wp-json\/wp\/v2\/types\/product"}],"replies":[{"embeddable":true,"href":"https:\/\/www.sellersunionagent.com\/pt\/wp-json\/wp\/v2\/comments?post=6137"}],"wp:featuredmedia":[{"embeddable":true,"href":"https:\/\/www.sellersunionagent.com\/pt\/wp-json\/wp\/v2\/media\/6149"}],"wp:attachment":[{"href":"https:\/\/www.sellersunionagent.com\/pt\/wp-json\/wp\/v2\/media?parent=6137"}],"wp:term":[{"taxonomy":"product_brand","embeddable":true,"href":"https:\/\/www.sellersunionagent.com\/pt\/wp-json\/wp\/v2\/product_brand?post=6137"},{"taxonomy":"product_cat","embeddable":true,"href":"https:\/\/www.sellersunionagent.com\/pt\/wp-json\/wp\/v2\/product_cat?post=6137"},{"taxonomy":"product_tag","embeddable":true,"href":"https:\/\/www.sellersunionagent.com\/pt\/wp-json\/wp\/v2\/product_tag?post=6137"}],"curies":[{"name":"wp","href":"https:\/\/api.w.org\/{rel}","templated":true}]}}