{"id":6116,"date":"2022-05-30T16:26:10","date_gmt":"2022-05-30T08:26:10","guid":{"rendered":"https:\/\/sellersunionagent.com\/?post_type=product&#038;p=6116"},"modified":"2026-01-06T14:29:52","modified_gmt":"2026-01-06T06:29:52","slug":"fornecedor-de-sacolas-de-jantar-de-venda-quente-na-china","status":"publish","type":"product","link":"https:\/\/www.sellersunionagent.com\/pt\/hot-selling-dinner-bag-supplier-in-china\/","title":{"rendered":"Fornecedor de lancheiras de venda quente na China"},"content":{"rendered":"<h2>Fornecedor de lancheiras de venda quente na China<\/h2>\n<p>&nbsp;<\/p>\n<p>&nbsp;<\/p>\n<p>Materiais dur\u00e1veis: Essa lancheira de venda quente \u00e9 equipada com forro de folha de alum\u00ednio macio premium resistente \u00e0 \u00e1gua e ecologicamente correto, que \u00e9 macio e resiste a altas temperaturas de 248\u2109\/120\u2103. Acolchoada com EPE de isolamento de 4 mm, \u00e9 conveniente para manter alimentos, frutas e bebidas quentes e frescos. O tempo de isolamento, que pode chegar a v\u00e1rias horas, oferece \u00f3tima prote\u00e7\u00e3o para seus recipientes. O material macio PEVA interno e externo \u00e9 \u00e0 prova d'\u00e1gua e de gordura. O tecido oxford 300D externo, resistente a arranh\u00f5es, oferece durabilidade duradoura contra as atividades di\u00e1rias. O interior utiliza tecnologia de solda a quente, o que torna o interior da lancheira \u00e0 prova de vazamentos e f\u00e1cil de limpar. Design sem vazamentos na parte inferior.<\/p>\n<p>&nbsp;<\/p>\n<p>&nbsp;<\/p>\n<p><span class=\"skip\"><a data-keyword=\"appearance\">Grande capacidade: Essa sacola foi projetada para proporcionar o m\u00e1ximo de efici\u00eancia no armazenamento. O compartimento principal grande \u00e9 ideal para recipientes de almo\u00e7o, sandu\u00edches, batatas fritas, frutas, biscoitos, bebidas etc. O bolso frontal \u00e9 conveniente para armazenar chaves, telefones celulares, guardanapos e utens\u00edlios.<\/a><\/span><\/p>\n<p>&nbsp;<\/p>\n<p>&nbsp;<\/p>\n<p>Confort\u00e1vel e port\u00e1til: Essa lancheira pode ser usada como bolsa. O estofamento de espuma proporciona o m\u00e1ximo de conforto e durabilidade extra. \u00c9 ergon\u00f4mica. Seja no ombro ou port\u00e1til, ela far\u00e1 com que voc\u00ea se sinta confort\u00e1vel.<\/p>\n<p>&nbsp;<\/p>\n<p><strong>Tipo<\/strong>bolsa de almo\u00e7o<\/p>\n<p><strong>Tamanho do item<\/strong>: 23,5*14*18,5cm\/28*20*16cm<\/p>\n<p><strong>Peso do item<\/strong>: 229g\/342g<br \/>\n<strong>Capacidade de fornecimento<\/strong>: 50000 pe\u00e7as\/pe\u00e7as por m\u00eas<br \/>\n<strong>MOQ<\/strong>: 50pcs<\/p>\n<p><img fetchpriority=\"high\" decoding=\"async\" class=\"aligncenter wp-image-6123\" src=\"https:\/\/www.sellersunionagent.com\/wp-content\/uploads\/2022\/05\/hot-selling-lunch-bag-supplier-9.jpg\" alt=\"Bolsa de almo\u00e7o de venda quente\" width=\"600\" height=\"1190\" \/><\/p>\n<p><img decoding=\"async\" class=\"aligncenter wp-image-6127\" src=\"https:\/\/www.sellersunionagent.com\/wp-content\/uploads\/2022\/05\/hot-selling-lunch-bag-supplier-5.png\" alt=\"Bolsa para lanche de venda quente\" width=\"600\" height=\"1174\" \/><img decoding=\"async\" class=\"aligncenter wp-image-6124\" src=\"https:\/\/www.sellersunionagent.com\/wp-content\/uploads\/2022\/05\/hot-selling-lunch-bag-supplier-8.jpg\" alt=\"lancheira de venda quente\" width=\"600\" height=\"1071\" \/><img loading=\"lazy\" decoding=\"async\" class=\"aligncenter wp-image-6125\" src=\"https:\/\/www.sellersunionagent.com\/wp-content\/uploads\/2022\/05\/hot-selling-lunch-bag-supplier-7.jpg\" alt=\"Bolsa para lanche de venda quente\" width=\"600\" height=\"807\" \/><img loading=\"lazy\" decoding=\"async\" class=\"aligncenter wp-image-6126\" src=\"https:\/\/www.sellersunionagent.com\/wp-content\/uploads\/2022\/05\/hot-selling-lunch-bag-supplier-6.jpg\" alt=\"Bolsa para lanche de venda quente\" width=\"600\" height=\"1365\" \/><\/p>","protected":false},"excerpt":{"rendered":"<p><strong>MOQ<\/strong>: 500 ou Flex\u00edvel<\/p>\n<p><strong>Amostra gr\u00e1tis<\/strong>: Com suporte<\/p>\n<p><strong>Personaliza\u00e7\u00e3o<\/strong>: logotipo\/cor\/materiais\/embalagem<\/p>\n<p><strong>Desconto<\/strong>: 10% off em seu primeiro pedido<\/p>\n<p><strong>Taxa de entrega no prazo<\/strong>: 100%<\/p>\n<p><strong>Total de remessas<\/strong>: 106876 PCS<\/p>\n<p><strong>Remessa<\/strong>: Suporte expresso\/frete mar\u00edtimo\/frete terrestre<\/p>\n<p>&nbsp;<\/p>\n<p>Como um fornecedor de lancheiras de venda quente na China, temos mais de 20 anos de experi\u00eancia e estamos comprometidos em fornecer produtos de armazenamento de alta qualidade a pre\u00e7os competitivos. Exportamos produtos da moda, de alta qualidade e bom pre\u00e7o, oferecemos suporte \u00e0 personaliza\u00e7\u00e3o OEM e ODM e fornecemos a voc\u00ea um servi\u00e7o profissional completo.<\/p>\n<p>&nbsp;<\/p>\n<p>&nbsp;<\/p>","protected":false},"featured_media":6110,"comment_status":"open","ping_status":"closed","template":"","meta":{"_acf_changed":false},"product_brand":[],"product_cat":[28],"product_tag":[45,44],"class_list":{"0":"post-6116","1":"product","2":"type-product","3":"status-publish","4":"has-post-thumbnail","6":"product_cat-lunch-bag","7":"product_tag-cooler-bag","8":"product_tag-hot-selling","10":"first","11":"instock","12":"shipping-taxable","13":"purchasable","14":"product-type-simple","15":"swiper-slide"},"acf":[],"_links":{"self":[{"href":"https:\/\/www.sellersunionagent.com\/pt\/wp-json\/wp\/v2\/product\/6116","targetHints":{"allow":["GET"]}}],"collection":[{"href":"https:\/\/www.sellersunionagent.com\/pt\/wp-json\/wp\/v2\/product"}],"about":[{"href":"https:\/\/www.sellersunionagent.com\/pt\/wp-json\/wp\/v2\/types\/product"}],"replies":[{"embeddable":true,"href":"https:\/\/www.sellersunionagent.com\/pt\/wp-json\/wp\/v2\/comments?post=6116"}],"wp:featuredmedia":[{"embeddable":true,"href":"https:\/\/www.sellersunionagent.com\/pt\/wp-json\/wp\/v2\/media\/6110"}],"wp:attachment":[{"href":"https:\/\/www.sellersunionagent.com\/pt\/wp-json\/wp\/v2\/media?parent=6116"}],"wp:term":[{"taxonomy":"product_brand","embeddable":true,"href":"https:\/\/www.sellersunionagent.com\/pt\/wp-json\/wp\/v2\/product_brand?post=6116"},{"taxonomy":"product_cat","embeddable":true,"href":"https:\/\/www.sellersunionagent.com\/pt\/wp-json\/wp\/v2\/product_cat?post=6116"},{"taxonomy":"product_tag","embeddable":true,"href":"https:\/\/www.sellersunionagent.com\/pt\/wp-json\/wp\/v2\/product_tag?post=6116"}],"curies":[{"name":"wp","href":"https:\/\/api.w.org\/{rel}","templated":true}]}}