{"id":6086,"date":"2022-05-28T14:20:46","date_gmt":"2022-05-28T06:20:46","guid":{"rendered":"https:\/\/sellersunionagent.com\/?post_type=product&#038;p=6086"},"modified":"2022-06-25T14:08:07","modified_gmt":"2022-06-25T06:08:07","slug":"sacola-de-jantar-moderna-no-atacado-para-manter-seus-alimentos-frescos","status":"publish","type":"product","link":"https:\/\/www.sellersunionagent.com\/pt\/wholesale-fashionable-dinner-bag-for-keeping-your-food-fresh\/","title":{"rendered":"Sacola de lanche elegante no atacado para manter seus alimentos frescos"},"content":{"rendered":"<h2>Sacola de lanche elegante no atacado para manter seus alimentos frescos<\/h2>\n<p>Materiais dur\u00e1veis: Esse item foi aprimorado para usar algod\u00e3o grosso e material de linho com um forro sem costura para melhorar a estanqueidade. Ele pode manter os alimentos frios, quentes e frescos por muito tempo, \u00e9 \u00e0 prova d'\u00e1gua e resistente ao desgaste.<\/p>\n<p>&nbsp;<\/p>\n<p>Apelativo <span class=\"skip\"><a data-keyword=\"appearance\">apar\u00eancia: Este <\/a><\/span>A lancheira da moda no atacado tem cores elegantes, voc\u00ea pode escolher laranja vibrante, azul constante ou preto e branco cl\u00e1ssico. \u00c9 claro que tamb\u00e9m aceitamos impress\u00e3o personalizada, conforme seu desejo.<\/p>\n<p>&nbsp;<\/p>\n<p>Uso multifuncional: <span class=\"skip\"><a data-keyword=\"appearance\">Isso<\/a><\/span> O item pode conter lancheiras, frutas e bebidas ao mesmo tempo, permitindo que voc\u00ea desfrute de alimentos quentes e bebidas frias no escrit\u00f3rio, na escola, em piqueniques, viagens e acampamentos. Dois tamanhos para voc\u00ea escolher, f\u00e1cil de transportar e ideal para sair.<\/p>\n<p>&nbsp;<\/p>\n<p><img fetchpriority=\"high\" decoding=\"async\" class=\"aligncenter wp-image-6098\" src=\"https:\/\/www.sellersunionagent.com\/wp-content\/uploads\/2022\/05\/fashionable-lunch-bag-1.jpg\" alt=\"Bolsa de almo\u00e7o da moda da Whosale\" width=\"600\" height=\"600\" \/> <img decoding=\"async\" class=\"aligncenter wp-image-6102\" src=\"https:\/\/www.sellersunionagent.com\/wp-content\/uploads\/2022\/05\/fashionable-lunch-bag-3.jpg\" alt=\"Bolsa de almo\u00e7o da moda da Whosale\" width=\"600\" height=\"600\" \/><\/p>\n<p>&nbsp;<\/p>\n<p><img decoding=\"async\" class=\"aligncenter wp-image-6103\" src=\"https:\/\/www.sellersunionagent.com\/wp-content\/uploads\/2022\/05\/fashionable-lunch-bag-4.jpg\" alt=\"Bolsa de almo\u00e7o da moda da Whosale\" width=\"600\" height=\"600\" \/><img loading=\"lazy\" decoding=\"async\" class=\"aligncenter wp-image-6104\" src=\"https:\/\/www.sellersunionagent.com\/wp-content\/uploads\/2022\/05\/fashionable-lunch-bag-5.jpg\" alt=\"Bolsa de almo\u00e7o da moda da Whosale\" width=\"600\" height=\"600\" \/><\/p>\n<p><img loading=\"lazy\" decoding=\"async\" class=\"aligncenter wp-image-6099\" src=\"https:\/\/www.sellersunionagent.com\/wp-content\/uploads\/2022\/05\/fashionable-lunch-bag-2.jpg\" alt=\"Bolsa de almo\u00e7o da moda da Whosale\" width=\"600\" height=\"600\" \/><\/p>","protected":false},"excerpt":{"rendered":"<p><strong>Tipo<\/strong>: Lancheira da moda no atacado<\/p>\n<p><strong>Tamanho do item<\/strong>: 24*24*16cm\/28*30*19cm<\/p>\n<p><strong>Peso do item<\/strong>: 100g\/130g<br \/>\n<strong>Capacidade de fornecimento<\/strong>: 50000 pe\u00e7as\/pe\u00e7as por m\u00eas<br \/>\n<strong>MOQ<\/strong>: 100pcs<\/p>\n<p>Como fornecedor com mais de 20 anos de experi\u00eancia, temos o compromisso de fornecer produtos de armazenamento de alta qualidade a pre\u00e7os competitivos. Exportamos produtos da moda, de alta qualidade e bom pre\u00e7o, oferecemos suporte \u00e0 personaliza\u00e7\u00e3o OEM e ODM e fornecemos a voc\u00ea um servi\u00e7o profissional completo.<\/p>\n<p>&nbsp;<\/p>\n<p>&nbsp;<\/p>","protected":false},"featured_media":6105,"comment_status":"open","ping_status":"closed","template":"","meta":{"_acf_changed":false},"product_brand":[],"product_cat":[28],"product_tag":[43,42,41],"class_list":{"0":"post-6086","1":"product","2":"type-product","3":"status-publish","4":"has-post-thumbnail","6":"product_cat-lunch-bag","7":"product_tag-fashion","8":"product_tag-high-quality","9":"product_tag-lunch-bag","11":"first","12":"instock","13":"shipping-taxable","14":"product-type-simple","15":"swiper-slide"},"acf":[],"_links":{"self":[{"href":"https:\/\/www.sellersunionagent.com\/pt\/wp-json\/wp\/v2\/product\/6086","targetHints":{"allow":["GET"]}}],"collection":[{"href":"https:\/\/www.sellersunionagent.com\/pt\/wp-json\/wp\/v2\/product"}],"about":[{"href":"https:\/\/www.sellersunionagent.com\/pt\/wp-json\/wp\/v2\/types\/product"}],"replies":[{"embeddable":true,"href":"https:\/\/www.sellersunionagent.com\/pt\/wp-json\/wp\/v2\/comments?post=6086"}],"wp:featuredmedia":[{"embeddable":true,"href":"https:\/\/www.sellersunionagent.com\/pt\/wp-json\/wp\/v2\/media\/6105"}],"wp:attachment":[{"href":"https:\/\/www.sellersunionagent.com\/pt\/wp-json\/wp\/v2\/media?parent=6086"}],"wp:term":[{"taxonomy":"product_brand","embeddable":true,"href":"https:\/\/www.sellersunionagent.com\/pt\/wp-json\/wp\/v2\/product_brand?post=6086"},{"taxonomy":"product_cat","embeddable":true,"href":"https:\/\/www.sellersunionagent.com\/pt\/wp-json\/wp\/v2\/product_cat?post=6086"},{"taxonomy":"product_tag","embeddable":true,"href":"https:\/\/www.sellersunionagent.com\/pt\/wp-json\/wp\/v2\/product_tag?post=6086"}],"curies":[{"name":"wp","href":"https:\/\/api.w.org\/{rel}","templated":true}]}}