{"id":23548,"date":"2025-07-01T17:04:52","date_gmt":"2025-07-01T09:04:52","guid":{"rendered":"https:\/\/sellersunionagent.com\/?post_type=product&#038;p=23548"},"modified":"2025-11-27T18:29:55","modified_gmt":"2025-11-27T10:29:55","slug":"boneco-de-papai-noel-decoracao-de-natal-enfeites-da-china","status":"publish","type":"product","link":"https:\/\/www.sellersunionagent.com\/pt\/santa-claus-doll-christmas-decoration-ornaments-from-china\/","title":{"rendered":"Boneco de Papai Noel Decora\u00e7\u00e3o de Natal Ornamentos da China"},"content":{"rendered":"<h1>Boneco de Papai Noel Decora\u00e7\u00e3o de Natal Ornamentos da China<\/h1>\n<div class=\"elementor-element elementor-element-42815df elementor-widget elementor-widget-heading\" data-id=\"42815df\" data-element_type=\"widget\" data-widget_type=\"heading.default\">\n<h3 class=\"elementor-widget-container\"><strong>Tipo<\/strong>: Decora\u00e7\u00e3o<\/h3>\n<\/div>\n<div class=\"elementor-element elementor-element-c17fac7 elementor-widget elementor-widget-woocommerce-product-short-description\" data-id=\"c17fac7\" data-element_type=\"widget\" data-widget_type=\"woocommerce-product-short-description.default\">\n<div class=\"elementor-widget-container\">\n<h3 class=\"woocommerce-product-details__short-description\"><strong>N\u00famero do item:<\/strong> JT-3<\/h3>\n<h3 class=\"woocommerce-product-details__short-description\"><strong>Cores<\/strong>: conforme mostrado na imagem<\/h3>\n<h3 class=\"woocommerce-product-details__short-description\"><strong>Material:<\/strong> Cer\u00e2mica<\/h3>\n<ul>\n<li>\n<h4>Festivo e divertido<\/h4>\n<\/li>\n<li>\n<h4>\u00a0Espumante<\/h4>\n<\/li>\n<li>\n<h4>Dur\u00e1vel e vibrante<\/h4>\n<\/li>\n<li>\n<h4>De forma divertida<\/h4>\n<p><img fetchpriority=\"high\" decoding=\"async\" class=\"aligncenter wp-image-23550\" title=\"\u4f01\u4e1a\u5fae\u4fe1\u622a\u56fe 20250701165922 2025070109021897\" src=\"https:\/\/www.sellersunionagent.com\/wp-content\/uploads\/2025\/07\/\u4f01\u4e1a\u5fae\u4fe1\u622a\u56fe_20250701165922-2025070109021897.webp\" alt=\"Boneco de Papai Noel Decora\u00e7\u00e3o de Natal Ornamentos da China\" width=\"500\" height=\"504\" \/><\/p>\n<p><img decoding=\"async\" class=\"aligncenter wp-image-23551\" title=\"\u4f01\u4e1a\u5fae\u4fe1\u622a\u56fe 20250701165931 2025070109023372\" src=\"https:\/\/www.sellersunionagent.com\/wp-content\/uploads\/2025\/07\/\u4f01\u4e1a\u5fae\u4fe1\u622a\u56fe_20250701165931-2025070109023372.webp\" alt=\"Boneco de Papai Noel Decora\u00e7\u00e3o de Natal Ornamentos da China\" width=\"500\" height=\"501\" \/><\/p>\n<p><img decoding=\"async\" class=\"aligncenter wp-image-23552\" title=\"\u4f01\u4e1a\u5fae\u4fe1\u622a\u56fe 20250701165956 2025070109024332\" src=\"https:\/\/www.sellersunionagent.com\/wp-content\/uploads\/2025\/07\/\u4f01\u4e1a\u5fae\u4fe1\u622a\u56fe_20250701165956-2025070109024332.webp\" alt=\"Boneco de Papai Noel Decora\u00e7\u00e3o de Natal Ornamentos da China\" width=\"500\" height=\"508\" \/><\/li>\n<\/ul>\n<\/div>\n<\/div>","protected":false},"excerpt":{"rendered":"<p><strong>MOQ<\/strong>:  1000 pe\u00e7as<br \/>\n<strong>Amostra gr\u00e1tis<\/strong>:  Com suporte<br \/>\n<strong>Personaliza\u00e7\u00e3o<\/strong>: logotipo \/ cor \/ materiais \/ embalagem etc.<br \/>\n<strong>Desconto<\/strong>:  Primeiros pedidos a partir de 10% de desconto.<br \/>\n<strong>Taxa de entrega no prazo<\/strong>:\u00a0 100%<br \/>\n<strong>Total de remessas<\/strong>:  10000 pe\u00e7as<br \/>\n<strong>Remessa<\/strong>: Suporte expresso - frete mar\u00edtimo - frete terrestre<\/p>","protected":false},"featured_media":23549,"comment_status":"open","ping_status":"closed","template":"","meta":{"_acf_changed":false},"product_brand":[],"product_cat":[235,321],"product_tag":[49,42,70],"class_list":{"0":"post-23548","1":"product","2":"type-product","3":"status-publish","4":"has-post-thumbnail","6":"product_cat-christmas-decoration","7":"product_cat-christmas-figurines","8":"product_tag-good-quality","9":"product_tag-high-quality","10":"product_tag-home-storage","12":"first","13":"instock","14":"shipping-taxable","15":"product-type-simple","16":"swiper-slide"},"acf":[],"_links":{"self":[{"href":"https:\/\/www.sellersunionagent.com\/pt\/wp-json\/wp\/v2\/product\/23548","targetHints":{"allow":["GET"]}}],"collection":[{"href":"https:\/\/www.sellersunionagent.com\/pt\/wp-json\/wp\/v2\/product"}],"about":[{"href":"https:\/\/www.sellersunionagent.com\/pt\/wp-json\/wp\/v2\/types\/product"}],"replies":[{"embeddable":true,"href":"https:\/\/www.sellersunionagent.com\/pt\/wp-json\/wp\/v2\/comments?post=23548"}],"wp:featuredmedia":[{"embeddable":true,"href":"https:\/\/www.sellersunionagent.com\/pt\/wp-json\/wp\/v2\/media\/23549"}],"wp:attachment":[{"href":"https:\/\/www.sellersunionagent.com\/pt\/wp-json\/wp\/v2\/media?parent=23548"}],"wp:term":[{"taxonomy":"product_brand","embeddable":true,"href":"https:\/\/www.sellersunionagent.com\/pt\/wp-json\/wp\/v2\/product_brand?post=23548"},{"taxonomy":"product_cat","embeddable":true,"href":"https:\/\/www.sellersunionagent.com\/pt\/wp-json\/wp\/v2\/product_cat?post=23548"},{"taxonomy":"product_tag","embeddable":true,"href":"https:\/\/www.sellersunionagent.com\/pt\/wp-json\/wp\/v2\/product_tag?post=23548"}],"curies":[{"name":"wp","href":"https:\/\/api.w.org\/{rel}","templated":true}]}}