{"id":23462,"date":"2025-06-20T17:12:45","date_gmt":"2025-06-20T09:12:45","guid":{"rendered":"https:\/\/sellersunionagent.com\/?post_type=product&#038;p=23462"},"modified":"2025-11-27T18:24:46","modified_gmt":"2025-11-27T10:24:46","slug":"decoracao-de-natal-com-galhos-secos-simulados","status":"publish","type":"product","link":"https:\/\/www.sellersunionagent.com\/pt\/christmas-simulated-dry-branches-decoration\/","title":{"rendered":"Decora\u00e7\u00e3o de Natal com galhos secos simulados"},"content":{"rendered":"<h1>Decora\u00e7\u00e3o de Natal com galhos secos simulados<\/h1>\n<div class=\"elementor-element elementor-element-42815df elementor-widget elementor-widget-heading\" data-id=\"42815df\" data-element_type=\"widget\" data-widget_type=\"heading.default\">\n<h3 class=\"elementor-widget-container\"><strong>Tipo<\/strong>: Decora\u00e7\u00e3o<\/h3>\n<\/div>\n<div class=\"elementor-element elementor-element-c17fac7 elementor-widget elementor-widget-woocommerce-product-short-description\" data-id=\"c17fac7\" data-element_type=\"widget\" data-widget_type=\"woocommerce-product-short-description.default\">\n<div class=\"elementor-widget-container\">\n<h3 class=\"woocommerce-product-details__short-description\"><strong>N\u00famero do item:<\/strong> cs-11<\/h3>\n<h3 class=\"woocommerce-product-details__short-description\"><strong>Tamanho do item<\/strong>: 13cm<\/h3>\n<h3 class=\"woocommerce-product-details__short-description\"><strong>Cores<\/strong>: conforme mostrado na imagem<\/h3>\n<h3 class=\"woocommerce-product-details__short-description\"><strong>Material: <\/strong>Pl\u00e1stico<\/h3>\n<ul>\n<li>\n<h4>Festivo e divertido<\/h4>\n<\/li>\n<li>\n<h4>Suave e espumante<\/h4>\n<\/li>\n<li>\n<h4>Dur\u00e1vel e vibrante<\/h4>\n<\/li>\n<li>\n<h4>De forma divertida<\/h4>\n<p><img fetchpriority=\"high\" decoding=\"async\" class=\"aligncenter wp-image-23464\" title=\"\u4f01\u4e1a\u5fae\u4fe1\u622a\u56fe 20250620170733 2025062009104045\" src=\"https:\/\/www.sellersunionagent.com\/wp-content\/uploads\/2025\/06\/\u4f01\u4e1a\u5fae\u4fe1\u622a\u56fe_20250620170733-2025062009104045.webp\" alt=\"Decora\u00e7\u00e3o de Natal com galhos secos simulados\" width=\"500\" height=\"502\" \/><\/p>\n<p><img decoding=\"async\" class=\"aligncenter wp-image-23465\" title=\"\u4f01\u4e1a\u5fae\u4fe1\u622a\u56fe 20250620170820 2025062009104333\" src=\"https:\/\/www.sellersunionagent.com\/wp-content\/uploads\/2025\/06\/\u4f01\u4e1a\u5fae\u4fe1\u622a\u56fe_20250620170820-2025062009104333.webp\" alt=\"Decora\u00e7\u00e3o de Natal com galhos secos simulados\" width=\"500\" height=\"503\" \/><\/p>\n<p><img decoding=\"async\" class=\"aligncenter wp-image-23466\" title=\"\u4f01\u4e1a\u5fae\u4fe1\u622a\u56fe 20250620170831 2025062009104667\" src=\"https:\/\/www.sellersunionagent.com\/wp-content\/uploads\/2025\/06\/\u4f01\u4e1a\u5fae\u4fe1\u622a\u56fe_20250620170831-2025062009104667.webp\" alt=\"Decora\u00e7\u00e3o de Natal com galhos secos simulados\" width=\"500\" height=\"493\" \/><\/li>\n<\/ul>\n<\/div>\n<\/div>","protected":false},"excerpt":{"rendered":"<p><strong>MOQ<\/strong>:  1000 pe\u00e7as<br \/>\n<strong>Amostra gr\u00e1tis<\/strong>:  Com suporte<br \/>\n<strong>Personaliza\u00e7\u00e3o<\/strong>: logotipo \/ cor \/ materiais \/ embalagem etc.<br \/>\n<strong>Desconto<\/strong>:  Primeiros pedidos a partir de 10% de desconto.<br \/>\n<strong>Taxa de entrega no prazo<\/strong>:\u00a0 100%<br \/>\n<strong>Total de remessas<\/strong>:  10000 pe\u00e7as<br \/>\n<strong>Remessa<\/strong>: Suporte expresso - frete mar\u00edtimo - frete terrestre<\/p>","protected":false},"featured_media":23463,"comment_status":"open","ping_status":"closed","template":"","meta":{"_acf_changed":false},"product_brand":[],"product_cat":[235,320],"product_tag":[87,49,42,73],"class_list":{"0":"post-23462","1":"product","2":"type-product","3":"status-publish","4":"has-post-thumbnail","6":"product_cat-christmas-decoration","7":"product_cat-christmas-wreaths","8":"product_tag-bulk-wholesale","9":"product_tag-good-quality","10":"product_tag-high-quality","11":"product_tag-home-storagewholesaledurable","13":"first","14":"instock","15":"shipping-taxable","16":"product-type-simple","17":"swiper-slide"},"acf":[],"_links":{"self":[{"href":"https:\/\/www.sellersunionagent.com\/pt\/wp-json\/wp\/v2\/product\/23462","targetHints":{"allow":["GET"]}}],"collection":[{"href":"https:\/\/www.sellersunionagent.com\/pt\/wp-json\/wp\/v2\/product"}],"about":[{"href":"https:\/\/www.sellersunionagent.com\/pt\/wp-json\/wp\/v2\/types\/product"}],"replies":[{"embeddable":true,"href":"https:\/\/www.sellersunionagent.com\/pt\/wp-json\/wp\/v2\/comments?post=23462"}],"wp:featuredmedia":[{"embeddable":true,"href":"https:\/\/www.sellersunionagent.com\/pt\/wp-json\/wp\/v2\/media\/23463"}],"wp:attachment":[{"href":"https:\/\/www.sellersunionagent.com\/pt\/wp-json\/wp\/v2\/media?parent=23462"}],"wp:term":[{"taxonomy":"product_brand","embeddable":true,"href":"https:\/\/www.sellersunionagent.com\/pt\/wp-json\/wp\/v2\/product_brand?post=23462"},{"taxonomy":"product_cat","embeddable":true,"href":"https:\/\/www.sellersunionagent.com\/pt\/wp-json\/wp\/v2\/product_cat?post=23462"},{"taxonomy":"product_tag","embeddable":true,"href":"https:\/\/www.sellersunionagent.com\/pt\/wp-json\/wp\/v2\/product_tag?post=23462"}],"curies":[{"name":"wp","href":"https:\/\/api.w.org\/{rel}","templated":true}]}}