{"id":23051,"date":"2025-11-18T15:37:44","date_gmt":"2025-11-18T07:37:44","guid":{"rendered":"https:\/\/sellersunionagent.com\/?post_type=product&#038;p=23051"},"modified":"2025-11-27T18:24:46","modified_gmt":"2025-11-27T10:24:46","slug":"decoracao-de-aneis-de-bolas-de-natal","status":"publish","type":"product","link":"https:\/\/www.sellersunionagent.com\/pt\/christmas-ball-ring-decoration\/","title":{"rendered":"Decora\u00e7\u00e3o de Anel de Bola de Natal"},"content":{"rendered":"<h1>Decora\u00e7\u00e3o de Anel de Bola de Natal<\/h1>\n<div class=\"elementor-element elementor-element-42815df elementor-widget elementor-widget-heading\" data-id=\"42815df\" data-element_type=\"widget\" data-widget_type=\"heading.default\">\n<h3 class=\"elementor-widget-container\"><strong>Tipo<\/strong>: Decora\u00e7\u00e3o<\/h3>\n<\/div>\n<div class=\"elementor-element elementor-element-c17fac7 elementor-widget elementor-widget-woocommerce-product-short-description\" data-id=\"c17fac7\" data-element_type=\"widget\" data-widget_type=\"woocommerce-product-short-description.default\">\n<div class=\"elementor-widget-container\">\n<h3 class=\"woocommerce-product-details__short-description\"><strong>N\u00famero do item:<\/strong> SR133<\/h3>\n<h3 class=\"woocommerce-product-details__short-description\"><strong>Tamanho do item<\/strong>:40*40CM<\/h3>\n<h3 class=\"woocommerce-product-details__short-description\"><strong>Cores<\/strong>: Vermelho\/verde<\/h3>\n<h3 class=\"woocommerce-product-details__short-description\"><strong>Material: Pl\u00e1stico<\/strong><\/h3>\n<ul>\n<li>\n<h4>Festivo e divertido<\/h4>\n<\/li>\n<li>\n<h4>Suave e espumante<\/h4>\n<\/li>\n<li>\n<h4>Dur\u00e1vel e vibrante<\/h4>\n<\/li>\n<li>\n<h4>De forma divertida<\/h4>\n<p><img fetchpriority=\"high\" decoding=\"async\" class=\"aligncenter wp-image-23054\" title=\"\u4f01\u4e1a\u5fae\u4fe1\u622a\u56fe 20250527174735 2025052709524428\" src=\"https:\/\/www.sellersunionagent.com\/wp-content\/uploads\/2025\/05\/\u4f01\u4e1a\u5fae\u4fe1\u622a\u56fe_20250527174735-2025052709524428.webp\" alt=\"Decora\u00e7\u00e3o de Anel de Bola de Natal\" width=\"600\" height=\"593\" \/><\/p>\n<p><img decoding=\"async\" class=\"aligncenter wp-image-23056\" title=\"\u4f01\u4e1a\u5fae\u4fe1\u622a\u56fe 20250527174749 2025052709525012\" src=\"https:\/\/www.sellersunionagent.com\/wp-content\/uploads\/2025\/05\/\u4f01\u4e1a\u5fae\u4fe1\u622a\u56fe_20250527174749-2025052709525012.webp\" alt=\"Decora\u00e7\u00e3o de Anel de Bola de Natal\" width=\"600\" height=\"548\" \/><\/p>\n<p><img decoding=\"async\" class=\"aligncenter wp-image-23055\" title=\"\u4f01\u4e1a\u5fae\u4fe1\u622a\u56fe 20250527174743 2025052709524770\" src=\"https:\/\/www.sellersunionagent.com\/wp-content\/uploads\/2025\/05\/\u4f01\u4e1a\u5fae\u4fe1\u622a\u56fe_20250527174743-2025052709524770.webp\" alt=\"Decora\u00e7\u00e3o de Anel de Bola de Natal\" width=\"600\" height=\"577\" \/><\/li>\n<\/ul>\n<\/div>\n<\/div>","protected":false},"excerpt":{"rendered":"<p><strong>MOQ<\/strong>:  1000 pe\u00e7as<br \/>\n<strong>Amostra gr\u00e1tis<\/strong>:  Com suporte<br \/>\n<strong>Personaliza\u00e7\u00e3o<\/strong>: logotipo \/ cor \/ materiais \/ embalagem etc.<br \/>\n<strong>Desconto<\/strong>:  Primeiros pedidos a partir de 10% de desconto.<br \/>\n<strong>Taxa de entrega no prazo<\/strong>:\u00a0 100%<br \/>\n<strong>Total de remessas<\/strong>:  10000 pe\u00e7as<br \/>\n<strong>Remessa<\/strong>: Suporte expresso - frete mar\u00edtimo - frete terrestre<\/p>","protected":false},"featured_media":23054,"comment_status":"open","ping_status":"closed","template":"","meta":{"_acf_changed":false},"product_brand":[],"product_cat":[235,320],"product_tag":[87,43,42,73],"class_list":{"0":"post-23051","1":"product","2":"type-product","3":"status-publish","4":"has-post-thumbnail","6":"product_cat-christmas-decoration","7":"product_cat-christmas-wreaths","8":"product_tag-bulk-wholesale","9":"product_tag-fashion","10":"product_tag-high-quality","11":"product_tag-home-storagewholesaledurable","13":"first","14":"instock","15":"shipping-taxable","16":"product-type-simple","17":"swiper-slide"},"acf":[],"_links":{"self":[{"href":"https:\/\/www.sellersunionagent.com\/pt\/wp-json\/wp\/v2\/product\/23051","targetHints":{"allow":["GET"]}}],"collection":[{"href":"https:\/\/www.sellersunionagent.com\/pt\/wp-json\/wp\/v2\/product"}],"about":[{"href":"https:\/\/www.sellersunionagent.com\/pt\/wp-json\/wp\/v2\/types\/product"}],"replies":[{"embeddable":true,"href":"https:\/\/www.sellersunionagent.com\/pt\/wp-json\/wp\/v2\/comments?post=23051"}],"wp:featuredmedia":[{"embeddable":true,"href":"https:\/\/www.sellersunionagent.com\/pt\/wp-json\/wp\/v2\/media\/23054"}],"wp:attachment":[{"href":"https:\/\/www.sellersunionagent.com\/pt\/wp-json\/wp\/v2\/media?parent=23051"}],"wp:term":[{"taxonomy":"product_brand","embeddable":true,"href":"https:\/\/www.sellersunionagent.com\/pt\/wp-json\/wp\/v2\/product_brand?post=23051"},{"taxonomy":"product_cat","embeddable":true,"href":"https:\/\/www.sellersunionagent.com\/pt\/wp-json\/wp\/v2\/product_cat?post=23051"},{"taxonomy":"product_tag","embeddable":true,"href":"https:\/\/www.sellersunionagent.com\/pt\/wp-json\/wp\/v2\/product_tag?post=23051"}],"curies":[{"name":"wp","href":"https:\/\/api.w.org\/{rel}","templated":true}]}}