{"id":22888,"date":"2025-11-18T15:37:56","date_gmt":"2025-11-18T07:37:56","guid":{"rendered":"https:\/\/sellersunionagent.com\/?post_type=product&#038;p=22888"},"modified":"2025-11-27T18:31:59","modified_gmt":"2025-11-27T10:31:59","slug":"decoracoes-para-arvores-de-natal-cervo-alce-perola-cervo-acessorios-sino-pingentes","status":"publish","type":"product","link":"https:\/\/www.sellersunionagent.com\/pt\/christmas-tree-decorations-deer-elk-pearl-deer-accessories-bell-pendants\/","title":{"rendered":"Decora\u00e7\u00f5es para \u00e1rvores de Natal Cervo Alce P\u00e9rola Cervo Acess\u00f3rios Pingentes de sino"},"content":{"rendered":"<h1>Decora\u00e7\u00f5es para \u00e1rvores de Natal Cervo Alce P\u00e9rola Cervo Acess\u00f3rios Pingentes de sino<\/h1>\n<h3>Tipo: Decora\u00e7\u00e3o<br \/>\nN\u00famero do item: QJ-681013<br \/>\nTamanho do item: 6CM;8CM;10CM;13,5CM<br \/>\nCores: dourado\/azul\/prata\/vermelho\/branco<br \/>\nMaterial: pl\u00e1stico<\/h3>\n<ul>\n<li>\n<h3>Encantadoramente festivo<\/h3>\n<\/li>\n<li>\n<h3>Elegantemente detalhado<\/h3>\n<\/li>\n<li>\n<h3>Espumante caprichoso<\/h3>\n<\/li>\n<li>\n<h3>Encantadoramente cl\u00e1ssico<\/h3>\n<\/li>\n<\/ul>\n<p><img fetchpriority=\"high\" decoding=\"async\" class=\"wp-image-22893\" title=\"Decora\u00e7\u00f5es para \u00e1rvores de Natal Cervo Alce P\u00e9rola Cervo Acess\u00f3rios Pingentes de sino\" src=\"https:\/\/www.sellersunionagent.com\/wp-content\/uploads\/2025\/04\/O1CN014w0aDS2LKHzwGrAfI_2206580899673-0-cib-2025042502431713.webp\" alt=\"Decora\u00e7\u00f5es para \u00e1rvores de Natal Cervo Alce P\u00e9rola Cervo Acess\u00f3rios Pingentes de sino\" width=\"800\" height=\"800\" \/><\/p>","protected":false},"excerpt":{"rendered":"<p><strong>MOQ<\/strong>:  1000 pe\u00e7as<br \/>\n<strong>Amostra gr\u00e1tis<\/strong>:  Com suporte<br \/>\n<strong>Personaliza\u00e7\u00e3o<\/strong>: logotipo \/ cor \/ materiais \/ embalagem etc.<br \/>\n<strong>Desconto<\/strong>:  Primeiros pedidos a partir de 10% de desconto.<br \/>\n<strong>Taxa de entrega no prazo<\/strong>:\u00a0 100%<br \/>\n<strong>Total de remessas<\/strong>:  10000 pe\u00e7as<br \/>\n<strong>Remessa<\/strong>: Suporte expresso - frete mar\u00edtimo - frete terrestre<\/p>","protected":false},"featured_media":22889,"comment_status":"open","ping_status":"closed","template":"","meta":{"_acf_changed":false},"product_brand":[],"product_cat":[235,321],"product_tag":[316],"class_list":{"0":"post-22888","1":"product","2":"type-product","3":"status-publish","4":"has-post-thumbnail","6":"product_cat-christmas-decoration","7":"product_cat-christmas-figurines","8":"product_tag-christmas-tree-decorations-deer-elk-pearl-deer-accessories-bell-pendantschristmas-tree-decorations-deer-elk-pearl-deer-accessories-bell-pendants","10":"first","11":"instock","12":"shipping-taxable","13":"product-type-simple","14":"swiper-slide"},"acf":[],"_links":{"self":[{"href":"https:\/\/www.sellersunionagent.com\/pt\/wp-json\/wp\/v2\/product\/22888","targetHints":{"allow":["GET"]}}],"collection":[{"href":"https:\/\/www.sellersunionagent.com\/pt\/wp-json\/wp\/v2\/product"}],"about":[{"href":"https:\/\/www.sellersunionagent.com\/pt\/wp-json\/wp\/v2\/types\/product"}],"replies":[{"embeddable":true,"href":"https:\/\/www.sellersunionagent.com\/pt\/wp-json\/wp\/v2\/comments?post=22888"}],"wp:featuredmedia":[{"embeddable":true,"href":"https:\/\/www.sellersunionagent.com\/pt\/wp-json\/wp\/v2\/media\/22889"}],"wp:attachment":[{"href":"https:\/\/www.sellersunionagent.com\/pt\/wp-json\/wp\/v2\/media?parent=22888"}],"wp:term":[{"taxonomy":"product_brand","embeddable":true,"href":"https:\/\/www.sellersunionagent.com\/pt\/wp-json\/wp\/v2\/product_brand?post=22888"},{"taxonomy":"product_cat","embeddable":true,"href":"https:\/\/www.sellersunionagent.com\/pt\/wp-json\/wp\/v2\/product_cat?post=22888"},{"taxonomy":"product_tag","embeddable":true,"href":"https:\/\/www.sellersunionagent.com\/pt\/wp-json\/wp\/v2\/product_tag?post=22888"}],"curies":[{"name":"wp","href":"https:\/\/api.w.org\/{rel}","templated":true}]}}