{"id":22887,"date":"2025-04-25T10:29:27","date_gmt":"2025-04-25T02:29:27","guid":{"rendered":"https:\/\/sellersunionagent.com\/?post_type=product&#038;p=22887"},"modified":"2025-11-27T18:35:56","modified_gmt":"2025-11-27T10:35:56","slug":"presente-de-decoracao-de-natal-arvore-de-ferro-galvanizado-luz-noturna-de-cristal-luminosa-de-led","status":"publish","type":"product","link":"https:\/\/www.sellersunionagent.com\/pt\/christmas-decoration-gift-electroplated-iron-tree-led-luminous-crystal-night-light\/","title":{"rendered":"Presente de decora\u00e7\u00e3o de Natal \u00c1rvore de ferro galvanizado Luz noturna de cristal luminoso com LED"},"content":{"rendered":"<h1>Presente de decora\u00e7\u00e3o de Natal \u00c1rvore de ferro galvanizado Luz noturna de cristal luminoso com LED<\/h1>\n<div class=\"elementor-element elementor-element-42815df elementor-widget elementor-widget-heading\" data-id=\"42815df\" data-element_type=\"widget\" data-widget_type=\"heading.default\">\n<div class=\"elementor-widget-container\">\n<h3 class=\"elementor-heading-title elementor-size-default\"><strong>Tipo<\/strong>: Decora\u00e7\u00e3o<\/h3>\n<\/div>\n<\/div>\n<div class=\"elementor-element elementor-element-c17fac7 elementor-widget elementor-widget-woocommerce-product-short-description\" data-id=\"c17fac7\" data-element_type=\"widget\" data-widget_type=\"woocommerce-product-short-description.default\">\n<div class=\"elementor-widget-container\">\n<div class=\"woocommerce-product-details__short-description\">\n<h3><strong>N\u00famero do item:<\/strong> SUM001<\/h3>\n<h3><strong>Tamanho do item<\/strong>: 13*13*33CM;10*10*26CM;7*7*19CM<\/h3>\n<h3><strong>Material: <\/strong>Ferro<\/h3>\n<p>&nbsp;<\/p>\n<\/div>\n<\/div>\n<\/div>\n<ul>\n<li>\n<h3>Elegantemente festivo<\/h3>\n<\/li>\n<li>\n<h3>Impressionantemente radiante<\/h3>\n<\/li>\n<li>\n<h3>Artesanato requintado<\/h3>\n<\/li>\n<li>\n<h3>Magicamente deslumbrante<\/h3>\n<\/li>\n<\/ul>\n<p>&nbsp;<\/p>\n<p><img fetchpriority=\"high\" decoding=\"async\" class=\"size-full wp-image-22886 aligncenter\" title=\"Presente de decora\u00e7\u00e3o de Natal \u00c1rvore de ferro galvanizado Luz noturna de cristal luminoso com LED\" src=\"https:\/\/www.sellersunionagent.com\/wp-content\/uploads\/2024\/05\/EE-2025042502213074.webp\" alt=\"Presente de decora\u00e7\u00e3o de Natal \u00c1rvore de ferro galvanizado Luz noturna de cristal luminoso com LED\" width=\"800\" height=\"800\" \/><\/p>","protected":false},"excerpt":{"rendered":"<p><strong>MOQ<\/strong>:  1000 pe\u00e7as<br \/>\n<strong>Amostra gr\u00e1tis<\/strong>:  Com suporte<br \/>\n<strong>Personaliza\u00e7\u00e3o<\/strong>: logotipo \/ cor \/ materiais \/ embalagem etc.<br \/>\n<strong>Desconto<\/strong>:  Primeiros pedidos a partir de 10% de desconto.<br \/>\n<strong>Taxa de entrega no prazo<\/strong>:\u00a0 100%<br \/>\n<strong>Total de remessas<\/strong>:  10000 pe\u00e7as<br \/>\n<strong>Remessa<\/strong>: Suporte expresso - frete mar\u00edtimo - frete terrestre<\/p>","protected":false},"featured_media":22882,"comment_status":"open","ping_status":"closed","template":"","meta":{"_acf_changed":false},"product_brand":[],"product_cat":[235,319],"product_tag":[315],"class_list":{"0":"post-22887","1":"product","2":"type-product","3":"status-publish","4":"has-post-thumbnail","6":"product_cat-christmas-decoration","7":"product_cat-christmas-lighting","8":"product_tag-christmas-decoration-gift-electroplated-iron-tree-led-luminous-crystal-night-light","10":"first","11":"instock","12":"shipping-taxable","13":"product-type-simple","14":"swiper-slide"},"acf":[],"_links":{"self":[{"href":"https:\/\/www.sellersunionagent.com\/pt\/wp-json\/wp\/v2\/product\/22887","targetHints":{"allow":["GET"]}}],"collection":[{"href":"https:\/\/www.sellersunionagent.com\/pt\/wp-json\/wp\/v2\/product"}],"about":[{"href":"https:\/\/www.sellersunionagent.com\/pt\/wp-json\/wp\/v2\/types\/product"}],"replies":[{"embeddable":true,"href":"https:\/\/www.sellersunionagent.com\/pt\/wp-json\/wp\/v2\/comments?post=22887"}],"wp:featuredmedia":[{"embeddable":true,"href":"https:\/\/www.sellersunionagent.com\/pt\/wp-json\/wp\/v2\/media\/22882"}],"wp:attachment":[{"href":"https:\/\/www.sellersunionagent.com\/pt\/wp-json\/wp\/v2\/media?parent=22887"}],"wp:term":[{"taxonomy":"product_brand","embeddable":true,"href":"https:\/\/www.sellersunionagent.com\/pt\/wp-json\/wp\/v2\/product_brand?post=22887"},{"taxonomy":"product_cat","embeddable":true,"href":"https:\/\/www.sellersunionagent.com\/pt\/wp-json\/wp\/v2\/product_cat?post=22887"},{"taxonomy":"product_tag","embeddable":true,"href":"https:\/\/www.sellersunionagent.com\/pt\/wp-json\/wp\/v2\/product_tag?post=22887"}],"curies":[{"name":"wp","href":"https:\/\/api.w.org\/{rel}","templated":true}]}}