{"id":22835,"date":"2025-04-14T10:07:56","date_gmt":"2025-04-14T02:07:56","guid":{"rendered":"https:\/\/sellersunionagent.com\/?post_type=product&#038;p=22835"},"modified":"2025-11-27T18:29:55","modified_gmt":"2025-11-27T10:29:55","slug":"novas-decoracoes-de-natal-papai-noel-boneco-de-neve-veado-vitrine-artesanato-em-resina","status":"publish","type":"product","link":"https:\/\/www.sellersunionagent.com\/pt\/new-christmas-decorations-santa-claus-snowman-doll-deer-window-display-resin-crafts\/","title":{"rendered":"Novas decora\u00e7\u00f5es de Natal Boneco de neve Papai Noel Veado Vitrine Artesanato de resina"},"content":{"rendered":"<h1>Novas decora\u00e7\u00f5es de Natal Boneco de neve Papai Noel Veado Vitrine Artesanato de resina<\/h1>\n<h3>Tipo: Decora\u00e7\u00e3o<br \/>\nN\u00famero do item: YF075-6<br \/>\nTamanho do item: 3,2*3,2*5,2CM<br \/>\nEmbalagem\uff1aCaixa de papel<br \/>\nMaterial: Resina<\/h3>\n<ul>\n<li>\n<h3>Artesanato em resina de alta qualidade<\/h3>\n<\/li>\n<li>\n<h3>Acess\u00edvel e econ\u00f4mico<\/h3>\n<\/li>\n<li>\n<h3>Designs festivos e elegantes<\/h3>\n<\/li>\n<li>\n<h3>Atendimento ao cliente confi\u00e1vel<\/h3>\n<\/li>\n<\/ul>\n<p>&nbsp;<\/p>\n<p><img fetchpriority=\"high\" decoding=\"async\" class=\"size-full wp-image-22840 aligncenter\" title=\"Novas decora\u00e7\u00f5es de Natal Boneco de neve Papai Noel Veado Vitrine Artesanato de resina\" src=\"https:\/\/www.sellersunionagent.com\/wp-content\/uploads\/2025\/04\/234-2025041402053076.webp\" alt=\"Novas decora\u00e7\u00f5es de Natal Boneco de neve Papai Noel Veado Vitrine Artesanato de resina\" width=\"800\" height=\"800\" \/><\/p>","protected":false},"excerpt":{"rendered":"<p><strong>MOQ<\/strong>:  1000 pe\u00e7as<br \/>\n<strong>Amostra gr\u00e1tis<\/strong>:  Com suporte<br \/>\n<strong>Personaliza\u00e7\u00e3o<\/strong>: logotipo \/ cor \/ materiais \/ embalagem etc.<br \/>\n<strong>Desconto<\/strong>:  Primeiros pedidos a partir de 10% de desconto.<br \/>\n<strong>Taxa de entrega no prazo<\/strong>:\u00a0 100%<br \/>\n<strong>Total de remessas<\/strong>:  10000 pe\u00e7as<br \/>\n<strong>Remessa<\/strong>: Suporte expresso - frete mar\u00edtimo - frete terrestre<\/p>","protected":false},"featured_media":22836,"comment_status":"open","ping_status":"closed","template":"","meta":{"_acf_changed":false},"product_brand":[],"product_cat":[235,321],"product_tag":[312],"class_list":{"0":"post-22835","1":"product","2":"type-product","3":"status-publish","4":"has-post-thumbnail","6":"product_cat-christmas-decoration","7":"product_cat-christmas-figurines","8":"product_tag-new-christmas-decorations-santa-claus-snowman-doll-deer-window-display-resin-crafts","10":"first","11":"instock","12":"shipping-taxable","13":"product-type-simple","14":"swiper-slide"},"acf":[],"_links":{"self":[{"href":"https:\/\/www.sellersunionagent.com\/pt\/wp-json\/wp\/v2\/product\/22835","targetHints":{"allow":["GET"]}}],"collection":[{"href":"https:\/\/www.sellersunionagent.com\/pt\/wp-json\/wp\/v2\/product"}],"about":[{"href":"https:\/\/www.sellersunionagent.com\/pt\/wp-json\/wp\/v2\/types\/product"}],"replies":[{"embeddable":true,"href":"https:\/\/www.sellersunionagent.com\/pt\/wp-json\/wp\/v2\/comments?post=22835"}],"wp:featuredmedia":[{"embeddable":true,"href":"https:\/\/www.sellersunionagent.com\/pt\/wp-json\/wp\/v2\/media\/22836"}],"wp:attachment":[{"href":"https:\/\/www.sellersunionagent.com\/pt\/wp-json\/wp\/v2\/media?parent=22835"}],"wp:term":[{"taxonomy":"product_brand","embeddable":true,"href":"https:\/\/www.sellersunionagent.com\/pt\/wp-json\/wp\/v2\/product_brand?post=22835"},{"taxonomy":"product_cat","embeddable":true,"href":"https:\/\/www.sellersunionagent.com\/pt\/wp-json\/wp\/v2\/product_cat?post=22835"},{"taxonomy":"product_tag","embeddable":true,"href":"https:\/\/www.sellersunionagent.com\/pt\/wp-json\/wp\/v2\/product_tag?post=22835"}],"curies":[{"name":"wp","href":"https:\/\/api.w.org\/{rel}","templated":true}]}}