{"id":22821,"date":"2025-11-18T15:37:58","date_gmt":"2025-11-18T07:37:58","guid":{"rendered":"https:\/\/sellersunionagent.com\/?post_type=product&#038;p=22821"},"modified":"2025-11-27T18:29:54","modified_gmt":"2025-11-27T10:29:54","slug":"enfeites-e-decoracao-do-papai-noel","status":"publish","type":"product","link":"https:\/\/www.sellersunionagent.com\/pt\/santa-claus-ornaments-and-decoration\/","title":{"rendered":"Enfeites e decora\u00e7\u00f5es de Papai Noel"},"content":{"rendered":"<h1>Enfeites e decora\u00e7\u00f5es de Papai Noel<\/h1>\n<h3>Tipo: Ornamentos<br \/>\nN\u00famero do item: FY1812T-3<br \/>\nTamanho do item: 30 cm<br \/>\nEstilos: Papai Noel<br \/>\nMaterial: pl\u00e1stico + tecido<\/h3>\n<ul>\n<li>\n<h4>Magia do Papai Noel<\/h4>\n<\/li>\n<li>\n<h4>Alegria no feriado<\/h4>\n<\/li>\n<li>\n<h4>Alegre e brilhante<\/h4>\n<\/li>\n<li>\n<h4>Decora\u00e7\u00e3o de Natal<\/h4>\n<p>&nbsp;<\/p>\n<p><img fetchpriority=\"high\" decoding=\"async\" class=\"aligncenter wp-image-22826\" title=\"\u4f01\u4e1a\u5fae\u4fe1\u622a\u56fe 20250408102845 2025040802315969\" src=\"https:\/\/www.sellersunionagent.com\/wp-content\/uploads\/2025\/04\/\u4f01\u4e1a\u5fae\u4fe1\u622a\u56fe_20250408102845-2025040802315969.webp\" alt=\"Enfeites e decora\u00e7\u00f5es de Papai Noel\" width=\"600\" height=\"411\" \/><\/p>\n<p><img decoding=\"async\" class=\"aligncenter wp-image-22825\" title=\"\u4f01\u4e1a\u5fae\u4fe1\u622a\u56fe 20250408102833 2025040802315529\" src=\"https:\/\/www.sellersunionagent.com\/wp-content\/uploads\/2025\/04\/\u4f01\u4e1a\u5fae\u4fe1\u622a\u56fe_20250408102833-2025040802315529.webp\" alt=\"Enfeites e decora\u00e7\u00f5es de Papai Noel\" width=\"600\" height=\"600\" \/><\/p>\n<p><img decoding=\"async\" class=\"aligncenter wp-image-22827\" title=\"\u4f01\u4e1a\u5fae\u4fe1\u622a\u56fe 20250408102853 2025040802320372\" src=\"https:\/\/www.sellersunionagent.com\/wp-content\/uploads\/2025\/04\/\u4f01\u4e1a\u5fae\u4fe1\u622a\u56fe_20250408102853-2025040802320372.webp\" alt=\"Enfeites e decora\u00e7\u00f5es de Papai Noel\" width=\"600\" height=\"509\" \/><\/li>\n<\/ul>","protected":false},"excerpt":{"rendered":"<p><strong>MOQ<\/strong>:  1000 pe\u00e7as<br \/>\n<strong>Amostra gr\u00e1tis<\/strong>:  Com suporte<br \/>\n<strong>Personaliza\u00e7\u00e3o<\/strong>: logotipo \/ cor \/ materiais \/ embalagem etc.<br \/>\n<strong>Desconto<\/strong>:  Primeiros pedidos a partir de 10% de desconto.<br \/>\n<strong>Taxa de entrega no prazo<\/strong>:\u00a0 100%<br \/>\n<strong>Total de remessas<\/strong>:  10000 pe\u00e7as<br \/>\n<strong>Remessa<\/strong>: Suporte expresso - frete mar\u00edtimo - frete terrestre<\/p>","protected":false},"featured_media":22822,"comment_status":"open","ping_status":"closed","template":"","meta":{"_acf_changed":false},"product_brand":[],"product_cat":[235,321],"product_tag":[87,43,49],"class_list":{"0":"post-22821","1":"product","2":"type-product","3":"status-publish","4":"has-post-thumbnail","6":"product_cat-christmas-decoration","7":"product_cat-christmas-figurines","8":"product_tag-bulk-wholesale","9":"product_tag-fashion","10":"product_tag-good-quality","12":"first","13":"instock","14":"shipping-taxable","15":"product-type-simple","16":"swiper-slide"},"acf":[],"_links":{"self":[{"href":"https:\/\/www.sellersunionagent.com\/pt\/wp-json\/wp\/v2\/product\/22821","targetHints":{"allow":["GET"]}}],"collection":[{"href":"https:\/\/www.sellersunionagent.com\/pt\/wp-json\/wp\/v2\/product"}],"about":[{"href":"https:\/\/www.sellersunionagent.com\/pt\/wp-json\/wp\/v2\/types\/product"}],"replies":[{"embeddable":true,"href":"https:\/\/www.sellersunionagent.com\/pt\/wp-json\/wp\/v2\/comments?post=22821"}],"wp:featuredmedia":[{"embeddable":true,"href":"https:\/\/www.sellersunionagent.com\/pt\/wp-json\/wp\/v2\/media\/22822"}],"wp:attachment":[{"href":"https:\/\/www.sellersunionagent.com\/pt\/wp-json\/wp\/v2\/media?parent=22821"}],"wp:term":[{"taxonomy":"product_brand","embeddable":true,"href":"https:\/\/www.sellersunionagent.com\/pt\/wp-json\/wp\/v2\/product_brand?post=22821"},{"taxonomy":"product_cat","embeddable":true,"href":"https:\/\/www.sellersunionagent.com\/pt\/wp-json\/wp\/v2\/product_cat?post=22821"},{"taxonomy":"product_tag","embeddable":true,"href":"https:\/\/www.sellersunionagent.com\/pt\/wp-json\/wp\/v2\/product_tag?post=22821"}],"curies":[{"name":"wp","href":"https:\/\/api.w.org\/{rel}","templated":true}]}}