{"id":22759,"date":"2025-11-18T15:38:01","date_gmt":"2025-11-18T07:38:01","guid":{"rendered":"https:\/\/sellersunionagent.com\/?post_type=product&#038;p=22759"},"modified":"2025-11-27T18:24:45","modified_gmt":"2025-11-27T10:24:45","slug":"nova-coroa-de-flores-de-coelho-com-laco-decoracoes-de-natal","status":"publish","type":"product","link":"https:\/\/www.sellersunionagent.com\/pt\/new-bow-rabbit-wreath-christmas-decorations\/","title":{"rendered":"Novas decora\u00e7\u00f5es de Natal com guirlanda de coelho com la\u00e7o"},"content":{"rendered":"<h1>Novas decora\u00e7\u00f5es de Natal com guirlanda de coelho com la\u00e7o<\/h1>\n<h3>Tipo: decora\u00e7\u00e3o<\/h3>\n<h3>N\u00famero do item: srjt-2<\/h3>\n<h3>Tamanho do item: 62 cm<\/h3>\n<h3>Cores: verde\/branco<\/h3>\n<h3>Material: pl\u00e1stico<\/h3>\n<p>&nbsp;<\/p>\n<ul>\n<li>\n<h4>Decora\u00e7\u00e3o festiva<\/h4>\n<\/li>\n<li>\n<h4>Vibe de Natal<\/h4>\n<\/li>\n<li>\n<h4>Adornos para janelas e portas<\/h4>\n<p><img fetchpriority=\"high\" decoding=\"async\" class=\"aligncenter wp-image-22766\" title=\"\u4f01\u4e1a\u5fae\u4fe1\u622a\u56fe 20250325155010 2025032510125242\" src=\"https:\/\/www.sellersunionagent.com\/wp-content\/uploads\/2025\/03\/\u4f01\u4e1a\u5fae\u4fe1\u622a\u56fe_20250325155010-2025032510125242.webp\" alt=\"Novas decora\u00e7\u00f5es de Natal com guirlanda de coelho com la\u00e7o\" width=\"600\" height=\"599\" \/><\/p>\n<p><img decoding=\"async\" class=\"aligncenter wp-image-22762\" title=\"\u4f01\u4e1a\u5fae\u4fe1\u622a\u56fe 20250325154856 2025032510123039\" src=\"https:\/\/www.sellersunionagent.com\/wp-content\/uploads\/2025\/03\/\u4f01\u4e1a\u5fae\u4fe1\u622a\u56fe_20250325154856-2025032510123039.webp\" alt=\"Novas decora\u00e7\u00f5es de Natal com guirlanda de coelho com la\u00e7o\" width=\"600\" height=\"588\" \/><\/p>\n<p><img decoding=\"async\" class=\"aligncenter wp-image-22763\" title=\"\u4f01\u4e1a\u5fae\u4fe1\u622a\u56fe 20250325154915 2025032510123651\" src=\"https:\/\/www.sellersunionagent.com\/wp-content\/uploads\/2025\/03\/\u4f01\u4e1a\u5fae\u4fe1\u622a\u56fe_20250325154915-2025032510123651.webp\" alt=\"Novas decora\u00e7\u00f5es de Natal com guirlanda de coelho com la\u00e7o\" width=\"600\" height=\"601\" \/><\/li>\n<\/ul>","protected":false},"excerpt":{"rendered":"<p><strong>MOQ<\/strong>:  1000 pe\u00e7as<br \/><strong>Amostra gr\u00e1tis<\/strong>:  Com suporte<br \/><strong>Personaliza\u00e7\u00e3o<\/strong>: logotipo \/ cor \/ materiais \/ embalagem etc.<br \/><strong>Desconto<\/strong>:  Primeiros pedidos a partir de 10% de desconto.<br \/><strong>Taxa de entrega no prazo<\/strong>:  100%<br \/><strong>Total de remessas<\/strong>:  10000 pe\u00e7as<br \/><strong>Remessa<\/strong>: Suporte expresso - frete mar\u00edtimo - frete terrestre<\/p>","protected":false},"featured_media":22760,"comment_status":"open","ping_status":"closed","template":"","meta":{"_acf_changed":false},"product_brand":[],"product_cat":[235,320],"product_tag":[87,43,49,42],"class_list":{"0":"post-22759","1":"product","2":"type-product","3":"status-publish","4":"has-post-thumbnail","6":"product_cat-christmas-decoration","7":"product_cat-christmas-wreaths","8":"product_tag-bulk-wholesale","9":"product_tag-fashion","10":"product_tag-good-quality","11":"product_tag-high-quality","13":"first","14":"instock","15":"shipping-taxable","16":"product-type-simple","17":"swiper-slide"},"acf":[],"_links":{"self":[{"href":"https:\/\/www.sellersunionagent.com\/pt\/wp-json\/wp\/v2\/product\/22759","targetHints":{"allow":["GET"]}}],"collection":[{"href":"https:\/\/www.sellersunionagent.com\/pt\/wp-json\/wp\/v2\/product"}],"about":[{"href":"https:\/\/www.sellersunionagent.com\/pt\/wp-json\/wp\/v2\/types\/product"}],"replies":[{"embeddable":true,"href":"https:\/\/www.sellersunionagent.com\/pt\/wp-json\/wp\/v2\/comments?post=22759"}],"wp:featuredmedia":[{"embeddable":true,"href":"https:\/\/www.sellersunionagent.com\/pt\/wp-json\/wp\/v2\/media\/22760"}],"wp:attachment":[{"href":"https:\/\/www.sellersunionagent.com\/pt\/wp-json\/wp\/v2\/media?parent=22759"}],"wp:term":[{"taxonomy":"product_brand","embeddable":true,"href":"https:\/\/www.sellersunionagent.com\/pt\/wp-json\/wp\/v2\/product_brand?post=22759"},{"taxonomy":"product_cat","embeddable":true,"href":"https:\/\/www.sellersunionagent.com\/pt\/wp-json\/wp\/v2\/product_cat?post=22759"},{"taxonomy":"product_tag","embeddable":true,"href":"https:\/\/www.sellersunionagent.com\/pt\/wp-json\/wp\/v2\/product_tag?post=22759"}],"curies":[{"name":"wp","href":"https:\/\/api.w.org\/{rel}","templated":true}]}}