{"id":22752,"date":"2025-11-18T15:38:02","date_gmt":"2025-11-18T07:38:02","guid":{"rendered":"https:\/\/sellersunionagent.com\/?post_type=product&#038;p=22752"},"modified":"2025-11-27T18:24:45","modified_gmt":"2025-11-27T10:24:45","slug":"christmas-flower-wreath-door-hanging-christmas-decoration","status":"publish","type":"product","link":"https:\/\/www.sellersunionagent.com\/pt\/christmas-flower-wreath-door-hanging-christmas-decoration\/","title":{"rendered":"Guirlanda de flores de Natal Decora\u00e7\u00e3o de Natal para pendurar na porta"},"content":{"rendered":"<h1>Guirlanda de flores de Natal Decora\u00e7\u00e3o de Natal para pendurar na porta<\/h1>\n<h3>Tipo: decora\u00e7\u00e3o<\/h3>\n<h3>N\u00famero do item: srjt-1<\/h3>\n<h3>Item Size: 40*40cm<\/h3>\n<h3>Colors: red\/golden\/bow<\/h3>\n<h3>Material: pl\u00e1stico<\/h3>\n<p>&nbsp;<\/p>\n<ul>\n<li>\n<h4>Decora\u00e7\u00e3o festiva<\/h4>\n<\/li>\n<li>\n<h4>Vibe de Natal<\/h4>\n<\/li>\n<li>\n<h4>Adornos para janelas e portas<\/h4>\n<p><img fetchpriority=\"high\" decoding=\"async\" class=\"aligncenter wp-image-22754\" title=\"\u4f01\u4e1a\u5fae\u4fe1\u622a\u56fe 20250325135759 2025032507341540\" src=\"https:\/\/www.sellersunionagent.com\/wp-content\/uploads\/2025\/03\/\u4f01\u4e1a\u5fae\u4fe1\u622a\u56fe_20250325135759-2025032507341540.webp\" alt=\"Guirlanda de flores de Natal Decora\u00e7\u00e3o de Natal para pendurar na porta\" width=\"600\" height=\"600\" \/><\/p>\n<p><img decoding=\"async\" class=\"aligncenter wp-image-22756\" title=\"\u4f01\u4e1a\u5fae\u4fe1\u622a\u56fe 20250325135824 2025032507342972\" src=\"https:\/\/www.sellersunionagent.com\/wp-content\/uploads\/2025\/03\/\u4f01\u4e1a\u5fae\u4fe1\u622a\u56fe_20250325135824-2025032507342972.webp\" alt=\"Guirlanda de flores de Natal Decora\u00e7\u00e3o de Natal para pendurar na porta\" width=\"600\" height=\"600\" \/><\/p>\n<p><img decoding=\"async\" class=\"aligncenter wp-image-22757\" title=\"\u4f01\u4e1a\u5fae\u4fe1\u622a\u56fe 20250325135831 2025032507343463\" src=\"https:\/\/www.sellersunionagent.com\/wp-content\/uploads\/2025\/03\/\u4f01\u4e1a\u5fae\u4fe1\u622a\u56fe_20250325135831-2025032507343463.webp\" alt=\"Guirlanda de flores de Natal Decora\u00e7\u00e3o de Natal para pendurar na porta\" width=\"600\" height=\"578\" \/><\/p>\n<p><img loading=\"lazy\" decoding=\"async\" class=\"aligncenter wp-image-22758\" title=\"\u4f01\u4e1a\u5fae\u4fe1\u622a\u56fe 20250325135838 2025032507344585\" src=\"https:\/\/www.sellersunionagent.com\/wp-content\/uploads\/2025\/03\/\u4f01\u4e1a\u5fae\u4fe1\u622a\u56fe_20250325135838-2025032507344585.webp\" alt=\"Guirlanda de flores de Natal Decora\u00e7\u00e3o de Natal para pendurar na porta\" width=\"600\" height=\"594\" \/><\/li>\n<\/ul>","protected":false},"excerpt":{"rendered":"<p><strong>MOQ<\/strong>:  1000 pe\u00e7as<br \/>\n<strong>Amostra gr\u00e1tis<\/strong>:  Com suporte<br \/>\n<strong>Personaliza\u00e7\u00e3o<\/strong>: logotipo \/ cor \/ materiais \/ embalagem etc.<br \/>\n<strong>Desconto<\/strong>:  Primeiros pedidos a partir de 10% de desconto.<br \/>\n<strong>Taxa de entrega no prazo<\/strong>:\u00a0 100%<br \/>\n<strong>Total de remessas<\/strong>:  10000 pe\u00e7as<br \/>\n<strong>Remessa<\/strong>: Suporte expresso - frete mar\u00edtimo - frete terrestre<\/p>","protected":false},"featured_media":22755,"comment_status":"open","ping_status":"closed","template":"","meta":{"_acf_changed":false},"product_brand":[],"product_cat":[235,320],"product_tag":[87,43,49,50],"class_list":{"0":"post-22752","1":"product","2":"type-product","3":"status-publish","4":"has-post-thumbnail","6":"product_cat-christmas-decoration","7":"product_cat-christmas-wreaths","8":"product_tag-bulk-wholesale","9":"product_tag-fashion","10":"product_tag-good-quality","11":"product_tag-wholesale","13":"first","14":"instock","15":"shipping-taxable","16":"product-type-simple","17":"swiper-slide"},"acf":[],"_links":{"self":[{"href":"https:\/\/www.sellersunionagent.com\/pt\/wp-json\/wp\/v2\/product\/22752","targetHints":{"allow":["GET"]}}],"collection":[{"href":"https:\/\/www.sellersunionagent.com\/pt\/wp-json\/wp\/v2\/product"}],"about":[{"href":"https:\/\/www.sellersunionagent.com\/pt\/wp-json\/wp\/v2\/types\/product"}],"replies":[{"embeddable":true,"href":"https:\/\/www.sellersunionagent.com\/pt\/wp-json\/wp\/v2\/comments?post=22752"}],"wp:featuredmedia":[{"embeddable":true,"href":"https:\/\/www.sellersunionagent.com\/pt\/wp-json\/wp\/v2\/media\/22755"}],"wp:attachment":[{"href":"https:\/\/www.sellersunionagent.com\/pt\/wp-json\/wp\/v2\/media?parent=22752"}],"wp:term":[{"taxonomy":"product_brand","embeddable":true,"href":"https:\/\/www.sellersunionagent.com\/pt\/wp-json\/wp\/v2\/product_brand?post=22752"},{"taxonomy":"product_cat","embeddable":true,"href":"https:\/\/www.sellersunionagent.com\/pt\/wp-json\/wp\/v2\/product_cat?post=22752"},{"taxonomy":"product_tag","embeddable":true,"href":"https:\/\/www.sellersunionagent.com\/pt\/wp-json\/wp\/v2\/product_tag?post=22752"}],"curies":[{"name":"wp","href":"https:\/\/api.w.org\/{rel}","templated":true}]}}