{"id":22718,"date":"2025-03-19T10:07:17","date_gmt":"2025-03-19T02:07:17","guid":{"rendered":"https:\/\/sellersunionagent.com\/?post_type=product&#038;p=22718"},"modified":"2025-11-28T10:29:12","modified_gmt":"2025-11-28T02:29:12","slug":"copo-de-ceramica-criativo-de-natal-com-tampa-copo-de-agua-para-casal-domestico-de-alto-valor-caixa-de-presente","status":"publish","type":"product","link":"https:\/\/www.sellersunionagent.com\/pt\/creative-christmas-ceramic-cup-with-lid-high-value-household-couple-water-cup-gift-box\/","title":{"rendered":"Copo de cer\u00e2mica criativo de Natal com tampa, copo de \u00e1gua para casal de alto valor para presente"},"content":{"rendered":"<h1>Copo de cer\u00e2mica criativo de Natal com tampa, copo de \u00e1gua para casal de alto valor para presente<\/h1>\n<h3>Tipo: Copo<br \/>\nN\u00famero do item: 2402<br \/>\nTamanho do item: 9,4*8,6cm\uff1b400ml<br \/>\nCores: vermelho\/verde<br \/>\nMaterial: cer\u00e2mica<\/h3>\n<p>&nbsp;<\/p>\n<ul>\n<li>\n<h3>Qualidade imbat\u00edvel para f\u00e9rias memor\u00e1veis<\/h3>\n<\/li>\n<li>\n<h3>Luxo acess\u00edvel para sua mesa festiva<\/h3>\n<\/li>\n<li>\n<h3>Comemore com estilo sem gastar muito<\/h3>\n<\/li>\n<li>\n<h3>A magia das f\u00e9rias encontra um valor excepcional<\/h3>\n<\/li>\n<\/ul>\n<p>&nbsp;<\/p>\n<p>&nbsp;<\/p>\n<p><img fetchpriority=\"high\" decoding=\"async\" class=\"wp-image-22723 aligncenter\" title=\"Copo de cer\u00e2mica criativo de Natal com tampa, copo de \u00e1gua para casal de alto valor para presente\" src=\"https:\/\/www.sellersunionagent.com\/wp-content\/uploads\/2025\/03\/O1CN01ehLHLx1MW1itzdwuf_2207841601441-0-cib-2025031902012487.webp\" alt=\"Copo de cer\u00e2mica criativo de Natal com tampa, copo de \u00e1gua para casal de alto valor para presente\" width=\"600\" height=\"600\" \/><\/p>","protected":false},"excerpt":{"rendered":"<p><strong>MOQ<\/strong>:  1000 pe\u00e7as<br \/>\n<strong>Amostra gr\u00e1tis<\/strong>:  Com suporte<br \/>\n<strong>Personaliza\u00e7\u00e3o<\/strong>: logotipo \/ cor \/ materiais \/ embalagem etc.<br \/>\n<strong>Desconto<\/strong>:  Primeiros pedidos a partir de 10% de desconto.<br \/>\n<strong>Taxa de entrega no prazo<\/strong>:\u00a0 100%<br \/>\n<strong>Total de remessas<\/strong>:  10000 pe\u00e7as<br \/>\n<strong>Remessa<\/strong>: Suporte expresso - frete mar\u00edtimo - frete terrestre<\/p>","protected":false},"featured_media":22719,"comment_status":"open","ping_status":"closed","template":"","meta":{"_acf_changed":false},"product_brand":[],"product_cat":[235,322],"product_tag":[306,307],"class_list":{"0":"post-22718","1":"product","2":"type-product","3":"status-publish","4":"has-post-thumbnail","6":"product_cat-christmas-decoration","7":"product_cat-christmas-gift","8":"product_tag-creative-christmas-ceramic-cup-with-lid","9":"product_tag-high-value-household-couple-water-cup-gift-box","11":"first","12":"instock","13":"shipping-taxable","14":"product-type-simple","15":"swiper-slide"},"acf":[],"_links":{"self":[{"href":"https:\/\/www.sellersunionagent.com\/pt\/wp-json\/wp\/v2\/product\/22718","targetHints":{"allow":["GET"]}}],"collection":[{"href":"https:\/\/www.sellersunionagent.com\/pt\/wp-json\/wp\/v2\/product"}],"about":[{"href":"https:\/\/www.sellersunionagent.com\/pt\/wp-json\/wp\/v2\/types\/product"}],"replies":[{"embeddable":true,"href":"https:\/\/www.sellersunionagent.com\/pt\/wp-json\/wp\/v2\/comments?post=22718"}],"wp:featuredmedia":[{"embeddable":true,"href":"https:\/\/www.sellersunionagent.com\/pt\/wp-json\/wp\/v2\/media\/22719"}],"wp:attachment":[{"href":"https:\/\/www.sellersunionagent.com\/pt\/wp-json\/wp\/v2\/media?parent=22718"}],"wp:term":[{"taxonomy":"product_brand","embeddable":true,"href":"https:\/\/www.sellersunionagent.com\/pt\/wp-json\/wp\/v2\/product_brand?post=22718"},{"taxonomy":"product_cat","embeddable":true,"href":"https:\/\/www.sellersunionagent.com\/pt\/wp-json\/wp\/v2\/product_cat?post=22718"},{"taxonomy":"product_tag","embeddable":true,"href":"https:\/\/www.sellersunionagent.com\/pt\/wp-json\/wp\/v2\/product_tag?post=22718"}],"curies":[{"name":"wp","href":"https:\/\/api.w.org\/{rel}","templated":true}]}}