{"id":22706,"date":"2025-03-19T09:51:11","date_gmt":"2025-03-19T01:51:11","guid":{"rendered":"https:\/\/sellersunionagent.com\/?post_type=product&#038;p=22706"},"modified":"2025-11-28T10:29:12","modified_gmt":"2025-11-28T02:29:12","slug":"cross-border-creative-inverted-hand-painted-ceramic-santa-claus-water-cup","status":"publish","type":"product","link":"https:\/\/www.sellersunionagent.com\/pt\/cross-border-creative-inverted-hand-painted-ceramic-santa-claus-water-cup\/","title":{"rendered":"Copo de \u00e1gua de Papai Noel em cer\u00e2mica pintado \u00e0 m\u00e3o e criativo com bordas cruzadas"},"content":{"rendered":"<h1>Copo de \u00e1gua de Papai Noel em cer\u00e2mica pintado \u00e0 m\u00e3o e criativo com bordas cruzadas<\/h1>\n<h3>Tipo: Copo<br \/>\nN\u00famero do item: QH5113<br \/>\nTamanho do item: 18*18*15CM;301-400ML<br \/>\nCores: vermelho\/marrom etc.<br \/>\nMaterial: cer\u00e2mica<\/h3>\n<p>&nbsp;<\/p>\n<ul>\n<li>\n<h3>Qualidade imbat\u00edvel para f\u00e9rias memor\u00e1veis<\/h3>\n<\/li>\n<li>\n<h3>Luxo acess\u00edvel para sua mesa festiva<\/h3>\n<\/li>\n<li>\n<h3>Comemore com estilo sem gastar muito<\/h3>\n<\/li>\n<li>\n<h3>A magia das f\u00e9rias encontra um valor excepcional<\/h3>\n<\/li>\n<\/ul>\n<p>&nbsp;<\/p>\n<p><img fetchpriority=\"high\" decoding=\"async\" class=\"wp-image-22717 aligncenter\" title=\"Copo de \u00e1gua de Papai Noel em cer\u00e2mica pintado \u00e0 m\u00e3o e criativo com bordas cruzadas\" src=\"https:\/\/www.sellersunionagent.com\/wp-content\/uploads\/2025\/03\/O1CN01s7jgrY1SCgievq4qR_954932211-0-cib-2025031901485396.webp\" alt=\"Copo de \u00e1gua de Papai Noel em cer\u00e2mica pintado \u00e0 m\u00e3o e criativo com bordas cruzadas \" width=\"600\" height=\"600\" \/><\/p>","protected":false},"excerpt":{"rendered":"<p><strong>MOQ<\/strong>:  1000 pe\u00e7as<br \/>\n<strong>Amostra gr\u00e1tis<\/strong>:  Com suporte<br \/>\n<strong>Personaliza\u00e7\u00e3o<\/strong>: logotipo \/ cor \/ materiais \/ embalagem etc.<br \/>\n<strong>Desconto<\/strong>:  Primeiros pedidos a partir de 10% de desconto.<br \/>\n<strong>Taxa de entrega no prazo<\/strong>:\u00a0 100%<br \/>\n<strong>Total de remessas<\/strong>:  10000 pe\u00e7as<br \/>\n<strong>Remessa<\/strong>: Suporte expresso - frete mar\u00edtimo - frete terrestre<\/p>","protected":false},"featured_media":22713,"comment_status":"open","ping_status":"closed","template":"","meta":{"_acf_changed":false},"product_brand":[],"product_cat":[235,322],"product_tag":[305],"class_list":{"0":"post-22706","1":"product","2":"type-product","3":"status-publish","4":"has-post-thumbnail","6":"product_cat-christmas-decoration","7":"product_cat-christmas-gift","8":"product_tag-cross-border-creative-inverted-hand-painted-ceramic-santa-claus-water-cup","10":"first","11":"instock","12":"shipping-taxable","13":"product-type-simple","14":"swiper-slide"},"acf":[],"_links":{"self":[{"href":"https:\/\/www.sellersunionagent.com\/pt\/wp-json\/wp\/v2\/product\/22706","targetHints":{"allow":["GET"]}}],"collection":[{"href":"https:\/\/www.sellersunionagent.com\/pt\/wp-json\/wp\/v2\/product"}],"about":[{"href":"https:\/\/www.sellersunionagent.com\/pt\/wp-json\/wp\/v2\/types\/product"}],"replies":[{"embeddable":true,"href":"https:\/\/www.sellersunionagent.com\/pt\/wp-json\/wp\/v2\/comments?post=22706"}],"wp:featuredmedia":[{"embeddable":true,"href":"https:\/\/www.sellersunionagent.com\/pt\/wp-json\/wp\/v2\/media\/22713"}],"wp:attachment":[{"href":"https:\/\/www.sellersunionagent.com\/pt\/wp-json\/wp\/v2\/media?parent=22706"}],"wp:term":[{"taxonomy":"product_brand","embeddable":true,"href":"https:\/\/www.sellersunionagent.com\/pt\/wp-json\/wp\/v2\/product_brand?post=22706"},{"taxonomy":"product_cat","embeddable":true,"href":"https:\/\/www.sellersunionagent.com\/pt\/wp-json\/wp\/v2\/product_cat?post=22706"},{"taxonomy":"product_tag","embeddable":true,"href":"https:\/\/www.sellersunionagent.com\/pt\/wp-json\/wp\/v2\/product_tag?post=22706"}],"curies":[{"name":"wp","href":"https:\/\/api.w.org\/{rel}","templated":true}]}}