{"id":22538,"date":"2025-02-17T13:55:14","date_gmt":"2025-02-17T05:55:14","guid":{"rendered":"https:\/\/sellersunionagent.com\/?post_type=product&#038;p=22538"},"modified":"2025-11-28T10:15:08","modified_gmt":"2025-11-28T02:15:08","slug":"vela-de-natal-com-aroma-de-gengibre-fragrancia-de-presente","status":"publish","type":"product","link":"https:\/\/www.sellersunionagent.com\/pt\/gingerbread-man-christmas-scented-candle-gift-fragrance\/","title":{"rendered":"Gingerbread Man Christmas Scented Candle Gift Fragrance (vela perfumada de Natal com aroma de gengibre)"},"content":{"rendered":"<h1>Gingerbread Man Christmas Scented Candle Gift Fragrance (vela perfumada de Natal com aroma de gengibre)<\/h1>\n<h3>Tipo: Vela perfumada<br \/>\nN\u00famero do item: XZ145<br \/>\nTamanho do item:6,2*2,1*7,3CM<br \/>\nCores: marrom<br \/>\nMaterial: Cera de parafina totalmente refinada 80% e cera de soja 20%<\/h3>\n<p>&nbsp;<\/p>\n<ul>\n<li>\n<h4>Vela de soja festiva pintada \u00e0 m\u00e3o<\/h4>\n<\/li>\n<li>\n<h4>Alta qualidade<\/h4>\n<\/li>\n<li>\n<h4>Decora\u00e7\u00e3o de inverno com boneco de neve ador\u00e1vel<\/h4>\n<\/li>\n<li>\n<h4>Delicadamente feito<\/h4>\n<\/li>\n<li>\n<h4>Saud\u00e1vel e inofensivo<\/h4>\n<\/li>\n<\/ul>\n<p>&nbsp;<\/p>\n<p>&nbsp;<\/p>\n<p><img fetchpriority=\"high\" decoding=\"async\" class=\"wp-image-22544 aligncenter\" title=\"Gingerbread Man Christmas Scented Candle Gift Fragrance (vela perfumada de Natal com aroma de gengibre)\" src=\"https:\/\/www.sellersunionagent.com\/wp-content\/uploads\/2025\/02\/e-2025021705540379.webp\" alt=\"Gingerbread Man Christmas Scented Candle Gift Fragrance (vela perfumada de Natal com aroma de gengibre)\" width=\"600\" height=\"599\" \/><\/p>\n<p>&nbsp;<\/p>","protected":false},"excerpt":{"rendered":"<p><strong>MOQ<\/strong>:  1000 pe\u00e7as<br \/>\n<strong>Amostra gr\u00e1tis<\/strong>:  Com suporte<br \/>\n<strong>Personaliza\u00e7\u00e3o<\/strong>: logotipo \/ cor \/ materiais \/ embalagem etc.<br \/>\n<strong>Desconto<\/strong>:  Primeiros pedidos a partir de 10% de desconto.<br \/>\n<strong>Taxa de entrega no prazo<\/strong>:\u00a0 100%<br \/>\n<strong>Total de remessas<\/strong>:  10000 pe\u00e7as<br \/>\n<strong>Remessa<\/strong>: Suporte expresso - frete mar\u00edtimo - frete terrestre<\/p>","protected":false},"featured_media":22540,"comment_status":"open","ping_status":"closed","template":"","meta":{"_acf_changed":false},"product_brand":[],"product_cat":[235,322],"product_tag":[298],"class_list":{"0":"post-22538","1":"product","2":"type-product","3":"status-publish","4":"has-post-thumbnail","6":"product_cat-christmas-decoration","7":"product_cat-christmas-gift","8":"product_tag-gingerbread-man-christmas-scented-candle-gift-fragrance","10":"first","11":"instock","12":"shipping-taxable","13":"product-type-simple","14":"swiper-slide"},"acf":[],"_links":{"self":[{"href":"https:\/\/www.sellersunionagent.com\/pt\/wp-json\/wp\/v2\/product\/22538","targetHints":{"allow":["GET"]}}],"collection":[{"href":"https:\/\/www.sellersunionagent.com\/pt\/wp-json\/wp\/v2\/product"}],"about":[{"href":"https:\/\/www.sellersunionagent.com\/pt\/wp-json\/wp\/v2\/types\/product"}],"replies":[{"embeddable":true,"href":"https:\/\/www.sellersunionagent.com\/pt\/wp-json\/wp\/v2\/comments?post=22538"}],"wp:featuredmedia":[{"embeddable":true,"href":"https:\/\/www.sellersunionagent.com\/pt\/wp-json\/wp\/v2\/media\/22540"}],"wp:attachment":[{"href":"https:\/\/www.sellersunionagent.com\/pt\/wp-json\/wp\/v2\/media?parent=22538"}],"wp:term":[{"taxonomy":"product_brand","embeddable":true,"href":"https:\/\/www.sellersunionagent.com\/pt\/wp-json\/wp\/v2\/product_brand?post=22538"},{"taxonomy":"product_cat","embeddable":true,"href":"https:\/\/www.sellersunionagent.com\/pt\/wp-json\/wp\/v2\/product_cat?post=22538"},{"taxonomy":"product_tag","embeddable":true,"href":"https:\/\/www.sellersunionagent.com\/pt\/wp-json\/wp\/v2\/product_tag?post=22538"}],"curies":[{"name":"wp","href":"https:\/\/api.w.org\/{rel}","templated":true}]}}