{"id":22508,"date":"2025-02-12T16:42:58","date_gmt":"2025-02-12T08:42:58","guid":{"rendered":"https:\/\/sellersunionagent.com\/?post_type=product&#038;p=22508"},"modified":"2025-11-27T18:40:52","modified_gmt":"2025-11-27T10:40:52","slug":"arco-de-natal-fantastico-arco-de-natal-decoracao-de-arvore-de-natal-pingente-presente","status":"publish","type":"product","link":"https:\/\/www.sellersunionagent.com\/pt\/christmas-bow-fantastic-bow-christmas-tree-decoration-pendant-gift\/","title":{"rendered":"Arco de Natal Fantastic Bow Decora\u00e7\u00e3o de \u00c1rvore de Natal Pingente Presente"},"content":{"rendered":"<h3>Tipo: decora\u00e7\u00e3o<\/h3>\n<h3>N\u00famero do item: srjt-3<\/h3>\n<h3>Tamanho do item: 17*20CM<\/h3>\n<h3>Cores: dourado, vermelho, prata, branco, vermelho claro<\/h3>\n<h3>Material: tecido<\/h3>\n<p>&nbsp;<\/p>\n<ul>\n<li>\n<h4>\u00a0Charme festivo<\/h4>\n<\/li>\n<li>\n<h4>\u00a0Cores vivas<\/h4>\n<\/li>\n<li>\n<h4>\u00a0Alta qualidade<\/h4>\n<\/li>\n<li>\n<h4>\u00a0F\u00e1cil de usar<\/h4>\n<p><img fetchpriority=\"high\" decoding=\"async\" class=\"aligncenter wp-image-22509\" title=\"Arco de Natal Fantastic Bow Decora\u00e7\u00e3o de \u00c1rvore de Natal Pingente Presente\" src=\"https:\/\/www.sellersunionagent.com\/wp-content\/uploads\/2025\/02\/\u4f01\u4e1a\u5fae\u4fe1\u622a\u56fe_20250212163526-2025021208401526.webp\" alt=\"Arco de Natal Fantastic Bow Decora\u00e7\u00e3o de \u00c1rvore de Natal Pingente Presente \" width=\"600\" height=\"522\" \/><\/p>\n<p><img decoding=\"async\" class=\"aligncenter wp-image-22510\" title=\"\u4f01\u4e1a\u5fae\u4fe1\u622a\u56fe 20250212163536 2025021208401997\" src=\"https:\/\/www.sellersunionagent.com\/wp-content\/uploads\/2025\/02\/\u4f01\u4e1a\u5fae\u4fe1\u622a\u56fe_20250212163536-2025021208401997.webp\" alt=\"Arco de Natal Fantastic Bow Decora\u00e7\u00e3o de \u00c1rvore de Natal Pingente Presente \" width=\"600\" height=\"517\" \/><\/p>\n<p><img decoding=\"async\" class=\"aligncenter wp-image-22511\" title=\"\u4f01\u4e1a\u5fae\u4fe1\u622a\u56fe 20250212163549 2025021208402355\" src=\"https:\/\/www.sellersunionagent.com\/wp-content\/uploads\/2025\/02\/\u4f01\u4e1a\u5fae\u4fe1\u622a\u56fe_20250212163549-2025021208402355.webp\" alt=\"Arco de Natal Fantastic Bow Decora\u00e7\u00e3o de \u00c1rvore de Natal Pingente Presente \" width=\"600\" height=\"531\" \/><\/p>\n<p><img loading=\"lazy\" decoding=\"async\" class=\"aligncenter wp-image-22512\" title=\"\u4f01\u4e1a\u5fae\u4fe1\u622a\u56fe 20250212163559 2025021208402790\" src=\"https:\/\/www.sellersunionagent.com\/wp-content\/uploads\/2025\/02\/\u4f01\u4e1a\u5fae\u4fe1\u622a\u56fe_20250212163559-2025021208402790.webp\" alt=\"Arco de Natal Fantastic Bow Decora\u00e7\u00e3o de \u00c1rvore de Natal Pingente Presente \" width=\"600\" height=\"522\" \/><\/li>\n<\/ul>","protected":false},"excerpt":{"rendered":"<p><strong>MOQ<\/strong>:  1000 pe\u00e7as<br \/>\n<strong>Amostra gr\u00e1tis<\/strong>:  Com suporte<br \/>\n<strong>Personaliza\u00e7\u00e3o<\/strong>: logotipo \/ cor \/ materiais \/ embalagem etc.<br \/>\n<strong>Desconto<\/strong>:  Primeiros pedidos a partir de 10% de desconto.<br \/>\n<strong>Taxa de entrega no prazo<\/strong>:\u00a0 100%<br \/>\n<strong>Total de remessas<\/strong>:  10000 pe\u00e7as<br \/>\n<strong>Remessa<\/strong>: Suporte expresso - frete mar\u00edtimo - frete terrestre<\/p>","protected":false},"featured_media":22509,"comment_status":"open","ping_status":"closed","template":"","meta":{"_acf_changed":false},"product_brand":[],"product_cat":[235,318],"product_tag":[87,43,49,42,99],"class_list":{"0":"post-22508","1":"product","2":"type-product","3":"status-publish","4":"has-post-thumbnail","6":"product_cat-christmas-decoration","7":"product_cat-christmas-tree-ornaments","8":"product_tag-bulk-wholesale","9":"product_tag-fashion","10":"product_tag-good-quality","11":"product_tag-high-quality","12":"product_tag-wholesale-maker-from-china","14":"first","15":"instock","16":"shipping-taxable","17":"product-type-simple","18":"swiper-slide"},"acf":[],"_links":{"self":[{"href":"https:\/\/www.sellersunionagent.com\/pt\/wp-json\/wp\/v2\/product\/22508","targetHints":{"allow":["GET"]}}],"collection":[{"href":"https:\/\/www.sellersunionagent.com\/pt\/wp-json\/wp\/v2\/product"}],"about":[{"href":"https:\/\/www.sellersunionagent.com\/pt\/wp-json\/wp\/v2\/types\/product"}],"replies":[{"embeddable":true,"href":"https:\/\/www.sellersunionagent.com\/pt\/wp-json\/wp\/v2\/comments?post=22508"}],"wp:featuredmedia":[{"embeddable":true,"href":"https:\/\/www.sellersunionagent.com\/pt\/wp-json\/wp\/v2\/media\/22509"}],"wp:attachment":[{"href":"https:\/\/www.sellersunionagent.com\/pt\/wp-json\/wp\/v2\/media?parent=22508"}],"wp:term":[{"taxonomy":"product_brand","embeddable":true,"href":"https:\/\/www.sellersunionagent.com\/pt\/wp-json\/wp\/v2\/product_brand?post=22508"},{"taxonomy":"product_cat","embeddable":true,"href":"https:\/\/www.sellersunionagent.com\/pt\/wp-json\/wp\/v2\/product_cat?post=22508"},{"taxonomy":"product_tag","embeddable":true,"href":"https:\/\/www.sellersunionagent.com\/pt\/wp-json\/wp\/v2\/product_tag?post=22508"}],"curies":[{"name":"wp","href":"https:\/\/api.w.org\/{rel}","templated":true}]}}