{"id":22455,"date":"2025-02-07T15:27:25","date_gmt":"2025-02-07T07:27:25","guid":{"rendered":"https:\/\/sellersunionagent.com\/?post_type=product&#038;p=22455"},"modified":"2025-11-27T18:24:46","modified_gmt":"2025-11-27T10:24:46","slug":"grinalda-de-malha-de-abelha-pendurada-em-aderecos-de-cena-de-pascoa","status":"publish","type":"product","link":"https:\/\/www.sellersunionagent.com\/pt\/bee-mesh-wreath-hanging-easter-scene-props\/","title":{"rendered":"Bee Mesh Wreath Hanging Easter Scene Props (Adere\u00e7os para cenas de P\u00e1scoa com guirlanda de malha de abelhas)"},"content":{"rendered":"<h1>Bee Mesh Wreath Hanging Easter Scene Props (Adere\u00e7os para cenas de P\u00e1scoa com guirlanda de malha de abelhas)<\/h1>\n<h3>Tipo: decora\u00e7\u00e3o<\/h3>\n<h3>N\u00famero do item: srjt-3<\/h3>\n<h3>Tamanho do item: 36*36<\/h3>\n<h3>Cores: amarelo<\/h3>\n<h3>Material: Pl\u00e1stico\/Tecido de feltro<\/h3>\n<p>&nbsp;<\/p>\n<ul>\n<li>\n<h4>Decora\u00e7\u00e3o festiva<\/h4>\n<\/li>\n<li>\n<h4>Dia de P\u00e1scoa<\/h4>\n<\/li>\n<li>\n<h4>Design de abelhas fofas<\/h4>\n<\/li>\n<li>\n<h4>Adornos para janelas e portas<\/h4>\n<p><img fetchpriority=\"high\" decoding=\"async\" class=\"aligncenter wp-image-22463\" title=\"\u4f01\u4e1a\u5fae\u4fe1\u622a\u56fe 20250207151757 2025020707220953\" src=\"https:\/\/www.sellersunionagent.com\/wp-content\/uploads\/2025\/02\/\u4f01\u4e1a\u5fae\u4fe1\u622a\u56fe_20250207151757-2025020707220953.webp\" alt=\"Bee Mesh Wreath Hanging Easter Scene Props (Adere\u00e7os para cenas de P\u00e1scoa com guirlanda de malha de abelhas)\" width=\"600\" height=\"605\" \/><\/p>\n<p><img decoding=\"async\" class=\"aligncenter wp-image-22462\" title=\"\u4f01\u4e1a\u5fae\u4fe1\u622a\u56fe 20250207151717 2025020707220575\" src=\"https:\/\/www.sellersunionagent.com\/wp-content\/uploads\/2025\/02\/\u4f01\u4e1a\u5fae\u4fe1\u622a\u56fe_20250207151717-2025020707220575.webp\" alt=\"Bee Mesh Wreath Hanging Easter Scene Props (Adere\u00e7os para cenas de P\u00e1scoa com guirlanda de malha de abelhas)\" width=\"600\" height=\"574\" \/><\/p>\n<p><img decoding=\"async\" class=\"aligncenter wp-image-22461\" title=\"\u4f01\u4e1a\u5fae\u4fe1\u622a\u56fe 20250207151704 2025020707220250\" src=\"https:\/\/www.sellersunionagent.com\/wp-content\/uploads\/2025\/02\/\u4f01\u4e1a\u5fae\u4fe1\u622a\u56fe_20250207151704-2025020707220250.webp\" alt=\"Bee Mesh Wreath Hanging Easter Scene Props (Adere\u00e7os para cenas de P\u00e1scoa com guirlanda de malha de abelhas)\" width=\"600\" height=\"589\" \/><\/li>\n<\/ul>","protected":false},"excerpt":{"rendered":"<p><strong>MOQ<\/strong>:  1000 pe\u00e7as<br \/>\n<strong>Amostra gr\u00e1tis<\/strong>:  Com suporte<br \/>\n<strong>Personaliza\u00e7\u00e3o<\/strong>: logotipo \/ cor \/ materiais \/ embalagem etc.<br \/>\n<strong>Desconto<\/strong>:  Primeiros pedidos a partir de 10% de desconto.<br \/>\n<strong>Taxa de entrega no prazo<\/strong>:\u00a0 100%<br \/>\n<strong>Total de remessas<\/strong>:  10000 pe\u00e7as<br \/>\n<strong>Remessa<\/strong>: Suporte expresso - frete mar\u00edtimo - frete terrestre<\/p>","protected":false},"featured_media":22457,"comment_status":"open","ping_status":"closed","template":"","meta":{"_acf_changed":false},"product_brand":[],"product_cat":[235,320],"product_tag":[43,49,42,50,99],"class_list":{"0":"post-22455","1":"product","2":"type-product","3":"status-publish","4":"has-post-thumbnail","6":"product_cat-christmas-decoration","7":"product_cat-christmas-wreaths","8":"product_tag-fashion","9":"product_tag-good-quality","10":"product_tag-high-quality","11":"product_tag-wholesale","12":"product_tag-wholesale-maker-from-china","14":"first","15":"instock","16":"shipping-taxable","17":"product-type-simple","18":"swiper-slide"},"acf":[],"_links":{"self":[{"href":"https:\/\/www.sellersunionagent.com\/pt\/wp-json\/wp\/v2\/product\/22455","targetHints":{"allow":["GET"]}}],"collection":[{"href":"https:\/\/www.sellersunionagent.com\/pt\/wp-json\/wp\/v2\/product"}],"about":[{"href":"https:\/\/www.sellersunionagent.com\/pt\/wp-json\/wp\/v2\/types\/product"}],"replies":[{"embeddable":true,"href":"https:\/\/www.sellersunionagent.com\/pt\/wp-json\/wp\/v2\/comments?post=22455"}],"wp:featuredmedia":[{"embeddable":true,"href":"https:\/\/www.sellersunionagent.com\/pt\/wp-json\/wp\/v2\/media\/22457"}],"wp:attachment":[{"href":"https:\/\/www.sellersunionagent.com\/pt\/wp-json\/wp\/v2\/media?parent=22455"}],"wp:term":[{"taxonomy":"product_brand","embeddable":true,"href":"https:\/\/www.sellersunionagent.com\/pt\/wp-json\/wp\/v2\/product_brand?post=22455"},{"taxonomy":"product_cat","embeddable":true,"href":"https:\/\/www.sellersunionagent.com\/pt\/wp-json\/wp\/v2\/product_cat?post=22455"},{"taxonomy":"product_tag","embeddable":true,"href":"https:\/\/www.sellersunionagent.com\/pt\/wp-json\/wp\/v2\/product_tag?post=22455"}],"curies":[{"name":"wp","href":"https:\/\/api.w.org\/{rel}","templated":true}]}}