{"id":22445,"date":"2025-02-07T15:13:48","date_gmt":"2025-02-07T07:13:48","guid":{"rendered":"https:\/\/sellersunionagent.com\/?post_type=product&#038;p=22445"},"modified":"2025-11-27T18:24:46","modified_gmt":"2025-11-27T10:24:46","slug":"pink-pig-cute-decorative-garland-holiday-decoration-props","status":"publish","type":"product","link":"https:\/\/www.sellersunionagent.com\/pt\/pink-pig-cute-decorative-garland-holiday-decoration-props\/","title":{"rendered":"Pink Pig Cute Decorative Garland Holiday Decoration Props (Adere\u00e7os para decora\u00e7\u00e3o de festas)"},"content":{"rendered":"<h1>Pink Pig Cute Decorative Garland Holiday Decoration Props (Adere\u00e7os para decora\u00e7\u00e3o de festas)<\/h1>\n<h3>Tipo: decora\u00e7\u00e3o<\/h3>\n<h3>N\u00famero do item: srjt-2<\/h3>\n<h3>Item Size: 38*38<\/h3>\n<h3>Colors: pink<\/h3>\n<h3>Material: Pl\u00e1stico\/Tecido de feltro<\/h3>\n<p>&nbsp;<\/p>\n<ul>\n<li>\n<h4>\u00a0Decora\u00e7\u00e3o festiva<\/h4>\n<\/li>\n<li>\n<h4>Independence Day<\/h4>\n<\/li>\n<li>\n<h4>Cute Pig Design<\/h4>\n<\/li>\n<li>\n<h4>Adornos para janelas e portas<\/h4>\n<p><img fetchpriority=\"high\" decoding=\"async\" class=\"aligncenter wp-image-22451\" title=\"\u4f01\u4e1a\u5fae\u4fe1\u622a\u56fe 20250207143959 2025020707105727\" src=\"https:\/\/www.sellersunionagent.com\/wp-content\/uploads\/2025\/02\/\u4f01\u4e1a\u5fae\u4fe1\u622a\u56fe_20250207143959-2025020707105727.webp\" alt=\"Pink Pig Cute Decorative Garland Holiday Decoration Props (Adere\u00e7os para decora\u00e7\u00e3o de festas)\" width=\"600\" height=\"494\" \/><\/p>\n<p><img decoding=\"async\" class=\"aligncenter wp-image-22453\" title=\"\u4f01\u4e1a\u5fae\u4fe1\u622a\u56fe 20250207144022 2025020707110419\" src=\"https:\/\/www.sellersunionagent.com\/wp-content\/uploads\/2025\/02\/\u4f01\u4e1a\u5fae\u4fe1\u622a\u56fe_20250207144022-2025020707110419.webp\" alt=\"Pink Pig Cute Decorative Garland Holiday Decoration Props (Adere\u00e7os para decora\u00e7\u00e3o de festas)\" width=\"600\" height=\"556\" \/><\/p>\n<p><img decoding=\"async\" class=\"aligncenter wp-image-22452\" title=\"\u4f01\u4e1a\u5fae\u4fe1\u622a\u56fe 20250207144013 2025020707110142\" src=\"https:\/\/www.sellersunionagent.com\/wp-content\/uploads\/2025\/02\/\u4f01\u4e1a\u5fae\u4fe1\u622a\u56fe_20250207144013-2025020707110142.webp\" alt=\"Pink Pig Cute Decorative Garland Holiday Decoration Props (Adere\u00e7os para decora\u00e7\u00e3o de festas)\" width=\"600\" height=\"597\" \/><\/li>\n<\/ul>","protected":false},"excerpt":{"rendered":"<p><strong>MOQ<\/strong>:  1000 pe\u00e7as<br \/>\n<strong>Amostra gr\u00e1tis<\/strong>:  Com suporte<br \/>\n<strong>Personaliza\u00e7\u00e3o<\/strong>: logotipo \/ cor \/ materiais \/ embalagem etc.<br \/>\n<strong>Desconto<\/strong>:  Primeiros pedidos a partir de 10% de desconto.<br \/>\n<strong>Taxa de entrega no prazo<\/strong>:\u00a0 100%<br \/>\n<strong>Total de remessas<\/strong>:  10000 pe\u00e7as<br \/>\n<strong>Remessa<\/strong>: Suporte expresso - frete mar\u00edtimo - frete terrestre<\/p>","protected":false},"featured_media":22447,"comment_status":"open","ping_status":"closed","template":"","meta":{"_acf_changed":false},"product_brand":[],"product_cat":[235,320],"product_tag":[87,43,49,42,50,99],"class_list":{"0":"post-22445","1":"product","2":"type-product","3":"status-publish","4":"has-post-thumbnail","6":"product_cat-christmas-decoration","7":"product_cat-christmas-wreaths","8":"product_tag-bulk-wholesale","9":"product_tag-fashion","10":"product_tag-good-quality","11":"product_tag-high-quality","12":"product_tag-wholesale","13":"product_tag-wholesale-maker-from-china","15":"first","16":"instock","17":"shipping-taxable","18":"product-type-simple","19":"swiper-slide"},"acf":[],"_links":{"self":[{"href":"https:\/\/www.sellersunionagent.com\/pt\/wp-json\/wp\/v2\/product\/22445","targetHints":{"allow":["GET"]}}],"collection":[{"href":"https:\/\/www.sellersunionagent.com\/pt\/wp-json\/wp\/v2\/product"}],"about":[{"href":"https:\/\/www.sellersunionagent.com\/pt\/wp-json\/wp\/v2\/types\/product"}],"replies":[{"embeddable":true,"href":"https:\/\/www.sellersunionagent.com\/pt\/wp-json\/wp\/v2\/comments?post=22445"}],"wp:featuredmedia":[{"embeddable":true,"href":"https:\/\/www.sellersunionagent.com\/pt\/wp-json\/wp\/v2\/media\/22447"}],"wp:attachment":[{"href":"https:\/\/www.sellersunionagent.com\/pt\/wp-json\/wp\/v2\/media?parent=22445"}],"wp:term":[{"taxonomy":"product_brand","embeddable":true,"href":"https:\/\/www.sellersunionagent.com\/pt\/wp-json\/wp\/v2\/product_brand?post=22445"},{"taxonomy":"product_cat","embeddable":true,"href":"https:\/\/www.sellersunionagent.com\/pt\/wp-json\/wp\/v2\/product_cat?post=22445"},{"taxonomy":"product_tag","embeddable":true,"href":"https:\/\/www.sellersunionagent.com\/pt\/wp-json\/wp\/v2\/product_tag?post=22445"}],"curies":[{"name":"wp","href":"https:\/\/api.w.org\/{rel}","templated":true}]}}