{"id":22410,"date":"2025-02-07T11:37:19","date_gmt":"2025-02-07T03:37:19","guid":{"rendered":"https:\/\/sellersunionagent.com\/?post_type=product&#038;p=22410"},"modified":"2025-11-27T18:29:55","modified_gmt":"2025-11-27T10:29:55","slug":"treno-lego-compativel-arvore-de-natal-velho-alce-presente-blocos-de-construcao-para-criancas-brinquedo-montado","status":"publish","type":"product","link":"https:\/\/www.sellersunionagent.com\/pt\/compatible-lego-sleigh-christmas-tree-old-man-elk-gift-building-blocks-children-assembled-toy\/","title":{"rendered":"LEGO Sleigh Christmas Tree Old Man Elk Gift Building Blocks compat\u00edvel com brinquedos montados para crian\u00e7as"},"content":{"rendered":"<h1><strong>LEGO Sleigh Christmas Tree Old Man Elk Gift Building Blocks compat\u00edvel com brinquedos montados para crian\u00e7as<\/strong><\/h1>\n<h3>Tipo: Blocos de constru\u00e7\u00e3o<br \/>\nN\u00famero do item: M1128<br \/>\nTamanho do item: 11,2*7,8*4CM<br \/>\nMaterial: pl\u00e1stico<\/h3>\n<ul>\n<li>\n<h4>Acabamento fino<\/h4>\n<\/li>\n<li>\n<h4>Decora\u00e7\u00e3o de Natal<\/h4>\n<\/li>\n<li>\n<h4>Artesanato exclusivo<\/h4>\n<\/li>\n<li>\n<h4>Materiais de alta qualidade<\/h4>\n<\/li>\n<li>\n<h4>Multifuncional<\/h4>\n<\/li>\n<\/ul>\n<p>&nbsp;<\/p>\n<p><img fetchpriority=\"high\" decoding=\"async\" class=\"wp-image-22415 aligncenter\" title=\"LEGO Sleigh Christmas Tree Old Man Elk Gift Building Blocks compat\u00edvel com brinquedos montados para crian\u00e7as\" src=\"https:\/\/www.sellersunionagent.com\/wp-content\/uploads\/2025\/02\/O1CN01rArkKZ1sBw3uBLG4S_2216936295729-0-cib-2025020703303478.webp\" alt=\"LEGO Sleigh Christmas Tree Old Man Elk Gift Building Blocks compat\u00edvel com brinquedos montados para crian\u00e7as\" width=\"600\" height=\"600\" \/><\/p>\n<p><img decoding=\"async\" class=\"wp-image-22416 aligncenter\" title=\"LEGO Sleigh Christmas Tree Old Man Elk Gift Building Blocks compat\u00edvel com brinquedos montados para crian\u00e7as\" src=\"https:\/\/www.sellersunionagent.com\/wp-content\/uploads\/2025\/02\/O1CN01Ay2lzo1sBw4ysO7lk_2216936295729-0-cib-2025020703305779.webp\" alt=\"LEGO Sleigh Christmas Tree Old Man Elk Gift Building Blocks compat\u00edvel com brinquedos montados para crian\u00e7as\" width=\"600\" height=\"600\" \/><\/p>\n<p>&nbsp;<\/p>","protected":false},"excerpt":{"rendered":"<p><strong>MOQ<\/strong>:  1000 pe\u00e7as<br \/>\n<strong>Amostra gr\u00e1tis<\/strong>:  Com suporte<br \/>\n<strong>Personaliza\u00e7\u00e3o<\/strong>: logotipo \/ cor \/ materiais \/ embalagem etc.<br \/>\n<strong>Desconto<\/strong>:  Primeiros pedidos a partir de 10% de desconto.<br \/>\n<strong>Taxa de entrega no prazo<\/strong>:\u00a0 100%<br \/>\n<strong>Total de remessas<\/strong>:  10000 pe\u00e7as<br \/>\n<strong>Remessa<\/strong>: Suporte expresso - frete mar\u00edtimo - frete terrestre<\/p>","protected":false},"featured_media":22411,"comment_status":"open","ping_status":"closed","template":"","meta":{"_acf_changed":false},"product_brand":[],"product_cat":[235,321],"product_tag":[291],"class_list":{"0":"post-22410","1":"product","2":"type-product","3":"status-publish","4":"has-post-thumbnail","6":"product_cat-christmas-decoration","7":"product_cat-christmas-figurines","8":"product_tag-compatible-lego-sleigh-christmas-tree-old-man-elk-gift-building-blocks-children-assembled-toy","10":"first","11":"instock","12":"shipping-taxable","13":"product-type-simple","14":"swiper-slide"},"acf":[],"_links":{"self":[{"href":"https:\/\/www.sellersunionagent.com\/pt\/wp-json\/wp\/v2\/product\/22410","targetHints":{"allow":["GET"]}}],"collection":[{"href":"https:\/\/www.sellersunionagent.com\/pt\/wp-json\/wp\/v2\/product"}],"about":[{"href":"https:\/\/www.sellersunionagent.com\/pt\/wp-json\/wp\/v2\/types\/product"}],"replies":[{"embeddable":true,"href":"https:\/\/www.sellersunionagent.com\/pt\/wp-json\/wp\/v2\/comments?post=22410"}],"wp:featuredmedia":[{"embeddable":true,"href":"https:\/\/www.sellersunionagent.com\/pt\/wp-json\/wp\/v2\/media\/22411"}],"wp:attachment":[{"href":"https:\/\/www.sellersunionagent.com\/pt\/wp-json\/wp\/v2\/media?parent=22410"}],"wp:term":[{"taxonomy":"product_brand","embeddable":true,"href":"https:\/\/www.sellersunionagent.com\/pt\/wp-json\/wp\/v2\/product_brand?post=22410"},{"taxonomy":"product_cat","embeddable":true,"href":"https:\/\/www.sellersunionagent.com\/pt\/wp-json\/wp\/v2\/product_cat?post=22410"},{"taxonomy":"product_tag","embeddable":true,"href":"https:\/\/www.sellersunionagent.com\/pt\/wp-json\/wp\/v2\/product_tag?post=22410"}],"curies":[{"name":"wp","href":"https:\/\/api.w.org\/{rel}","templated":true}]}}