{"id":22403,"date":"2025-02-07T09:33:59","date_gmt":"2025-02-07T01:33:59","guid":{"rendered":"https:\/\/sellersunionagent.com\/?post_type=product&#038;p=22403"},"modified":"2025-11-28T10:16:05","modified_gmt":"2025-11-28T02:16:05","slug":"novo-conjunto-de-garrafas-de-vinho-de-natal-decoracao-de-festas-de-fim-de-ano","status":"publish","type":"product","link":"https:\/\/www.sellersunionagent.com\/pt\/new-christmas-wine-bottle-set-holiday-party-decoration\/","title":{"rendered":"Novo conjunto de garrafas de vinho de Natal para decora\u00e7\u00e3o de festas de fim de ano"},"content":{"rendered":"<h1>Novo conjunto de garrafas de vinho de Natal para decora\u00e7\u00e3o de festas de fim de ano<\/h1>\n<h3>Tipo: Conjunto de garrafas de vinho<br \/>\nN\u00famero do item: TW0415077<br \/>\nTamanho do item: 30*14CM<br \/>\nMaterial: tecido<\/h3>\n<p>&nbsp;<\/p>\n<ul>\n<li>\n<h4>Acabamento fino<\/h4>\n<\/li>\n<li>\n<h4>Decora\u00e7\u00e3o de Natal<\/h4>\n<\/li>\n<li>\n<h4>Artesanato exclusivo<\/h4>\n<\/li>\n<li>\n<h4>Materiais de alta qualidade<\/h4>\n<\/li>\n<\/ul>\n<p>&nbsp;<\/p>\n<p>&nbsp;<\/p>\n<p><img fetchpriority=\"high\" decoding=\"async\" class=\"wp-image-22408 aligncenter\" title=\"Novo conjunto de garrafas de vinho de Natal para decora\u00e7\u00e3o de festas de fim de ano\" src=\"https:\/\/www.sellersunionagent.com\/wp-content\/uploads\/2025\/02\/O1CN01kPcGv11fl7U2Dj5PA_2204158024046-0-cib-2025020701321144.webp\" alt=\"Novo conjunto de garrafas de vinho de Natal para decora\u00e7\u00e3o de festas de fim de ano\" width=\"600\" height=\"600\" \/><\/p>","protected":false},"excerpt":{"rendered":"<p><strong>MOQ<\/strong>:  1000 pe\u00e7as<br \/>\n<strong>Amostra gr\u00e1tis<\/strong>:  Com suporte<br \/>\n<strong>Personaliza\u00e7\u00e3o<\/strong>: logotipo \/ cor \/ materiais \/ embalagem etc.<br \/>\n<strong>Desconto<\/strong>:  Primeiros pedidos a partir de 10% de desconto.<br \/>\n<strong>Taxa de entrega no prazo<\/strong>:\u00a0 100%<br \/>\n<strong>Total de remessas<\/strong>:  10000 pe\u00e7as<br \/>\n<strong>Remessa<\/strong>: Suporte expresso - frete mar\u00edtimo - frete terrestre<\/p>","protected":false},"featured_media":22404,"comment_status":"open","ping_status":"closed","template":"","meta":{"_acf_changed":false},"product_brand":[],"product_cat":[235,322,323],"product_tag":[290],"class_list":{"0":"post-22403","1":"product","2":"type-product","3":"status-publish","4":"has-post-thumbnail","6":"product_cat-christmas-decoration","7":"product_cat-christmas-gift","8":"product_cat-christmas-textiles","9":"product_tag-new-christmas-wine-bottle-set-holiday-party-decoration","11":"first","12":"instock","13":"shipping-taxable","14":"product-type-simple","15":"swiper-slide"},"acf":[],"_links":{"self":[{"href":"https:\/\/www.sellersunionagent.com\/pt\/wp-json\/wp\/v2\/product\/22403","targetHints":{"allow":["GET"]}}],"collection":[{"href":"https:\/\/www.sellersunionagent.com\/pt\/wp-json\/wp\/v2\/product"}],"about":[{"href":"https:\/\/www.sellersunionagent.com\/pt\/wp-json\/wp\/v2\/types\/product"}],"replies":[{"embeddable":true,"href":"https:\/\/www.sellersunionagent.com\/pt\/wp-json\/wp\/v2\/comments?post=22403"}],"wp:featuredmedia":[{"embeddable":true,"href":"https:\/\/www.sellersunionagent.com\/pt\/wp-json\/wp\/v2\/media\/22404"}],"wp:attachment":[{"href":"https:\/\/www.sellersunionagent.com\/pt\/wp-json\/wp\/v2\/media?parent=22403"}],"wp:term":[{"taxonomy":"product_brand","embeddable":true,"href":"https:\/\/www.sellersunionagent.com\/pt\/wp-json\/wp\/v2\/product_brand?post=22403"},{"taxonomy":"product_cat","embeddable":true,"href":"https:\/\/www.sellersunionagent.com\/pt\/wp-json\/wp\/v2\/product_cat?post=22403"},{"taxonomy":"product_tag","embeddable":true,"href":"https:\/\/www.sellersunionagent.com\/pt\/wp-json\/wp\/v2\/product_tag?post=22403"}],"curies":[{"name":"wp","href":"https:\/\/api.w.org\/{rel}","templated":true}]}}