{"id":22395,"date":"2025-02-06T18:21:39","date_gmt":"2025-02-06T10:21:39","guid":{"rendered":"https:\/\/sellersunionagent.com\/?post_type=product&#038;p=22395"},"modified":"2025-11-28T10:16:20","modified_gmt":"2025-11-28T02:16:20","slug":"sacos-de-presente-para-meias-de-natal-com-impressao-de-soldado-de-noz-peca-com-borda-cruzada","status":"publish","type":"product","link":"https:\/\/www.sellersunionagent.com\/pt\/cross-border-pecan-soldier-printing-christmas-stocking-gift-bags\/","title":{"rendered":"Sacos de presente de meia de Natal com impress\u00e3o de soldado de noz-pec\u00e3 com borda cruzada"},"content":{"rendered":"<h1><strong>Sacos de presente de meia de Natal com impress\u00e3o de soldado de noz-pec\u00e3 com borda cruzada<\/strong><\/h1>\n<h3>Tipo: Saco de presente<br \/>\nN\u00famero do item: TW0415294<br \/>\nTamanho do item: 46*27*1CM<br \/>\nCores: azul\/rosa<br \/>\nMaterial: tecido<\/h3>\n<ul>\n<li>\n<h4>Alta qualidade<\/h4>\n<\/li>\n<li>\n<h4>Feito \u00e0 m\u00e3o<\/h4>\n<\/li>\n<li>\n<h4>Multifuncional<\/h4>\n<\/li>\n<li>\n<h4>Atmosfera festiva<\/h4>\n<\/li>\n<\/ul>\n<p>&nbsp;<\/p>\n<p>&nbsp;<\/p>\n<p><img fetchpriority=\"high\" decoding=\"async\" class=\"wp-image-22397 aligncenter\" title=\"Sacos de presente de meia de Natal com impress\u00e3o de soldado de noz-pec\u00e3 com borda cruzada\" src=\"https:\/\/www.sellersunionagent.com\/wp-content\/uploads\/2025\/02\/b-2025020610130381.webp\" alt=\"Sacos de presente de meia de Natal com impress\u00e3o de soldado de noz-pec\u00e3 com borda cruzada\" width=\"600\" height=\"600\" \/><\/p>\n<p><img decoding=\"async\" class=\"aligncenter wp-image-22401\" title=\"Sacos de presente de meia de Natal com impress\u00e3o de soldado de noz-pec\u00e3 com borda cruzada\" src=\"https:\/\/www.sellersunionagent.com\/wp-content\/uploads\/2025\/02\/O1CN01UvlN6C1fl7TGjPAxx_2204158024046-0-cib-2025020610184910.webp\" alt=\"Sacos de presente de meia de Natal com impress\u00e3o de soldado de noz-pec\u00e3 com borda cruzada\" width=\"600\" height=\"600\" \/><img decoding=\"async\" class=\"aligncenter wp-image-22402\" title=\"Sacos de presente de meia de Natal com impress\u00e3o de soldado de noz-pec\u00e3 com borda cruzada\" src=\"https:\/\/www.sellersunionagent.com\/wp-content\/uploads\/2025\/02\/O1CN01vmf4m91fl7TCuD9iS_2204158024046-0-cib-2025020610192734.webp\" alt=\"Sacos de presente de meia de Natal com impress\u00e3o de soldado de noz-pec\u00e3 com borda cruzada\" width=\"600\" height=\"600\" \/><\/p>","protected":false},"excerpt":{"rendered":"<p><strong>MOQ<\/strong>:  1000 pe\u00e7as<br \/>\n<strong>Amostra gr\u00e1tis<\/strong>:  Com suporte<br \/>\n<strong>Personaliza\u00e7\u00e3o<\/strong>: logotipo \/ cor \/ materiais \/ embalagem etc.<br \/>\n<strong>Desconto<\/strong>:  Primeiros pedidos a partir de 10% de desconto.<br \/>\n<strong>Taxa de entrega no prazo<\/strong>:\u00a0 100%<br \/>\n<strong>Total de remessas<\/strong>:  10000 pe\u00e7as<br \/>\n<strong>Remessa<\/strong>: Suporte expresso - frete mar\u00edtimo - frete terrestre<\/p>","protected":false},"featured_media":22396,"comment_status":"open","ping_status":"closed","template":"","meta":{"_acf_changed":false},"product_brand":[],"product_cat":[235,323,318],"product_tag":[289],"class_list":{"0":"post-22395","1":"product","2":"type-product","3":"status-publish","4":"has-post-thumbnail","6":"product_cat-christmas-decoration","7":"product_cat-christmas-textiles","8":"product_cat-christmas-tree-ornaments","9":"product_tag-cross-border-pecan-soldier-printing-christmas-stocking-gift-bags","11":"first","12":"instock","13":"shipping-taxable","14":"product-type-simple","15":"swiper-slide"},"acf":[],"_links":{"self":[{"href":"https:\/\/www.sellersunionagent.com\/pt\/wp-json\/wp\/v2\/product\/22395","targetHints":{"allow":["GET"]}}],"collection":[{"href":"https:\/\/www.sellersunionagent.com\/pt\/wp-json\/wp\/v2\/product"}],"about":[{"href":"https:\/\/www.sellersunionagent.com\/pt\/wp-json\/wp\/v2\/types\/product"}],"replies":[{"embeddable":true,"href":"https:\/\/www.sellersunionagent.com\/pt\/wp-json\/wp\/v2\/comments?post=22395"}],"wp:featuredmedia":[{"embeddable":true,"href":"https:\/\/www.sellersunionagent.com\/pt\/wp-json\/wp\/v2\/media\/22396"}],"wp:attachment":[{"href":"https:\/\/www.sellersunionagent.com\/pt\/wp-json\/wp\/v2\/media?parent=22395"}],"wp:term":[{"taxonomy":"product_brand","embeddable":true,"href":"https:\/\/www.sellersunionagent.com\/pt\/wp-json\/wp\/v2\/product_brand?post=22395"},{"taxonomy":"product_cat","embeddable":true,"href":"https:\/\/www.sellersunionagent.com\/pt\/wp-json\/wp\/v2\/product_cat?post=22395"},{"taxonomy":"product_tag","embeddable":true,"href":"https:\/\/www.sellersunionagent.com\/pt\/wp-json\/wp\/v2\/product_tag?post=22395"}],"curies":[{"name":"wp","href":"https:\/\/api.w.org\/{rel}","templated":true}]}}