{"id":22357,"date":"2025-02-06T15:11:04","date_gmt":"2025-02-06T07:11:04","guid":{"rendered":"https:\/\/sellersunionagent.com\/?post_type=product&#038;p=22357"},"modified":"2025-11-28T10:29:16","modified_gmt":"2025-11-28T02:29:16","slug":"xicara-de-ceramica-de-boneco-de-neve-de-natal-xicara-de-agua-de-ferias-do-papai-noel","status":"publish","type":"product","link":"https:\/\/www.sellersunionagent.com\/pt\/ceramic-christmas-snowman-cup-santa-claus-holiday-water-cup\/","title":{"rendered":"Copo de \u00e1gua de cer\u00e2mica Christmas Snowman Cup Santa Claus Holiday"},"content":{"rendered":"<h1>Copo de \u00e1gua de cer\u00e2mica Christmas Snowman Cup Santa Claus Holiday<\/h1>\n<h3>Tipo: caneca<\/h3>\n<h3>N\u00famero do item: srjt-5<\/h3>\n<h3>Tamanho do item: 380ML<\/h3>\n<h3>Cores: vermelho\/verde<\/h3>\n<h3>Material: cer\u00e2mica<\/h3>\n<h3><\/h3>\n<ul>\n<li>\n<h4>Gole Aconchegante<\/h4>\n<\/li>\n<li>\n<h4>F\u00e9rias em Hue<\/h4>\n<\/li>\n<li>\n<h4>Design natalino<\/h4>\n<\/li>\n<li>\n<h4>Memento quente<\/h4>\n<p><img fetchpriority=\"high\" decoding=\"async\" class=\"aligncenter wp-image-22362\" title=\"\u4f01\u4e1a\u5fae\u4fe1\u622a\u56fe 20250206150554 2025020607075568\" src=\"https:\/\/www.sellersunionagent.com\/wp-content\/uploads\/2025\/02\/\u4f01\u4e1a\u5fae\u4fe1\u622a\u56fe_20250206150554-2025020607075568.webp\" alt=\"Copo de \u00e1gua de cer\u00e2mica Christmas Snowman Cup Santa Claus Holiday\" width=\"600\" height=\"395\" \/><\/p>\n<p><img decoding=\"async\" class=\"aligncenter wp-image-22363\" title=\"\u4f01\u4e1a\u5fae\u4fe1\u622a\u56fe 20250206150605 2025020607080031\" src=\"https:\/\/www.sellersunionagent.com\/wp-content\/uploads\/2025\/02\/\u4f01\u4e1a\u5fae\u4fe1\u622a\u56fe_20250206150605-2025020607080031.webp\" alt=\"Copo de \u00e1gua de cer\u00e2mica Christmas Snowman Cup Santa Claus Holiday\" width=\"600\" height=\"396\" \/><\/p>\n<p><img decoding=\"async\" class=\"aligncenter wp-image-22364\" title=\"\u4f01\u4e1a\u5fae\u4fe1\u622a\u56fe 20250206150626 2025020607080492\" src=\"https:\/\/www.sellersunionagent.com\/wp-content\/uploads\/2025\/02\/\u4f01\u4e1a\u5fae\u4fe1\u622a\u56fe_20250206150626-2025020607080492.webp\" alt=\"Copo de \u00e1gua de cer\u00e2mica Christmas Snowman Cup Santa Claus Holiday\" width=\"600\" height=\"398\" \/><\/p>\n<p><img loading=\"lazy\" decoding=\"async\" class=\"aligncenter wp-image-22365\" title=\"\u4f01\u4e1a\u5fae\u4fe1\u622a\u56fe 20250206150642 2025020607080921\" src=\"https:\/\/www.sellersunionagent.com\/wp-content\/uploads\/2025\/02\/\u4f01\u4e1a\u5fae\u4fe1\u622a\u56fe_20250206150642-2025020607080921.webp\" alt=\"Copo de \u00e1gua de cer\u00e2mica Christmas Snowman Cup Santa Claus Holiday\" width=\"600\" height=\"394\" \/><\/li>\n<\/ul>","protected":false},"excerpt":{"rendered":"<p><strong>MOQ<\/strong>:  1000 pe\u00e7as<br \/>\n<strong>Amostra gr\u00e1tis<\/strong>:  Com suporte<br \/>\n<strong>Personaliza\u00e7\u00e3o<\/strong>: logotipo \/ cor \/ materiais \/ embalagem etc.<br \/>\n<strong>Desconto<\/strong>:  Primeiros pedidos a partir de 10% de desconto.<br \/>\n<strong>Taxa de entrega no prazo<\/strong>:\u00a0 100%<br \/>\n<strong>Total de remessas<\/strong>:  10000 pe\u00e7as<br \/>\n<strong>Remessa<\/strong>: Suporte expresso - frete mar\u00edtimo - frete terrestre<\/p>","protected":false},"featured_media":22358,"comment_status":"open","ping_status":"closed","template":"","meta":{"_acf_changed":false},"product_brand":[],"product_cat":[235,322],"product_tag":[87,43,49,42,50,99],"class_list":{"0":"post-22357","1":"product","2":"type-product","3":"status-publish","4":"has-post-thumbnail","6":"product_cat-christmas-decoration","7":"product_cat-christmas-gift","8":"product_tag-bulk-wholesale","9":"product_tag-fashion","10":"product_tag-good-quality","11":"product_tag-high-quality","12":"product_tag-wholesale","13":"product_tag-wholesale-maker-from-china","15":"first","16":"instock","17":"shipping-taxable","18":"product-type-simple","19":"swiper-slide"},"acf":[],"_links":{"self":[{"href":"https:\/\/www.sellersunionagent.com\/pt\/wp-json\/wp\/v2\/product\/22357","targetHints":{"allow":["GET"]}}],"collection":[{"href":"https:\/\/www.sellersunionagent.com\/pt\/wp-json\/wp\/v2\/product"}],"about":[{"href":"https:\/\/www.sellersunionagent.com\/pt\/wp-json\/wp\/v2\/types\/product"}],"replies":[{"embeddable":true,"href":"https:\/\/www.sellersunionagent.com\/pt\/wp-json\/wp\/v2\/comments?post=22357"}],"wp:featuredmedia":[{"embeddable":true,"href":"https:\/\/www.sellersunionagent.com\/pt\/wp-json\/wp\/v2\/media\/22358"}],"wp:attachment":[{"href":"https:\/\/www.sellersunionagent.com\/pt\/wp-json\/wp\/v2\/media?parent=22357"}],"wp:term":[{"taxonomy":"product_brand","embeddable":true,"href":"https:\/\/www.sellersunionagent.com\/pt\/wp-json\/wp\/v2\/product_brand?post=22357"},{"taxonomy":"product_cat","embeddable":true,"href":"https:\/\/www.sellersunionagent.com\/pt\/wp-json\/wp\/v2\/product_cat?post=22357"},{"taxonomy":"product_tag","embeddable":true,"href":"https:\/\/www.sellersunionagent.com\/pt\/wp-json\/wp\/v2\/product_tag?post=22357"}],"curies":[{"name":"wp","href":"https:\/\/api.w.org\/{rel}","templated":true}]}}