{"id":22339,"date":"2025-02-06T14:38:19","date_gmt":"2025-02-06T06:38:19","guid":{"rendered":"https:\/\/sellersunionagent.com\/?post_type=product&#038;p=22339"},"modified":"2025-11-28T10:03:28","modified_gmt":"2025-11-28T02:03:28","slug":"capa-de-cadeira-de-natal-capa-de-banqueta-de-boneco-de-neve-decoracao-de-casa","status":"publish","type":"product","link":"https:\/\/www.sellersunionagent.com\/pt\/christmas-chair-cover-snowman-stool-cover-home-decoration\/","title":{"rendered":"Capa de cadeira de Natal Capa de banqueta de boneco de neve Decora\u00e7\u00e3o de casa"},"content":{"rendered":"<h1>Capa de cadeira de Natal Capa de banqueta de boneco de neve Decora\u00e7\u00e3o de casa<\/h1>\n<h3>Tipo: Decora\u00e7\u00e3o<br \/>\nN\u00famero do item: srjt-3<br \/>\nTamanho do item: 47*60CM<br \/>\nCores: Papai Noel\/Homem do Neve\/Cavalo Alce<br \/>\nMaterial: tecido<\/h3>\n<ul>\n<li>\n<h4>Alta qualidade<\/h4>\n<\/li>\n<li>\n<h4>Elegantemente festivo<\/h4>\n<\/li>\n<li>\n<h4>Charme cl\u00e1ssico de f\u00e9rias<\/h4>\n<p><img fetchpriority=\"high\" decoding=\"async\" class=\"aligncenter wp-image-22348\" title=\"\u4f01\u4e1a\u5fae\u4fe1\u622a\u56fe 20250206142753 2025020606335336\" src=\"https:\/\/www.sellersunionagent.com\/wp-content\/uploads\/2025\/02\/\u4f01\u4e1a\u5fae\u4fe1\u622a\u56fe_20250206142753-2025020606335336.webp\" alt=\" Capa de cadeira de Natal Capa de banqueta de boneco de neve Decora\u00e7\u00e3o de casa\" width=\"600\" height=\"518\" \/><\/p>\n<p><img decoding=\"async\" class=\"aligncenter wp-image-22347\" title=\"\u4f01\u4e1a\u5fae\u4fe1\u622a\u56fe 20250206142739 2025020606334493\" src=\"https:\/\/www.sellersunionagent.com\/wp-content\/uploads\/2025\/02\/\u4f01\u4e1a\u5fae\u4fe1\u622a\u56fe_20250206142739-2025020606334493.webp\" alt=\" Capa de cadeira de Natal Capa de banqueta de boneco de neve Decora\u00e7\u00e3o de casa\" width=\"600\" height=\"415\" \/><\/p>\n<p><img decoding=\"async\" class=\"aligncenter wp-image-22346\" title=\"\u4f01\u4e1a\u5fae\u4fe1\u622a\u56fe 20250206140956 2025020606333861\" src=\"https:\/\/www.sellersunionagent.com\/wp-content\/uploads\/2025\/02\/\u4f01\u4e1a\u5fae\u4fe1\u622a\u56fe_20250206140956-2025020606333861.webp\" alt=\" Capa de cadeira de Natal Capa de banqueta de boneco de neve Decora\u00e7\u00e3o de casa\" width=\"600\" height=\"428\" \/><\/p>\n<p><img loading=\"lazy\" decoding=\"async\" class=\"aligncenter wp-image-22345\" title=\"\u4f01\u4e1a\u5fae\u4fe1\u622a\u56fe 20250206140930 2025020606333088\" src=\"https:\/\/www.sellersunionagent.com\/wp-content\/uploads\/2025\/02\/\u4f01\u4e1a\u5fae\u4fe1\u622a\u56fe_20250206140930-2025020606333088.webp\" alt=\" Capa de cadeira de Natal Capa de banqueta de boneco de neve Decora\u00e7\u00e3o de casa\" width=\"600\" height=\"562\" \/><\/li>\n<\/ul>","protected":false},"excerpt":{"rendered":"<p><strong>MOQ<\/strong>:  1000 pe\u00e7as<br \/>\n<strong>Amostra gr\u00e1tis<\/strong>:  Com suporte<br \/>\n<strong>Personaliza\u00e7\u00e3o<\/strong>: logotipo \/ cor \/ materiais \/ embalagem etc.<br \/>\n<strong>Desconto<\/strong>:  Primeiros pedidos a partir de 10% de desconto.<br \/>\n<strong>Taxa de entrega no prazo<\/strong>:\u00a0 100%<br \/>\n<strong>Total de remessas<\/strong>:  10000 pe\u00e7as<br \/>\n<strong>Remessa<\/strong>: Suporte expresso - frete mar\u00edtimo - frete terrestre<\/p>","protected":false},"featured_media":22340,"comment_status":"open","ping_status":"closed","template":"","meta":{"_acf_changed":false},"product_brand":[],"product_cat":[235,323],"product_tag":[87,42,99],"class_list":{"0":"post-22339","1":"product","2":"type-product","3":"status-publish","4":"has-post-thumbnail","6":"product_cat-christmas-decoration","7":"product_cat-christmas-textiles","8":"product_tag-bulk-wholesale","9":"product_tag-high-quality","10":"product_tag-wholesale-maker-from-china","12":"first","13":"instock","14":"shipping-taxable","15":"product-type-simple","16":"swiper-slide"},"acf":[],"_links":{"self":[{"href":"https:\/\/www.sellersunionagent.com\/pt\/wp-json\/wp\/v2\/product\/22339","targetHints":{"allow":["GET"]}}],"collection":[{"href":"https:\/\/www.sellersunionagent.com\/pt\/wp-json\/wp\/v2\/product"}],"about":[{"href":"https:\/\/www.sellersunionagent.com\/pt\/wp-json\/wp\/v2\/types\/product"}],"replies":[{"embeddable":true,"href":"https:\/\/www.sellersunionagent.com\/pt\/wp-json\/wp\/v2\/comments?post=22339"}],"wp:featuredmedia":[{"embeddable":true,"href":"https:\/\/www.sellersunionagent.com\/pt\/wp-json\/wp\/v2\/media\/22340"}],"wp:attachment":[{"href":"https:\/\/www.sellersunionagent.com\/pt\/wp-json\/wp\/v2\/media?parent=22339"}],"wp:term":[{"taxonomy":"product_brand","embeddable":true,"href":"https:\/\/www.sellersunionagent.com\/pt\/wp-json\/wp\/v2\/product_brand?post=22339"},{"taxonomy":"product_cat","embeddable":true,"href":"https:\/\/www.sellersunionagent.com\/pt\/wp-json\/wp\/v2\/product_cat?post=22339"},{"taxonomy":"product_tag","embeddable":true,"href":"https:\/\/www.sellersunionagent.com\/pt\/wp-json\/wp\/v2\/product_tag?post=22339"}],"curies":[{"name":"wp","href":"https:\/\/api.w.org\/{rel}","templated":true}]}}