{"id":22209,"date":"2025-01-22T16:20:30","date_gmt":"2025-01-22T08:20:30","guid":{"rendered":"https:\/\/sellersunionagent.com\/?post_type=product&#038;p=22209"},"modified":"2025-11-28T10:23:21","modified_gmt":"2025-11-28T02:23:21","slug":"fita-de-garra-de-cachorro-gatinho-filhote-de-cachorro-laco-de-decoracao-para-presente","status":"publish","type":"product","link":"https:\/\/www.sellersunionagent.com\/pt\/dog-claw-ribbon-kitten-puppy-pet-bow-decoration-gift-ribbon\/","title":{"rendered":"Fita de Garra de Cachorro Fita de Decora\u00e7\u00e3o de La\u00e7o de Gatinho para Cachorro"},"content":{"rendered":"<h1>Fita de Garra de Cachorro Fita de Decora\u00e7\u00e3o de La\u00e7o de Gatinho para Cachorro<\/h1>\n<div class=\"elementor-element elementor-element-42815df elementor-widget elementor-widget-heading\" data-id=\"42815df\" data-element_type=\"widget\" data-widget_type=\"heading.default\">\n<h3 class=\"elementor-widget-container\">Tipo: arco<\/h3>\n<h3 class=\"elementor-widget-container\">N\u00famero do item: GG3-16<\/h3>\n<h3 class=\"elementor-widget-container\">Tamanho do item: 6,4*500CM<\/h3>\n<h3 class=\"elementor-widget-container\">Cores: ponto branco\/ osso\/ estampa de pata de cachorro<\/h3>\n<h3 class=\"elementor-widget-container\">Material: tecido<\/h3>\n<p>&nbsp;<\/p>\n<\/div>\n<div class=\"elementor-element elementor-element-c17fac7 elementor-widget elementor-widget-woocommerce-product-short-description\" data-id=\"c17fac7\" data-element_type=\"widget\" data-widget_type=\"woocommerce-product-short-description.default\">\n<div class=\"elementor-widget-container\">\n<div class=\"woocommerce-product-details__short-description\">\n<div class=\"elementor-element elementor-element-c17fac7 elementor-widget elementor-widget-woocommerce-product-short-description\" data-id=\"c17fac7\" data-element_type=\"widget\" data-widget_type=\"woocommerce-product-short-description.default\">\n<div class=\"elementor-widget-container\">\n<div class=\"woocommerce-product-details__short-description\">\n<ul>\n<li>\n<h4>Fofo e inovador<\/h4>\n<\/li>\n<li>\n<h4>Flex\u00edvel e suave<\/h4>\n<\/li>\n<li>\n<h4>Material dur\u00e1vel<\/h4>\n<\/li>\n<li>\n<h4>Ador\u00e1vel e moderno<\/h4>\n<p><img fetchpriority=\"high\" decoding=\"async\" class=\"aligncenter wp-image-22213\" title=\"\u4f01\u4e1a\u5fae\u4fe1\u622a\u56fe 20250122160724 2025012208164425\" src=\"https:\/\/www.sellersunionagent.com\/wp-content\/uploads\/2025\/01\/\u4f01\u4e1a\u5fae\u4fe1\u622a\u56fe_20250122160724-2025012208164425.webp\" alt=\"Fita de Garra de Cachorro Fita de Decora\u00e7\u00e3o de La\u00e7o de Gatinho para Cachorro\" width=\"600\" height=\"584\" \/><\/p>\n<p><img decoding=\"async\" class=\"aligncenter wp-image-22214\" title=\"\u4f01\u4e1a\u5fae\u4fe1\u622a\u56fe 20250122160733 2025012208165175\" src=\"https:\/\/www.sellersunionagent.com\/wp-content\/uploads\/2025\/01\/\u4f01\u4e1a\u5fae\u4fe1\u622a\u56fe_20250122160733-2025012208165175.webp\" alt=\"Fita de Garra de Cachorro Fita de Decora\u00e7\u00e3o de La\u00e7o de Gatinho para Cachorro\" width=\"600\" height=\"546\" \/><\/p>\n<p><img decoding=\"async\" class=\"aligncenter wp-image-22215\" title=\"\u4f01\u4e1a\u5fae\u4fe1\u622a\u56fe 20250122160741 2025012208170211\" src=\"https:\/\/www.sellersunionagent.com\/wp-content\/uploads\/2025\/01\/\u4f01\u4e1a\u5fae\u4fe1\u622a\u56fe_20250122160741-2025012208170211.webp\" alt=\"Fita de Garra de Cachorro Fita de Decora\u00e7\u00e3o de La\u00e7o de Gatinho para Cachorro\" width=\"600\" height=\"599\" \/><\/p>\n<p><img loading=\"lazy\" decoding=\"async\" class=\"aligncenter wp-image-22216\" title=\"\u4f01\u4e1a\u5fae\u4fe1\u622a\u56fe 20250122160810 2025012208170936\" src=\"https:\/\/www.sellersunionagent.com\/wp-content\/uploads\/2025\/01\/\u4f01\u4e1a\u5fae\u4fe1\u622a\u56fe_20250122160810-2025012208170936.webp\" alt=\"Fita de Garra de Cachorro Fita de Decora\u00e7\u00e3o de La\u00e7o de Gatinho para Cachorro\" width=\"600\" height=\"440\" \/><\/li>\n<\/ul>\n<\/div>\n<\/div>\n<\/div>\n<\/div>\n<\/div>\n<\/div>","protected":false},"excerpt":{"rendered":"<p><strong>MOQ<\/strong>:  1000 pe\u00e7as<br \/>\n<strong>Amostra gr\u00e1tis<\/strong>:  Com suporte<br \/>\n<strong>Personaliza\u00e7\u00e3o<\/strong>: logotipo \/ cor \/ materiais \/ embalagem etc.<br \/>\n<strong>Desconto<\/strong>:  Primeiros pedidos a partir de 10% de desconto.<br \/>\n<strong>Taxa de entrega no prazo<\/strong>:\u00a0 100%<br \/>\n<strong>Total de remessas<\/strong>:  10000 pe\u00e7as<br \/>\n<strong>Remessa<\/strong>: Suporte expresso - frete mar\u00edtimo - frete terrestre<\/p>","protected":false},"featured_media":22210,"comment_status":"open","ping_status":"closed","template":"","meta":{"_acf_changed":false},"product_brand":[],"product_cat":[235,322],"product_tag":[43,49,42,50,99],"class_list":{"0":"post-22209","1":"product","2":"type-product","3":"status-publish","4":"has-post-thumbnail","6":"product_cat-christmas-decoration","7":"product_cat-christmas-gift","8":"product_tag-fashion","9":"product_tag-good-quality","10":"product_tag-high-quality","11":"product_tag-wholesale","12":"product_tag-wholesale-maker-from-china","14":"first","15":"instock","16":"shipping-taxable","17":"product-type-simple","18":"swiper-slide"},"acf":[],"_links":{"self":[{"href":"https:\/\/www.sellersunionagent.com\/pt\/wp-json\/wp\/v2\/product\/22209","targetHints":{"allow":["GET"]}}],"collection":[{"href":"https:\/\/www.sellersunionagent.com\/pt\/wp-json\/wp\/v2\/product"}],"about":[{"href":"https:\/\/www.sellersunionagent.com\/pt\/wp-json\/wp\/v2\/types\/product"}],"replies":[{"embeddable":true,"href":"https:\/\/www.sellersunionagent.com\/pt\/wp-json\/wp\/v2\/comments?post=22209"}],"wp:featuredmedia":[{"embeddable":true,"href":"https:\/\/www.sellersunionagent.com\/pt\/wp-json\/wp\/v2\/media\/22210"}],"wp:attachment":[{"href":"https:\/\/www.sellersunionagent.com\/pt\/wp-json\/wp\/v2\/media?parent=22209"}],"wp:term":[{"taxonomy":"product_brand","embeddable":true,"href":"https:\/\/www.sellersunionagent.com\/pt\/wp-json\/wp\/v2\/product_brand?post=22209"},{"taxonomy":"product_cat","embeddable":true,"href":"https:\/\/www.sellersunionagent.com\/pt\/wp-json\/wp\/v2\/product_cat?post=22209"},{"taxonomy":"product_tag","embeddable":true,"href":"https:\/\/www.sellersunionagent.com\/pt\/wp-json\/wp\/v2\/product_tag?post=22209"}],"curies":[{"name":"wp","href":"https:\/\/api.w.org\/{rel}","templated":true}]}}