{"id":22108,"date":"2025-01-22T11:35:40","date_gmt":"2025-01-22T03:35:40","guid":{"rendered":"https:\/\/sellersunionagent.com\/?post_type=product&#038;p=22108"},"modified":"2025-11-28T10:57:31","modified_gmt":"2025-11-28T02:57:31","slug":"decoracao-de-natal-presente-amor-boneca-retratil-gnomo-sem-rosto-serie-dia-dos-namorados","status":"publish","type":"product","link":"https:\/\/www.sellersunionagent.com\/pt\/christmas-decoration-gift-love-retractable-doll-faceless-gnome-valentines-day-series\/","title":{"rendered":"Presente de decora\u00e7\u00e3o de Natal Love Retractable Doll Faceless Gnome Valentine's Day Series"},"content":{"rendered":"<h1>Presente de decora\u00e7\u00e3o de Natal Love Retractable Doll Faceless Gnome Valentine's Day Series<\/h1>\n<h4>Tipo: Boneca<br \/>\nN\u00famero do item: YX20655<br \/>\nTamanho do item: 28*12*70CM<br \/>\nCores: branco\/azul\/rosa<br \/>\nMaterial: poli\u00e9ster<\/h4>\n<ul>\n<li>Alegre e bonito<\/li>\n<li>Estilo exclusivo<\/li>\n<li>Tecido de malha macio<\/li>\n<li>Vibe calorosa de f\u00e9rias<\/li>\n<\/ul>\n<p>&nbsp;<\/p>\n<p><img fetchpriority=\"high\" decoding=\"async\" class=\"wp-image-22115 aligncenter\" title=\"Presente de decora\u00e7\u00e3o de Natal Love Retractable Doll Faceless Gnome Valentine&#039;s Day Series\" src=\"https:\/\/www.sellersunionagent.com\/wp-content\/uploads\/2025\/01\/4-2025012203300972.webp\" alt=\"Presente de decora\u00e7\u00e3o de Natal Love Retractable Doll Faceless Gnome Valentine&#039;s Day Series\" width=\"600\" height=\"826\" \/><\/p>\n<p>&nbsp;<\/p>\n<p><img decoding=\"async\" class=\"wp-image-22116 aligncenter\" title=\"Presente de decora\u00e7\u00e3o de Natal Love Retractable Doll Faceless Gnome Valentine&#039;s Day Series\" src=\"https:\/\/www.sellersunionagent.com\/wp-content\/uploads\/2025\/01\/5-2025012203310268.webp\" alt=\"Presente de decora\u00e7\u00e3o de Natal Love Retractable Doll Faceless Gnome Valentine&#039;s Day Series\" width=\"600\" height=\"614\" \/><\/p>\n<p>&nbsp;<\/p>\n<p><img decoding=\"async\" class=\"wp-image-22117 aligncenter\" title=\"Presente de decora\u00e7\u00e3o de Natal Love Retractable Doll Faceless Gnome Valentine&#039;s Day Series\" src=\"https:\/\/www.sellersunionagent.com\/wp-content\/uploads\/2025\/01\/6-2025012203310677.webp\" alt=\"Presente de decora\u00e7\u00e3o de Natal Love Retractable Doll Faceless Gnome Valentine&#039;s Day Series\" width=\"600\" height=\"618\" \/><\/p>","protected":false},"excerpt":{"rendered":"<p><strong>MOQ<\/strong>:  1000 pe\u00e7as<br \/>\n<strong>Amostra gr\u00e1tis<\/strong>:  Com suporte<br \/>\n<strong>Personaliza\u00e7\u00e3o<\/strong>: logotipo \/ cor \/ materiais \/ embalagem etc.<br \/>\n<strong>Desconto<\/strong>:  Primeiros pedidos a partir de 10% de desconto.<br \/>\n<strong>Taxa de entrega no prazo<\/strong>:\u00a0 100%<br \/>\n<strong>Total de remessas<\/strong>:  10000 pe\u00e7as<br \/>\n<strong>Remessa<\/strong>: Suporte expresso - frete mar\u00edtimo - frete terrestre<\/p>","protected":false},"featured_media":22110,"comment_status":"open","ping_status":"closed","template":"","meta":{"_acf_changed":false},"product_brand":[],"product_cat":[235,323],"product_tag":[277],"class_list":{"0":"post-22108","1":"product","2":"type-product","3":"status-publish","4":"has-post-thumbnail","6":"product_cat-christmas-decoration","7":"product_cat-christmas-textiles","8":"product_tag-christmas-decoration-gift-love-retractable-doll-faceless-gnome-valentines-day-series","10":"first","11":"instock","12":"shipping-taxable","13":"product-type-simple","14":"swiper-slide"},"acf":[],"_links":{"self":[{"href":"https:\/\/www.sellersunionagent.com\/pt\/wp-json\/wp\/v2\/product\/22108","targetHints":{"allow":["GET"]}}],"collection":[{"href":"https:\/\/www.sellersunionagent.com\/pt\/wp-json\/wp\/v2\/product"}],"about":[{"href":"https:\/\/www.sellersunionagent.com\/pt\/wp-json\/wp\/v2\/types\/product"}],"replies":[{"embeddable":true,"href":"https:\/\/www.sellersunionagent.com\/pt\/wp-json\/wp\/v2\/comments?post=22108"}],"wp:featuredmedia":[{"embeddable":true,"href":"https:\/\/www.sellersunionagent.com\/pt\/wp-json\/wp\/v2\/media\/22110"}],"wp:attachment":[{"href":"https:\/\/www.sellersunionagent.com\/pt\/wp-json\/wp\/v2\/media?parent=22108"}],"wp:term":[{"taxonomy":"product_brand","embeddable":true,"href":"https:\/\/www.sellersunionagent.com\/pt\/wp-json\/wp\/v2\/product_brand?post=22108"},{"taxonomy":"product_cat","embeddable":true,"href":"https:\/\/www.sellersunionagent.com\/pt\/wp-json\/wp\/v2\/product_cat?post=22108"},{"taxonomy":"product_tag","embeddable":true,"href":"https:\/\/www.sellersunionagent.com\/pt\/wp-json\/wp\/v2\/product_tag?post=22108"}],"curies":[{"name":"wp","href":"https:\/\/api.w.org\/{rel}","templated":true}]}}