{"id":22076,"date":"2025-01-22T11:04:59","date_gmt":"2025-01-22T03:04:59","guid":{"rendered":"https:\/\/sellersunionagent.com\/?post_type=product&#038;p=22076"},"modified":"2025-11-28T10:24:47","modified_gmt":"2025-11-28T02:24:47","slug":"pano-para-pendurar-disticos-de-decoracao-de-natal","status":"publish","type":"product","link":"https:\/\/www.sellersunionagent.com\/pt\/christmas-decoration-couplet-hanging-cloth\/","title":{"rendered":"Decora\u00e7\u00e3o de Natal Couplet Hanging Cloth"},"content":{"rendered":"<h1>Decora\u00e7\u00e3o de Natal Couplet Hanging Cloth<\/h1>\n<h3 class=\"elementor-element elementor-element-42815df elementor-widget elementor-widget-heading\" data-id=\"42815df\" data-element_type=\"widget\" data-widget_type=\"heading.default\">Tipo: Casal<\/h3>\n<h3 class=\"elementor-element elementor-element-42815df elementor-widget elementor-widget-heading\" data-id=\"42815df\" data-element_type=\"widget\" data-widget_type=\"heading.default\">Item Number: SRJT-2<\/h3>\n<h3 class=\"elementor-element elementor-element-42815df elementor-widget elementor-widget-heading\" data-id=\"42815df\" data-element_type=\"widget\" data-widget_type=\"heading.default\">Tamanho do item: 150*25cm; 25*25cm<\/h3>\n<h3 class=\"elementor-element elementor-element-42815df elementor-widget elementor-widget-heading\" data-id=\"42815df\" data-element_type=\"widget\" data-widget_type=\"heading.default\">Colors: red\/blue\/green<\/h3>\n<h3 class=\"elementor-element elementor-element-42815df elementor-widget elementor-widget-heading\" data-id=\"42815df\" data-element_type=\"widget\" data-widget_type=\"heading.default\">Material: tecido n\u00e3o tecido<\/h3>\n<p>&nbsp;<\/p>\n<div class=\"elementor-element elementor-element-c17fac7 elementor-widget elementor-widget-woocommerce-product-short-description\" data-id=\"c17fac7\" data-element_type=\"widget\" data-widget_type=\"woocommerce-product-short-description.default\">\n<div class=\"elementor-widget-container\">\n<div class=\"woocommerce-product-details__short-description\">\n<ul>\n<li>\n<h4>Cor brilhante<\/h4>\n<\/li>\n<li>\n<h4>V\u00e1rios estilos<\/h4>\n<\/li>\n<li>\n<h4>Boa dureza<\/h4>\n<\/li>\n<li>\n<h4>Decora\u00e7\u00e3o de Natal<\/h4>\n<p><img fetchpriority=\"high\" decoding=\"async\" class=\"aligncenter wp-image-22087\" title=\"\u4f01\u4e1a\u5fae\u4fe1\u622a\u56fe 20250122104918 2025012202591611\" src=\"https:\/\/www.sellersunionagent.com\/wp-content\/uploads\/2025\/01\/\u4f01\u4e1a\u5fae\u4fe1\u622a\u56fe_20250122104918-2025012202591611.webp\" alt=\"Decora\u00e7\u00e3o de Natal Couplet Hanging Cloth\" width=\"600\" height=\"447\" \/><\/li>\n<\/ul>\n<\/div>\n<\/div>\n<\/div>\n<p><img decoding=\"async\" class=\"aligncenter wp-image-22084\" title=\"\u4f01\u4e1a\u5fae\u4fe1\u622a\u56fe 20250122104852 2025012202590220\" src=\"https:\/\/www.sellersunionagent.com\/wp-content\/uploads\/2025\/01\/\u4f01\u4e1a\u5fae\u4fe1\u622a\u56fe_20250122104852-2025012202590220.webp\" alt=\"Decora\u00e7\u00e3o de Natal Couplet Hanging Cloth\" width=\"600\" height=\"602\" \/><\/p>\n<p><img decoding=\"async\" class=\"aligncenter wp-image-22085\" title=\"\u4f01\u4e1a\u5fae\u4fe1\u622a\u56fe 20250122104859 2025012202590663\" src=\"https:\/\/www.sellersunionagent.com\/wp-content\/uploads\/2025\/01\/\u4f01\u4e1a\u5fae\u4fe1\u622a\u56fe_20250122104859-2025012202590663.webp\" alt=\"Decora\u00e7\u00e3o de Natal Couplet Hanging Cloth\" width=\"600\" height=\"594\" \/><\/p>\n<p><img loading=\"lazy\" decoding=\"async\" class=\"aligncenter wp-image-22086\" title=\"\u4f01\u4e1a\u5fae\u4fe1\u622a\u56fe 20250122104908 2025012202591032\" src=\"https:\/\/www.sellersunionagent.com\/wp-content\/uploads\/2025\/01\/\u4f01\u4e1a\u5fae\u4fe1\u622a\u56fe_20250122104908-2025012202591032.webp\" alt=\"Decora\u00e7\u00e3o de Natal Couplet Hanging Cloth\" width=\"600\" height=\"609\" \/><\/p>","protected":false},"excerpt":{"rendered":"<p><strong>MOQ<\/strong>:  1000 pe\u00e7as<br \/>\n<strong>Amostra gr\u00e1tis<\/strong>:  Com suporte<br \/>\n<strong>Personaliza\u00e7\u00e3o<\/strong>: logotipo \/ cor \/ materiais \/ embalagem etc.<br \/>\n<strong>Desconto<\/strong>:  Primeiros pedidos a partir de 10% de desconto.<br \/>\n<strong>Taxa de entrega no prazo<\/strong>:\u00a0 100%<br \/>\n<strong>Total de remessas<\/strong>:  10000 pe\u00e7as<br \/>\n<strong>Remessa<\/strong>: Suporte expresso - frete mar\u00edtimo - frete terrestre<\/p>","protected":false},"featured_media":22083,"comment_status":"open","ping_status":"closed","template":"","meta":{"_acf_changed":false},"product_brand":[],"product_cat":[235,323],"product_tag":[87,43,49,42,50,99],"class_list":{"0":"post-22076","1":"product","2":"type-product","3":"status-publish","4":"has-post-thumbnail","6":"product_cat-christmas-decoration","7":"product_cat-christmas-textiles","8":"product_tag-bulk-wholesale","9":"product_tag-fashion","10":"product_tag-good-quality","11":"product_tag-high-quality","12":"product_tag-wholesale","13":"product_tag-wholesale-maker-from-china","15":"first","16":"instock","17":"shipping-taxable","18":"product-type-simple","19":"swiper-slide"},"acf":[],"_links":{"self":[{"href":"https:\/\/www.sellersunionagent.com\/pt\/wp-json\/wp\/v2\/product\/22076","targetHints":{"allow":["GET"]}}],"collection":[{"href":"https:\/\/www.sellersunionagent.com\/pt\/wp-json\/wp\/v2\/product"}],"about":[{"href":"https:\/\/www.sellersunionagent.com\/pt\/wp-json\/wp\/v2\/types\/product"}],"replies":[{"embeddable":true,"href":"https:\/\/www.sellersunionagent.com\/pt\/wp-json\/wp\/v2\/comments?post=22076"}],"wp:featuredmedia":[{"embeddable":true,"href":"https:\/\/www.sellersunionagent.com\/pt\/wp-json\/wp\/v2\/media\/22083"}],"wp:attachment":[{"href":"https:\/\/www.sellersunionagent.com\/pt\/wp-json\/wp\/v2\/media?parent=22076"}],"wp:term":[{"taxonomy":"product_brand","embeddable":true,"href":"https:\/\/www.sellersunionagent.com\/pt\/wp-json\/wp\/v2\/product_brand?post=22076"},{"taxonomy":"product_cat","embeddable":true,"href":"https:\/\/www.sellersunionagent.com\/pt\/wp-json\/wp\/v2\/product_cat?post=22076"},{"taxonomy":"product_tag","embeddable":true,"href":"https:\/\/www.sellersunionagent.com\/pt\/wp-json\/wp\/v2\/product_tag?post=22076"}],"curies":[{"name":"wp","href":"https:\/\/api.w.org\/{rel}","templated":true}]}}