{"id":21701,"date":"2024-12-26T09:31:43","date_gmt":"2024-12-26T01:31:43","guid":{"rendered":"https:\/\/sellersunionagent.com\/?post_type=product&#038;p=21701"},"modified":"2025-11-28T10:47:09","modified_gmt":"2025-11-28T02:47:09","slug":"christmas-decoration-tree-cartoon-apple-bag-candy-bag","status":"publish","type":"product","link":"https:\/\/www.sellersunionagent.com\/pt\/christmas-decoration-tree-cartoon-apple-bag-candy-bag\/","title":{"rendered":"Christmas Decoration Tree Cartoon Apple Bag Candy Bag"},"content":{"rendered":"<h1>2025 Christmas Decoration Tree Cartoon Apple Bag Candy Bag (\u00c1rvore de Decora\u00e7\u00e3o de Natal de 2025)<\/h1>\n<div class=\"elementor-element elementor-element-42815df elementor-widget elementor-widget-heading\" data-id=\"42815df\" data-element_type=\"widget\" data-widget_type=\"heading.default\">\n<div class=\"elementor-widget-container\"><\/div>\n<\/div>\n<div class=\"elementor-element elementor-element-c17fac7 elementor-widget elementor-widget-woocommerce-product-short-description\" data-id=\"c17fac7\" data-element_type=\"widget\" data-widget_type=\"woocommerce-product-short-description.default\">\n<div class=\"elementor-widget-container\">\n<div class=\"woocommerce-product-details__short-description\">\n<h3><\/h3>\n<h3><strong>Tamanho do item<\/strong>: 20*16CM<\/h3>\n<h3>Peso: 40g<\/h3>\n<h3><strong>Material: n\u00e3o tecido<\/strong><\/h3>\n<\/div>\n<\/div>\n<\/div>\n<p>&nbsp;<\/p>\n<ul>\n<li>\n<h4>Alto volume<\/h4>\n<\/li>\n<li>\n<h4>Resistente e dur\u00e1vel<\/h4>\n<\/li>\n<li>\n<h4>Design criativo<\/h4>\n<\/li>\n<\/ul>\n<p><img fetchpriority=\"high\" decoding=\"async\" class=\"size-full wp-image-21702\" title=\"\u4f01\u4e1a\u5fae\u4fe1\u622a\u56fe 17351763952278 2024122601301649\" src=\"https:\/\/www.sellersunionagent.com\/wp-content\/uploads\/2024\/12\/\u4f01\u4e1a\u5fae\u4fe1\u622a\u56fe_17351763952278-2024122601301649.webp\" alt=\"\u4f01\u4e1a\u5fae\u4fe1\u622a\u56fe 17351763952278 2024122601301649\" width=\"666\" height=\"663\" \/><\/p>\n<p><img decoding=\"async\" class=\"size-medium wp-image-21703\" title=\"\u4f01\u4e1a\u5fae\u4fe1\u622a\u56fe 17351764045815 2024122601301932\" src=\"https:\/\/www.sellersunionagent.com\/wp-content\/uploads\/2024\/12\/\u4f01\u4e1a\u5fae\u4fe1\u622a\u56fe_17351764045815-2024122601301932.webp\" alt=\"\u4f01\u4e1a\u5fae\u4fe1\u622a\u56fe 17351764045815 2024122601301932\" width=\"664\" height=\"665\" \/><\/p>\n<p><img decoding=\"async\" class=\"size-medium wp-image-21704\" title=\"\u4f01\u4e1a\u5fae\u4fe1\u622a\u56fe 17351764151493 2024122601302271\" src=\"https:\/\/www.sellersunionagent.com\/wp-content\/uploads\/2024\/12\/\u4f01\u4e1a\u5fae\u4fe1\u622a\u56fe_17351764151493-2024122601302271.webp\" alt=\"\u4f01\u4e1a\u5fae\u4fe1\u622a\u56fe 17351764151493 2024122601302271\" width=\"667\" height=\"666\" \/><\/p>\n<p><img loading=\"lazy\" decoding=\"async\" class=\"size-medium wp-image-21705\" title=\"\u4f01\u4e1a\u5fae\u4fe1\u622a\u56fe 17351764312199 2024122601302557\" src=\"https:\/\/www.sellersunionagent.com\/wp-content\/uploads\/2024\/12\/\u4f01\u4e1a\u5fae\u4fe1\u622a\u56fe_17351764312199-2024122601302557.webp\" alt=\"\u4f01\u4e1a\u5fae\u4fe1\u622a\u56fe 17351764312199 2024122601302557\" width=\"665\" height=\"665\" \/><\/p>\n<p><img loading=\"lazy\" decoding=\"async\" class=\"size-medium wp-image-21706\" title=\"\u4f01\u4e1a\u5fae\u4fe1\u622a\u56fe 17351764427087 2024122601302850\" src=\"https:\/\/www.sellersunionagent.com\/wp-content\/uploads\/2024\/12\/\u4f01\u4e1a\u5fae\u4fe1\u622a\u56fe_17351764427087-2024122601302850.webp\" alt=\"\u4f01\u4e1a\u5fae\u4fe1\u622a\u56fe 17351764427087 2024122601302850\" width=\"666\" height=\"668\" \/><\/p>\n<p><img loading=\"lazy\" decoding=\"async\" class=\"size-medium wp-image-21707\" title=\"\u4f01\u4e1a\u5fae\u4fe1\u622a\u56fe 17351764518637 2024122601303141\" src=\"https:\/\/www.sellersunionagent.com\/wp-content\/uploads\/2024\/12\/\u4f01\u4e1a\u5fae\u4fe1\u622a\u56fe_17351764518637-2024122601303141.webp\" alt=\"\u4f01\u4e1a\u5fae\u4fe1\u622a\u56fe 17351764518637 2024122601303141\" width=\"665\" height=\"665\" \/><\/p>","protected":false},"excerpt":{"rendered":"<p><strong>MOQ<\/strong>:  1000 pe\u00e7as<br \/>\n<strong>Amostra gr\u00e1tis<\/strong>:  Com suporte<br \/>\n<strong>Personaliza\u00e7\u00e3o<\/strong>: logotipo \/ cor \/ materiais \/ embalagem etc.<br \/>\n<strong>Desconto<\/strong>:  Primeiros pedidos a partir de 10% de desconto.<br \/>\n<strong>Taxa de entrega no prazo<\/strong>:\u00a0 100%<br \/>\n<strong>Total de remessas<\/strong>:  10000 pe\u00e7as<br \/>\n<strong>Remessa<\/strong>: Suporte expresso - frete mar\u00edtimo - frete terrestre<\/p>","protected":false},"featured_media":21702,"comment_status":"open","ping_status":"closed","template":"","meta":{"_acf_changed":false},"product_brand":[],"product_cat":[235,323],"product_tag":[],"class_list":{"0":"post-21701","1":"product","2":"type-product","3":"status-publish","4":"has-post-thumbnail","6":"product_cat-christmas-decoration","7":"product_cat-christmas-textiles","9":"first","10":"instock","11":"shipping-taxable","12":"product-type-simple","13":"swiper-slide"},"acf":[],"_links":{"self":[{"href":"https:\/\/www.sellersunionagent.com\/pt\/wp-json\/wp\/v2\/product\/21701","targetHints":{"allow":["GET"]}}],"collection":[{"href":"https:\/\/www.sellersunionagent.com\/pt\/wp-json\/wp\/v2\/product"}],"about":[{"href":"https:\/\/www.sellersunionagent.com\/pt\/wp-json\/wp\/v2\/types\/product"}],"replies":[{"embeddable":true,"href":"https:\/\/www.sellersunionagent.com\/pt\/wp-json\/wp\/v2\/comments?post=21701"}],"wp:featuredmedia":[{"embeddable":true,"href":"https:\/\/www.sellersunionagent.com\/pt\/wp-json\/wp\/v2\/media\/21702"}],"wp:attachment":[{"href":"https:\/\/www.sellersunionagent.com\/pt\/wp-json\/wp\/v2\/media?parent=21701"}],"wp:term":[{"taxonomy":"product_brand","embeddable":true,"href":"https:\/\/www.sellersunionagent.com\/pt\/wp-json\/wp\/v2\/product_brand?post=21701"},{"taxonomy":"product_cat","embeddable":true,"href":"https:\/\/www.sellersunionagent.com\/pt\/wp-json\/wp\/v2\/product_cat?post=21701"},{"taxonomy":"product_tag","embeddable":true,"href":"https:\/\/www.sellersunionagent.com\/pt\/wp-json\/wp\/v2\/product_tag?post=21701"}],"curies":[{"name":"wp","href":"https:\/\/api.w.org\/{rel}","templated":true}]}}