{"id":21383,"date":"2024-11-18T17:59:46","date_gmt":"2024-11-18T09:59:46","guid":{"rendered":"https:\/\/sellersunionagent.com\/?post_type=product&#038;p=21383"},"modified":"2025-11-28T10:49:09","modified_gmt":"2025-11-28T02:49:09","slug":"christmas-decoration-glasses-holiday-supplies-party-creative-glasses-frames","status":"publish","type":"product","link":"https:\/\/www.sellersunionagent.com\/pt\/christmas-decoration-glasses-holiday-supplies-party-creative-glasses-frames\/","title":{"rendered":"Christmas Decoration Glasses Holiday Supplies Party Creative Glasses Frames"},"content":{"rendered":"<h1>2025 Christmas Decoration Glasses Holiday Supplies Party Creative Glasses Frames (\u00f3culos de decora\u00e7\u00e3o de Natal 2025)<\/h1>\n<div class=\"elementor-element elementor-element-42815df elementor-widget elementor-widget-heading\" data-id=\"42815df\" data-element_type=\"widget\" data-widget_type=\"heading.default\">\n<div class=\"elementor-widget-container\"><\/div>\n<\/div>\n<div class=\"elementor-element elementor-element-c17fac7 elementor-widget elementor-widget-woocommerce-product-short-description\" data-id=\"c17fac7\" data-element_type=\"widget\" data-widget_type=\"woocommerce-product-short-description.default\">\n<div class=\"elementor-widget-container\">\n<div class=\"woocommerce-product-details__short-description\">\n<h3><\/h3>\n<h3><strong>Tamanho do item<\/strong>: 14*14CM<\/h3>\n<h3><strong>Material: <\/strong>PP<\/h3>\n<h3>Package: OPP bag<\/h3>\n<\/div>\n<\/div>\n<\/div>\n<p>&nbsp;<\/p>\n<ul>\n<li>\n<h4>Itens de Natal<\/h4>\n<\/li>\n<li>\n<h4>Enhance the sense of atmosphere<\/h4>\n<\/li>\n<li>\n<h4>Multiple options available<\/h4>\n<\/li>\n<\/ul>\n<p>&nbsp;<\/p>\n<p><img fetchpriority=\"high\" decoding=\"async\" class=\"size-full wp-image-21384\" title=\"\u4f01\u4e1a\u5fae\u4fe1\u622a\u56fe 17319226119524 2024111809574177\" src=\"https:\/\/www.sellersunionagent.com\/wp-content\/uploads\/2024\/11\/\u4f01\u4e1a\u5fae\u4fe1\u622a\u56fe_17319226119524-2024111809574177.webp\" alt=\"\u4f01\u4e1a\u5fae\u4fe1\u622a\u56fe 17319226119524 2024111809574177\" width=\"666\" height=\"666\" \/><\/p>\n<p><img decoding=\"async\" class=\"size-medium wp-image-21385\" title=\"\u4f01\u4e1a\u5fae\u4fe1\u622a\u56fe 1731922637750 2024111809574572\" src=\"https:\/\/www.sellersunionagent.com\/wp-content\/uploads\/2024\/11\/\u4f01\u4e1a\u5fae\u4fe1\u622a\u56fe_1731922637750-2024111809574572.webp\" alt=\"\u4f01\u4e1a\u5fae\u4fe1\u622a\u56fe 1731922637750 2024111809574572\" width=\"666\" height=\"636\" \/><\/p>\n<p><img decoding=\"async\" class=\"size-medium wp-image-21386\" title=\"\u4f01\u4e1a\u5fae\u4fe1\u622a\u56fe 17319226507115 2024111809575059\" src=\"https:\/\/www.sellersunionagent.com\/wp-content\/uploads\/2024\/11\/\u4f01\u4e1a\u5fae\u4fe1\u622a\u56fe_17319226507115-2024111809575059.webp\" alt=\"\u4f01\u4e1a\u5fae\u4fe1\u622a\u56fe 17319226507115 2024111809575059\" width=\"666\" height=\"662\" \/><\/p>\n<p><img loading=\"lazy\" decoding=\"async\" class=\"size-medium wp-image-21387\" title=\"\u4f01\u4e1a\u5fae\u4fe1\u622a\u56fe 17319226621909 2024111809575492\" src=\"https:\/\/www.sellersunionagent.com\/wp-content\/uploads\/2024\/11\/\u4f01\u4e1a\u5fae\u4fe1\u622a\u56fe_17319226621909-2024111809575492.webp\" alt=\"\u4f01\u4e1a\u5fae\u4fe1\u622a\u56fe 17319226621909 2024111809575492\" width=\"666\" height=\"664\" \/><\/p>\n<p><img loading=\"lazy\" decoding=\"async\" class=\"size-medium wp-image-21388\" title=\"\u4f01\u4e1a\u5fae\u4fe1\u622a\u56fe 17319226741268 2024111809575864\" src=\"https:\/\/www.sellersunionagent.com\/wp-content\/uploads\/2024\/11\/\u4f01\u4e1a\u5fae\u4fe1\u622a\u56fe_17319226741268-2024111809575864.webp\" alt=\"\u4f01\u4e1a\u5fae\u4fe1\u622a\u56fe 17319226741268 2024111809575864\" width=\"666\" height=\"664\" \/><\/p>\n<p><img loading=\"lazy\" decoding=\"async\" class=\"size-full wp-image-21389\" title=\"\u4f01\u4e1a\u5fae\u4fe1\u622a\u56fe 17319226836595 2024111809580214\" src=\"https:\/\/www.sellersunionagent.com\/wp-content\/uploads\/2024\/11\/\u4f01\u4e1a\u5fae\u4fe1\u622a\u56fe_17319226836595-2024111809580214.webp\" alt=\"\u4f01\u4e1a\u5fae\u4fe1\u622a\u56fe 17319226836595 2024111809580214\" width=\"667\" height=\"667\" \/><\/p>\n<p><img loading=\"lazy\" decoding=\"async\" class=\"size-full wp-image-21390\" title=\"\u4f01\u4e1a\u5fae\u4fe1\u622a\u56fe 17319226955233 2024111809580679\" src=\"https:\/\/www.sellersunionagent.com\/wp-content\/uploads\/2024\/11\/\u4f01\u4e1a\u5fae\u4fe1\u622a\u56fe_17319226955233-2024111809580679.webp\" alt=\"\u4f01\u4e1a\u5fae\u4fe1\u622a\u56fe 17319226955233 2024111809580679\" width=\"662\" height=\"660\" \/><\/p>\n<p><img loading=\"lazy\" decoding=\"async\" class=\"size-medium wp-image-21392\" title=\"\u4f01\u4e1a\u5fae\u4fe1\u622a\u56fe 17319227349173 2024111809581473\" src=\"https:\/\/www.sellersunionagent.com\/wp-content\/uploads\/2024\/11\/\u4f01\u4e1a\u5fae\u4fe1\u622a\u56fe_17319227349173-2024111809581473.webp\" alt=\"\u4f01\u4e1a\u5fae\u4fe1\u622a\u56fe 17319227349173 2024111809581473\" width=\"666\" height=\"664\" \/><\/p>\n<p><img loading=\"lazy\" decoding=\"async\" class=\"size-full wp-image-21393\" title=\"\u4f01\u4e1a\u5fae\u4fe1\u622a\u56fe 17319227614667 2024111809581835\" src=\"https:\/\/www.sellersunionagent.com\/wp-content\/uploads\/2024\/11\/\u4f01\u4e1a\u5fae\u4fe1\u622a\u56fe_17319227614667-2024111809581835.webp\" alt=\"\u4f01\u4e1a\u5fae\u4fe1\u622a\u56fe 17319227614667 2024111809581835\" width=\"665\" height=\"657\" \/><\/p>\n<p><img loading=\"lazy\" decoding=\"async\" class=\"size-full wp-image-21391\" title=\"\u4f01\u4e1a\u5fae\u4fe1\u622a\u56fe 17319227081809 2024111809581044\" src=\"https:\/\/www.sellersunionagent.com\/wp-content\/uploads\/2024\/11\/\u4f01\u4e1a\u5fae\u4fe1\u622a\u56fe_17319227081809-2024111809581044.webp\" alt=\"\u4f01\u4e1a\u5fae\u4fe1\u622a\u56fe 17319227081809 2024111809581044\" width=\"666\" height=\"664\" \/><\/p>","protected":false},"excerpt":{"rendered":"<p><strong>MOQ<\/strong>:  1000 pe\u00e7as<br \/>\n<strong>Amostra gr\u00e1tis<\/strong>:  Com suporte<br \/>\n<strong>Personaliza\u00e7\u00e3o<\/strong>: logotipo \/ cor \/ materiais \/ embalagem etc.<br \/>\n<strong>Desconto<\/strong>:  Primeiros pedidos a partir de 10% de desconto.<br \/>\n<strong>Taxa de entrega no prazo<\/strong>:\u00a0 100%<br \/>\n<strong>Total de remessas<\/strong>:  10000 pe\u00e7as<br \/>\n<strong>Remessa<\/strong>: Suporte expresso - frete mar\u00edtimo - frete terrestre<\/p>","protected":false},"featured_media":21385,"comment_status":"open","ping_status":"closed","template":"","meta":{"_acf_changed":false},"product_brand":[],"product_cat":[235],"product_tag":[],"class_list":{"0":"post-21383","1":"product","2":"type-product","3":"status-publish","4":"has-post-thumbnail","6":"product_cat-christmas-decoration","8":"first","9":"instock","10":"shipping-taxable","11":"product-type-simple","12":"swiper-slide"},"acf":[],"_links":{"self":[{"href":"https:\/\/www.sellersunionagent.com\/pt\/wp-json\/wp\/v2\/product\/21383","targetHints":{"allow":["GET"]}}],"collection":[{"href":"https:\/\/www.sellersunionagent.com\/pt\/wp-json\/wp\/v2\/product"}],"about":[{"href":"https:\/\/www.sellersunionagent.com\/pt\/wp-json\/wp\/v2\/types\/product"}],"replies":[{"embeddable":true,"href":"https:\/\/www.sellersunionagent.com\/pt\/wp-json\/wp\/v2\/comments?post=21383"}],"wp:featuredmedia":[{"embeddable":true,"href":"https:\/\/www.sellersunionagent.com\/pt\/wp-json\/wp\/v2\/media\/21385"}],"wp:attachment":[{"href":"https:\/\/www.sellersunionagent.com\/pt\/wp-json\/wp\/v2\/media?parent=21383"}],"wp:term":[{"taxonomy":"product_brand","embeddable":true,"href":"https:\/\/www.sellersunionagent.com\/pt\/wp-json\/wp\/v2\/product_brand?post=21383"},{"taxonomy":"product_cat","embeddable":true,"href":"https:\/\/www.sellersunionagent.com\/pt\/wp-json\/wp\/v2\/product_cat?post=21383"},{"taxonomy":"product_tag","embeddable":true,"href":"https:\/\/www.sellersunionagent.com\/pt\/wp-json\/wp\/v2\/product_tag?post=21383"}],"curies":[{"name":"wp","href":"https:\/\/api.w.org\/{rel}","templated":true}]}}