{"id":21370,"date":"2024-11-18T17:07:55","date_gmt":"2024-11-18T09:07:55","guid":{"rendered":"https:\/\/sellersunionagent.com\/?post_type=product&#038;p=21370"},"modified":"2025-11-28T10:49:00","modified_gmt":"2025-11-28T02:49:00","slug":"christmas-gift-box-dress-up-christmas-tree-decoration-mini-bow-diy-accessories-bell-hanging-ornaments","status":"publish","type":"product","link":"https:\/\/www.sellersunionagent.com\/pt\/christmas-gift-box-dress-up-christmas-tree-decoration-mini-bow-diy-accessories-bell-hanging-ornaments\/","title":{"rendered":"Christmas gift box Dress up Christmas tree decoration Mini bow diy accessories bell hanging ornaments"},"content":{"rendered":"<h1>Caixa de presente de Natal 2025 Decora\u00e7\u00e3o de \u00e1rvore de Natal com enfeite Mini bow diy accessories bell hanging ornaments<\/h1>\n<div class=\"elementor-element elementor-element-42815df elementor-widget elementor-widget-heading\" data-id=\"42815df\" data-element_type=\"widget\" data-widget_type=\"heading.default\">\n<div class=\"elementor-widget-container\"><\/div>\n<\/div>\n<div class=\"elementor-element elementor-element-c17fac7 elementor-widget elementor-widget-woocommerce-product-short-description\" data-id=\"c17fac7\" data-element_type=\"widget\" data-widget_type=\"woocommerce-product-short-description.default\">\n<div class=\"elementor-widget-container\">\n<div class=\"woocommerce-product-details__short-description\">\n<h3><\/h3>\n<h3><strong>Tamanho do item<\/strong>: 5*3\/5*3.5\/5*4\/5*4.5CM<\/h3>\n<h3>Iten Weight: 2.2\/2.6\/2.8G<\/h3>\n<h3><strong>Material:<\/strong> plastic+cloth<\/h3>\n<\/div>\n<\/div>\n<\/div>\n<p>&nbsp;<\/p>\n<ul>\n<li>\n<h4>Itens de Natal<\/h4>\n<\/li>\n<li>\n<h4>Enhance the sense of atmosphere<\/h4>\n<\/li>\n<li>\n<h4>Multiple options available<\/h4>\n<\/li>\n<\/ul>\n<p>&nbsp;<\/p>\n<p><img fetchpriority=\"high\" decoding=\"async\" class=\"size-full wp-image-21372\" title=\"\u4f01\u4e1a\u5fae\u4fe1\u622a\u56fe 17319182359527 2024111808310330\" src=\"https:\/\/www.sellersunionagent.com\/wp-content\/uploads\/2024\/11\/\u4f01\u4e1a\u5fae\u4fe1\u622a\u56fe_17319182359527-2024111808310330.webp\" alt=\"\u4f01\u4e1a\u5fae\u4fe1\u622a\u56fe 17319182359527 2024111808310330\" width=\"667\" height=\"667\" \/><\/p>\n<figure id=\"attachment_21374\" aria-describedby=\"caption-attachment-21374\" style=\"width: 665px\" class=\"wp-caption aligncenter\"><img decoding=\"async\" class=\"size-full wp-image-21374\" title=\"\u4f01\u4e1a\u5fae\u4fe1\u622a\u56fe 17319182639625 2024111808310949\" src=\"https:\/\/www.sellersunionagent.com\/wp-content\/uploads\/2024\/11\/\u4f01\u4e1a\u5fae\u4fe1\u622a\u56fe_17319182639625-2024111808310949.webp\" alt=\"\u4f01\u4e1a\u5fae\u4fe1\u622a\u56fe 17319182639625 2024111808310949\" width=\"665\" height=\"666\" \/><figcaption id=\"caption-attachment-21374\" class=\"wp-caption-text\"><img decoding=\"async\" class=\"size-full wp-image-21373\" title=\"\u4f01\u4e1a\u5fae\u4fe1\u622a\u56fe 1731918248387 2024111808310621\" src=\"https:\/\/www.sellersunionagent.com\/wp-content\/uploads\/2024\/11\/\u4f01\u4e1a\u5fae\u4fe1\u622a\u56fe_1731918248387-2024111808310621.webp\" alt=\"\u4f01\u4e1a\u5fae\u4fe1\u622a\u56fe 1731918248387 2024111808310621\" width=\"667\" height=\"666\" \/><\/figcaption><\/figure>\n<p><img loading=\"lazy\" decoding=\"async\" class=\"size-full wp-image-21376\" title=\"\u4f01\u4e1a\u5fae\u4fe1\u622a\u56fe 17319182902912 2024111808311591\" src=\"https:\/\/www.sellersunionagent.com\/wp-content\/uploads\/2024\/11\/\u4f01\u4e1a\u5fae\u4fe1\u622a\u56fe_17319182902912-2024111808311591.webp\" alt=\"\u4f01\u4e1a\u5fae\u4fe1\u622a\u56fe 17319182902912 2024111808311591\" width=\"667\" height=\"558\" \/><\/p>\n<p><img loading=\"lazy\" decoding=\"async\" class=\"size-full wp-image-21377\" title=\"\u4f01\u4e1a\u5fae\u4fe1\u622a\u56fe 17319183035136 2024111808311711\" src=\"https:\/\/www.sellersunionagent.com\/wp-content\/uploads\/2024\/11\/\u4f01\u4e1a\u5fae\u4fe1\u622a\u56fe_17319183035136-2024111808311711.webp\" alt=\"\u4f01\u4e1a\u5fae\u4fe1\u622a\u56fe 17319183035136 2024111808311711\" width=\"667\" height=\"553\" \/><\/p>\n<p><img loading=\"lazy\" decoding=\"async\" class=\"size-full wp-image-21378\" title=\"\u4f01\u4e1a\u5fae\u4fe1\u622a\u56fe 17319183207207 2024111808312045\" src=\"https:\/\/www.sellersunionagent.com\/wp-content\/uploads\/2024\/11\/\u4f01\u4e1a\u5fae\u4fe1\u622a\u56fe_17319183207207-2024111808312045.webp\" alt=\"\u4f01\u4e1a\u5fae\u4fe1\u622a\u56fe 17319183207207 2024111808312045\" width=\"667\" height=\"556\" \/><\/p>\n<p><img loading=\"lazy\" decoding=\"async\" class=\"size-full wp-image-21379\" title=\"\u4f01\u4e1a\u5fae\u4fe1\u622a\u56fe 17319183383512 2024111808312397\" src=\"https:\/\/www.sellersunionagent.com\/wp-content\/uploads\/2024\/11\/\u4f01\u4e1a\u5fae\u4fe1\u622a\u56fe_17319183383512-2024111808312397.webp\" alt=\"\u4f01\u4e1a\u5fae\u4fe1\u622a\u56fe 17319183383512 2024111808312397\" width=\"667\" height=\"554\" \/><\/p>\n<p><img loading=\"lazy\" decoding=\"async\" class=\"size-full wp-image-21380\" title=\"\u4f01\u4e1a\u5fae\u4fe1\u622a\u56fe 17319183512709 2024111808312540\" src=\"https:\/\/www.sellersunionagent.com\/wp-content\/uploads\/2024\/11\/\u4f01\u4e1a\u5fae\u4fe1\u622a\u56fe_17319183512709-2024111808312540.webp\" alt=\"\u4f01\u4e1a\u5fae\u4fe1\u622a\u56fe 17319183512709 2024111808312540\" width=\"667\" height=\"555\" \/><\/p>","protected":false},"excerpt":{"rendered":"<p><strong>MOQ<\/strong>:  1000 pe\u00e7as<br \/>\n<strong>Amostra gr\u00e1tis<\/strong>:  Com suporte<br \/>\n<strong>Personaliza\u00e7\u00e3o<\/strong>: logotipo \/ cor \/ materiais \/ embalagem etc.<br \/>\n<strong>Desconto<\/strong>:  Primeiros pedidos a partir de 10% de desconto.<br \/>\n<strong>Taxa de entrega no prazo<\/strong>:\u00a0 100%<br \/>\n<strong>Total de remessas<\/strong>:  10000 pe\u00e7as<br \/>\n<strong>Remessa<\/strong>: Suporte expresso - frete mar\u00edtimo - frete terrestre<\/p>","protected":false},"featured_media":21371,"comment_status":"open","ping_status":"closed","template":"","meta":{"_acf_changed":false},"product_brand":[],"product_cat":[235,322],"product_tag":[],"class_list":{"0":"post-21370","1":"product","2":"type-product","3":"status-publish","4":"has-post-thumbnail","6":"product_cat-christmas-decoration","7":"product_cat-christmas-gift","9":"first","10":"instock","11":"shipping-taxable","12":"product-type-simple","13":"swiper-slide"},"acf":[],"_links":{"self":[{"href":"https:\/\/www.sellersunionagent.com\/pt\/wp-json\/wp\/v2\/product\/21370","targetHints":{"allow":["GET"]}}],"collection":[{"href":"https:\/\/www.sellersunionagent.com\/pt\/wp-json\/wp\/v2\/product"}],"about":[{"href":"https:\/\/www.sellersunionagent.com\/pt\/wp-json\/wp\/v2\/types\/product"}],"replies":[{"embeddable":true,"href":"https:\/\/www.sellersunionagent.com\/pt\/wp-json\/wp\/v2\/comments?post=21370"}],"wp:featuredmedia":[{"embeddable":true,"href":"https:\/\/www.sellersunionagent.com\/pt\/wp-json\/wp\/v2\/media\/21371"}],"wp:attachment":[{"href":"https:\/\/www.sellersunionagent.com\/pt\/wp-json\/wp\/v2\/media?parent=21370"}],"wp:term":[{"taxonomy":"product_brand","embeddable":true,"href":"https:\/\/www.sellersunionagent.com\/pt\/wp-json\/wp\/v2\/product_brand?post=21370"},{"taxonomy":"product_cat","embeddable":true,"href":"https:\/\/www.sellersunionagent.com\/pt\/wp-json\/wp\/v2\/product_cat?post=21370"},{"taxonomy":"product_tag","embeddable":true,"href":"https:\/\/www.sellersunionagent.com\/pt\/wp-json\/wp\/v2\/product_tag?post=21370"}],"curies":[{"name":"wp","href":"https:\/\/api.w.org\/{rel}","templated":true}]}}