{"id":20626,"date":"2024-10-23T16:05:57","date_gmt":"2024-10-23T08:05:57","guid":{"rendered":"https:\/\/sellersunionagent.com\/?post_type=product&#038;p=20626"},"modified":"2024-10-23T16:05:57","modified_gmt":"2024-10-23T08:05:57","slug":"recipiente-de-armazenamento-de-arroz-dispensador-de-graos-balde-giratorio-de-arroz-em-graos-resistente-a-umidade-para-alimentos-de-cozinha","status":"publish","type":"product","link":"https:\/\/www.sellersunionagent.com\/pt\/rice-storage-container-grain-dispenser-rotating-grain-rice-bucket-moisture-resistant-for-kitchen-food\/","title":{"rendered":"Recipiente para armazenamento de arroz Dispensador de gr\u00e3os Balde girat\u00f3rio de arroz em gr\u00e3os Resistente \u00e0 umidade para alimentos na cozinha"},"content":{"rendered":"<h1 title=\"Recipiente para armazenamento de arroz Dispensador de gr\u00e3os Balde girat\u00f3rio de arroz em gr\u00e3os Resistente \u00e0 umidade para alimentos na cozinha\" data-spm-anchor-id=\"a2700.details.0.i39.599327bb4YwR1n\">Recipiente para armazenamento de arroz Dispensador de gr\u00e3os Balde girat\u00f3rio de arroz em gr\u00e3os Resistente \u00e0 umidade para alimentos na cozinha<\/h1>\n<div class=\"elementor-element elementor-element-c17fac7 elementor-widget elementor-widget-woocommerce-product-short-description\" data-id=\"c17fac7\" data-element_type=\"widget\" data-widget_type=\"woocommerce-product-short-description.default\">\n<div class=\"elementor-widget-container\">\n<div class=\"woocommerce-product-details__short-description\">\n<h3><strong>N\u00famero do item:<\/strong> CX01<\/h3>\n<h3><strong>Tamanho do item<\/strong>: 24*24cm\/27*27CM<\/h3>\n<h3><strong>Cores<\/strong>: branco\/verde\/creme<\/h3>\n<h3><strong>Material: <\/strong>pl\u00e1stico<\/h3>\n<\/div>\n<\/div>\n<\/div>\n<p>&nbsp;<\/p>\n<ul>\n<li>\n<h4>Alto volume<\/h4>\n<\/li>\n<li>\n<h4>\u00c0 prova de poeira e \u00e0 prova d'\u00e1gua<\/h4>\n<\/li>\n<li>\n<h4>Armazenamento ordenado<\/h4>\n<\/li>\n<\/ul>\n<p><img fetchpriority=\"high\" decoding=\"async\" class=\"size-full wp-image-20636\" title=\"He65c6b9a36e94631858aeee704d63197T.jpg avif=close 2024102308033799\" src=\"https:\/\/www.sellersunionagent.com\/wp-content\/uploads\/2024\/10\/He65c6b9a36e94631858aeee704d63197T.jpg_avifclose-2024102308033799.webp\" alt=\"He65c6b9a36e94631858aeee704d63197T.jpg avif=close 2024102308033799\" width=\"800\" height=\"800\" \/><\/p>\n<p><img decoding=\"async\" class=\"size-medium wp-image-20635\" title=\"Hb7aff492f7a84fe28edc0165bfb94554S.jpg avif=close 2024102308033169\" src=\"https:\/\/www.sellersunionagent.com\/wp-content\/uploads\/2024\/10\/Hb7aff492f7a84fe28edc0165bfb94554S.jpg_avifclose-2024102308033169.webp\" alt=\"Hb7aff492f7a84fe28edc0165bfb94554S.jpg avif=close 2024102308033169\" width=\"800\" height=\"800\" \/><\/p>\n<p><img decoding=\"async\" class=\"size-medium wp-image-20634\" title=\"H559342e756cb482c843852aec18a7159c.jpg avif=close 2024102308032698\" src=\"https:\/\/www.sellersunionagent.com\/wp-content\/uploads\/2024\/10\/H559342e756cb482c843852aec18a7159c.jpg_avifclose-2024102308032698.webp\" alt=\"H559342e756cb482c843852aec18a7159c.jpg avif=close 2024102308032698\" width=\"800\" height=\"800\" \/><\/p>\n<p><img loading=\"lazy\" decoding=\"async\" class=\"size-medium wp-image-20633\" title=\"H9610c09bcfd0485d8c6fba63d6f0ad32B.jpg avif=close 2024102308032131\" src=\"https:\/\/www.sellersunionagent.com\/wp-content\/uploads\/2024\/10\/H9610c09bcfd0485d8c6fba63d6f0ad32B.jpg_avifclose-2024102308032131.webp\" alt=\"H9610c09bcfd0485d8c6fba63d6f0ad32B.jpg avif=close 2024102308032131\" width=\"800\" height=\"800\" \/><\/p>\n<p><img loading=\"lazy\" decoding=\"async\" class=\"size-medium wp-image-20632\" title=\"H72aae0785d5c455c9e331e4dea1e0fbal.jpg avif=close 2024102308031617\" src=\"https:\/\/www.sellersunionagent.com\/wp-content\/uploads\/2024\/10\/H72aae0785d5c455c9e331e4dea1e0fbal.jpg_avifclose-2024102308031617.webp\" alt=\"H72aae0785d5c455c9e331e4dea1e0fbal.jpg avif=close 2024102308031617\" width=\"800\" height=\"800\" \/><\/p>\n<p><img loading=\"lazy\" decoding=\"async\" class=\"size-full wp-image-20631\" title=\"H5f699e4d84444d9ca61124dbcbb23237x.jpg avif=close 2024102308031130\" src=\"https:\/\/www.sellersunionagent.com\/wp-content\/uploads\/2024\/10\/H5f699e4d84444d9ca61124dbcbb23237x.jpg_avifclose-2024102308031130.webp\" alt=\"H5f699e4d84444d9ca61124dbcbb23237x.jpg avif=close 2024102308031130\" width=\"790\" height=\"790\" \/><\/p>","protected":false},"excerpt":{"rendered":"<p><strong>MOQ<\/strong>:  1000 pe\u00e7as<br \/>\n<strong>Amostra gr\u00e1tis<\/strong>:  Com suporte<br \/>\n<strong>Personaliza\u00e7\u00e3o<\/strong>: logotipo \/ cor \/ materiais \/ embalagem etc.<br \/>\n<strong>Desconto<\/strong>:  Primeiros pedidos a partir de 10% de desconto.<br \/>\n<strong>Taxa de entrega no prazo<\/strong>:\u00a0 100%<br \/>\n<strong>Total de remessas<\/strong>:  10000 pe\u00e7as<br \/>\n<strong>Remessa<\/strong>: Suporte expresso - frete mar\u00edtimo - frete terrestre<\/p>","protected":false},"featured_media":20633,"comment_status":"open","ping_status":"closed","template":"","meta":{"_acf_changed":false},"product_brand":[],"product_cat":[188],"product_tag":[],"class_list":{"0":"post-20626","1":"product","2":"type-product","3":"status-publish","4":"has-post-thumbnail","6":"product_cat-kitchen","8":"first","9":"instock","10":"shipping-taxable","11":"product-type-simple","12":"swiper-slide"},"acf":[],"_links":{"self":[{"href":"https:\/\/www.sellersunionagent.com\/pt\/wp-json\/wp\/v2\/product\/20626","targetHints":{"allow":["GET"]}}],"collection":[{"href":"https:\/\/www.sellersunionagent.com\/pt\/wp-json\/wp\/v2\/product"}],"about":[{"href":"https:\/\/www.sellersunionagent.com\/pt\/wp-json\/wp\/v2\/types\/product"}],"replies":[{"embeddable":true,"href":"https:\/\/www.sellersunionagent.com\/pt\/wp-json\/wp\/v2\/comments?post=20626"}],"wp:featuredmedia":[{"embeddable":true,"href":"https:\/\/www.sellersunionagent.com\/pt\/wp-json\/wp\/v2\/media\/20633"}],"wp:attachment":[{"href":"https:\/\/www.sellersunionagent.com\/pt\/wp-json\/wp\/v2\/media?parent=20626"}],"wp:term":[{"taxonomy":"product_brand","embeddable":true,"href":"https:\/\/www.sellersunionagent.com\/pt\/wp-json\/wp\/v2\/product_brand?post=20626"},{"taxonomy":"product_cat","embeddable":true,"href":"https:\/\/www.sellersunionagent.com\/pt\/wp-json\/wp\/v2\/product_cat?post=20626"},{"taxonomy":"product_tag","embeddable":true,"href":"https:\/\/www.sellersunionagent.com\/pt\/wp-json\/wp\/v2\/product_tag?post=20626"}],"curies":[{"name":"wp","href":"https:\/\/api.w.org\/{rel}","templated":true}]}}