{"id":20133,"date":"2024-10-14T18:08:48","date_gmt":"2024-10-14T10:08:48","guid":{"rendered":"https:\/\/sellersunionagent.com\/?post_type=product&#038;p=20133"},"modified":"2024-10-14T18:08:48","modified_gmt":"2024-10-14T10:08:48","slug":"caixa-de-armazenamento-de-remedios-por-atacado-com-divisoria-facil-de-tomar-caixa-de-pilulas-com-marca-de-7-dias-organizador-de-pilulas-de-bolso","status":"publish","type":"product","link":"https:\/\/www.sellersunionagent.com\/pt\/wholesale-partition-medicine-storage-box-easy-taking-7-days-mark-pills-box-pocket-pill-organizer\/","title":{"rendered":"Caixa de armazenamento de rem\u00e9dios com divis\u00f3rias no atacado Caixa de p\u00edlulas de bolso para organizar p\u00edlulas de 7 dias"},"content":{"rendered":"<h1 title=\"Caixa de armazenamento de rem\u00e9dios com divis\u00f3rias no atacado Caixa de p\u00edlulas de bolso para organizar p\u00edlulas de 7 dias\" data-spm-anchor-id=\"a2700.details.0.i56.59e843b6MLvpVy\">Caixa de armazenamento de rem\u00e9dios com divis\u00f3rias no atacado Caixa de p\u00edlulas de bolso para organizar p\u00edlulas de 7 dias<\/h1>\n<div class=\"elementor-element elementor-element-c17fac7 elementor-widget elementor-widget-woocommerce-product-short-description\" data-id=\"c17fac7\" data-element_type=\"widget\" data-widget_type=\"woocommerce-product-short-description.default\">\n<div class=\"elementor-widget-container\">\n<div class=\"woocommerce-product-details__short-description\">\n<h3><strong>N\u00famero do item:<\/strong> 5130<\/h3>\n<h3><strong>Tamanho do item<\/strong>: 17*13*3\/23*13*3CM<\/h3>\n<h3><strong>Cores<\/strong>: branco\/transparente\/bege<\/h3>\n<h3><strong>Material: <\/strong>pl\u00e1stico<\/h3>\n<\/div>\n<\/div>\n<\/div>\n<p>&nbsp;<\/p>\n<ul>\n<li>\n<h4>Alto volume<\/h4>\n<\/li>\n<li>\n<h4>\u00c0 prova de poeira e \u00e0 prova d'\u00e1gua<\/h4>\n<\/li>\n<li>\n<h4>Classifica\u00e7\u00e3o e armazenamento<\/h4>\n<\/li>\n<\/ul>\n<p><img fetchpriority=\"high\" decoding=\"async\" class=\"size-full wp-image-20141\" title=\"Haf90beb0f6ee4923ae5ed3da5e8f0839a.jpg avif=close 2024101410073222\" src=\"https:\/\/www.sellersunionagent.com\/wp-content\/uploads\/2024\/10\/Haf90beb0f6ee4923ae5ed3da5e8f0839a.jpg_avifclose-2024101410073222.webp\" alt=\"Haf90beb0f6ee4923ae5ed3da5e8f0839a.jpg avif=close 2024101410073222\" width=\"800\" height=\"800\" \/><\/p>\n<p><img decoding=\"async\" class=\"size-full wp-image-20140\" title=\"H452a13539d4b4d0d8e381dd386e340287.jpg avif=close 2024101410072888\" src=\"https:\/\/www.sellersunionagent.com\/wp-content\/uploads\/2024\/10\/H452a13539d4b4d0d8e381dd386e340287.jpg_avifclose-2024101410072888.webp\" alt=\"H452a13539d4b4d0d8e381dd386e340287.jpg avif=close 2024101410072888\" width=\"800\" height=\"800\" \/><\/p>\n<p><img decoding=\"async\" class=\"size-full wp-image-20139\" title=\"H81b4248994b94ee0ab15bfb1117428d3o.jpg avif=close 2024101410072259\" src=\"https:\/\/www.sellersunionagent.com\/wp-content\/uploads\/2024\/10\/H81b4248994b94ee0ab15bfb1117428d3o.jpg_avifclose-2024101410072259.webp\" alt=\"H81b4248994b94ee0ab15bfb1117428d3o.jpg avif=close 2024101410072259\" width=\"800\" height=\"800\" \/><\/p>\n<p><img loading=\"lazy\" decoding=\"async\" class=\"size-full wp-image-20138\" title=\"H9f5134e4885f44e39f613cd2c8fcc715K.jpg avif=close 2024101410071850\" src=\"https:\/\/www.sellersunionagent.com\/wp-content\/uploads\/2024\/10\/H9f5134e4885f44e39f613cd2c8fcc715K.jpg_avifclose-2024101410071850.webp\" alt=\"H9f5134e4885f44e39f613cd2c8fcc715K.jpg avif=close 2024101410071850\" width=\"800\" height=\"800\" \/><\/p>\n<p><img loading=\"lazy\" decoding=\"async\" class=\"size-full wp-image-20136\" title=\"H3dd950eebe8d49e88c38db8476c4ee05e.jpg avif=close 2024101410071055\" src=\"https:\/\/www.sellersunionagent.com\/wp-content\/uploads\/2024\/10\/H3dd950eebe8d49e88c38db8476c4ee05e.jpg_avifclose-2024101410071055.webp\" alt=\"H3dd950eebe8d49e88c38db8476c4ee05e.jpg avif=close 2024101410071055\" width=\"800\" height=\"800\" \/><\/p>\n<p><img loading=\"lazy\" decoding=\"async\" class=\"size-full wp-image-20135\" title=\"H02dd90d4c7f24925b1e66ea79ec7f8a2F.jpg avif=close 2024101410070792\" src=\"https:\/\/www.sellersunionagent.com\/wp-content\/uploads\/2024\/10\/H02dd90d4c7f24925b1e66ea79ec7f8a2F.jpg_avifclose-2024101410070792.webp\" alt=\"H02dd90d4c7f24925b1e66ea79ec7f8a2F.jpg avif=close 2024101410070792\" width=\"800\" height=\"800\" \/><\/p>\n<p><img loading=\"lazy\" decoding=\"async\" class=\"size-full wp-image-20142\" title=\"Hd742c2d87f8c4f5583d3666619a89bd5F 2024101410073770\" src=\"https:\/\/www.sellersunionagent.com\/wp-content\/uploads\/2024\/10\/Hd742c2d87f8c4f5583d3666619a89bd5F-2024101410073770.webp\" alt=\"Hd742c2d87f8c4f5583d3666619a89bd5F 2024101410073770\" width=\"790\" height=\"992\" \/><\/p>\n<p><img loading=\"lazy\" decoding=\"async\" class=\"size-full wp-image-20137\" title=\"H04b71e448a9248fe975bbe7b6f101ec1j 2024101410071447\" src=\"https:\/\/www.sellersunionagent.com\/wp-content\/uploads\/2024\/10\/H04b71e448a9248fe975bbe7b6f101ec1j-2024101410071447.webp\" alt=\"H04b71e448a9248fe975bbe7b6f101ec1j 2024101410071447\" width=\"790\" height=\"942\" \/><\/p>\n<p><img loading=\"lazy\" decoding=\"async\" class=\"size-full wp-image-20134\" title=\"H1bb13d3de4294e689c97e84119976935m 2024101410070383\" src=\"https:\/\/www.sellersunionagent.com\/wp-content\/uploads\/2024\/10\/H1bb13d3de4294e689c97e84119976935m-2024101410070383.webp\" alt=\"H1bb13d3de4294e689c97e84119976935m 2024101410070383\" width=\"790\" height=\"966\" \/><\/p>","protected":false},"excerpt":{"rendered":"<p><strong>MOQ<\/strong>:  1000 pe\u00e7as<br \/>\n<strong>Amostra gr\u00e1tis<\/strong>:  Com suporte<br \/>\n<strong>Personaliza\u00e7\u00e3o<\/strong>: logotipo \/ cor \/ materiais \/ embalagem etc.<br \/>\n<strong>Desconto<\/strong>:  Primeiros pedidos a partir de 10% de desconto.<br \/>\n<strong>Taxa de entrega no prazo<\/strong>:\u00a0 100%<br \/>\n<strong>Total de remessas<\/strong>:  10000 pe\u00e7as<br \/>\n<strong>Remessa<\/strong>: Suporte expresso - frete mar\u00edtimo - frete terrestre<\/p>","protected":false},"featured_media":20139,"comment_status":"open","ping_status":"closed","template":"","meta":{"_acf_changed":false},"product_brand":[],"product_cat":[237],"product_tag":[],"class_list":{"0":"post-20133","1":"product","2":"type-product","3":"status-publish","4":"has-post-thumbnail","6":"product_cat-new-arrivals","8":"first","9":"instock","10":"shipping-taxable","11":"product-type-simple","12":"swiper-slide"},"acf":[],"_links":{"self":[{"href":"https:\/\/www.sellersunionagent.com\/pt\/wp-json\/wp\/v2\/product\/20133","targetHints":{"allow":["GET"]}}],"collection":[{"href":"https:\/\/www.sellersunionagent.com\/pt\/wp-json\/wp\/v2\/product"}],"about":[{"href":"https:\/\/www.sellersunionagent.com\/pt\/wp-json\/wp\/v2\/types\/product"}],"replies":[{"embeddable":true,"href":"https:\/\/www.sellersunionagent.com\/pt\/wp-json\/wp\/v2\/comments?post=20133"}],"wp:featuredmedia":[{"embeddable":true,"href":"https:\/\/www.sellersunionagent.com\/pt\/wp-json\/wp\/v2\/media\/20139"}],"wp:attachment":[{"href":"https:\/\/www.sellersunionagent.com\/pt\/wp-json\/wp\/v2\/media?parent=20133"}],"wp:term":[{"taxonomy":"product_brand","embeddable":true,"href":"https:\/\/www.sellersunionagent.com\/pt\/wp-json\/wp\/v2\/product_brand?post=20133"},{"taxonomy":"product_cat","embeddable":true,"href":"https:\/\/www.sellersunionagent.com\/pt\/wp-json\/wp\/v2\/product_cat?post=20133"},{"taxonomy":"product_tag","embeddable":true,"href":"https:\/\/www.sellersunionagent.com\/pt\/wp-json\/wp\/v2\/product_tag?post=20133"}],"curies":[{"name":"wp","href":"https:\/\/api.w.org\/{rel}","templated":true}]}}