{"id":20112,"date":"2024-10-14T17:44:36","date_gmt":"2024-10-14T09:44:36","guid":{"rendered":"https:\/\/sellersunionagent.com\/?post_type=product&#038;p=20112"},"modified":"2024-10-14T17:44:36","modified_gmt":"2024-10-14T09:44:36","slug":"frasco-de-vedacao-caixa-de-armazenamento-de-cereais-frasco-de-armazenamento-de-alimentos-com-medida-frasco-de-armazenamento-balde-de-arroz-recipiente-de-arroz","status":"publish","type":"product","link":"https:\/\/www.sellersunionagent.com\/pt\/sealing-jar-cereal-storage-box-kitchen-beans-food-storage-bottle-with-measuring-storage-jar-rice-bucket-rice-container\/","title":{"rendered":"Frasco de veda\u00e7\u00e3o de caixa de armazenamento de cereais para cozinha frasco de armazenamento de alimentos em gr\u00e3os com frasco de armazenamento de medi\u00e7\u00e3o balde de arroz recipiente de arroz"},"content":{"rendered":"<h1 title=\"Frasco de veda\u00e7\u00e3o de caixa de armazenamento de cereais para cozinha frasco de armazenamento de alimentos em gr\u00e3os com frasco de armazenamento de medi\u00e7\u00e3o balde de arroz recipiente de arroz\" data-spm-anchor-id=\"a2700.details.0.i22.68bd1bf8NLpt9p\">Frasco de veda\u00e7\u00e3o de caixa de armazenamento de cereais para cozinha frasco de armazenamento de alimentos em gr\u00e3os com frasco de armazenamento de medi\u00e7\u00e3o balde de arroz recipiente de arroz<\/h1>\n<div class=\"elementor-element elementor-element-c17fac7 elementor-widget elementor-widget-woocommerce-product-short-description\" data-id=\"c17fac7\" data-element_type=\"widget\" data-widget_type=\"woocommerce-product-short-description.default\">\n<div class=\"elementor-widget-container\">\n<div class=\"woocommerce-product-details__short-description\">\n<h3><strong>N\u00famero do item:<\/strong> 1007<\/h3>\n<h3><strong>Tamanho do item<\/strong>: 1-2L<\/h3>\n<h3><strong>Cores<\/strong>: branco\/azul\/verde<\/h3>\n<h3><strong>Material: <\/strong>pp+ps<\/h3>\n<\/div>\n<\/div>\n<\/div>\n<p>&nbsp;<\/p>\n<ul>\n<li>\n<h4>Alto volume<\/h4>\n<\/li>\n<li>\n<h4>\u00c0 prova de poeira e \u00e0 prova d'\u00e1gua<\/h4>\n<\/li>\n<li>\n<h4>F\u00e1cil acesso<\/h4>\n<\/li>\n<\/ul>\n<p><img fetchpriority=\"high\" decoding=\"async\" class=\"size-full wp-image-20122\" title=\"He47ce773b87a49d5aac0a8e09984f96fa.jpg avif=close 2024101409362793\" src=\"https:\/\/www.sellersunionagent.com\/wp-content\/uploads\/2024\/10\/He47ce773b87a49d5aac0a8e09984f96fa.jpg_avifclose-2024101409362793.webp\" alt=\"He47ce773b87a49d5aac0a8e09984f96fa.jpg avif=close 2024101409362793\" width=\"800\" height=\"800\" \/><\/p>\n<p><img decoding=\"async\" class=\"size-medium wp-image-20121\" title=\"Hdf5aaf20819348d2bc4fb0f6d430a158N.jpg avif=close 2024101409362241\" src=\"https:\/\/www.sellersunionagent.com\/wp-content\/uploads\/2024\/10\/Hdf5aaf20819348d2bc4fb0f6d430a158N.jpg_avifclose-2024101409362241.webp\" alt=\"Hdf5aaf20819348d2bc4fb0f6d430a158N.jpg avif=close 2024101409362241\" width=\"790\" height=\"790\" \/><\/p>\n<p><img decoding=\"async\" class=\"size-full wp-image-20120\" title=\"H47229eb1a1534c93a757c87659381efaD.jpg avif=close 2024101409361737\" src=\"https:\/\/www.sellersunionagent.com\/wp-content\/uploads\/2024\/10\/H47229eb1a1534c93a757c87659381efaD.jpg_avifclose-2024101409361737.webp\" alt=\"H47229eb1a1534c93a757c87659381efaD.jpg avif=close 2024101409361737\" width=\"800\" height=\"800\" \/><\/p>\n<p><img loading=\"lazy\" decoding=\"async\" class=\"size-full wp-image-20117\" title=\"H46e5af46c06546fcbba7e9d6d63c422fY.jpg avif=close 2024101409360876\" src=\"https:\/\/www.sellersunionagent.com\/wp-content\/uploads\/2024\/10\/H46e5af46c06546fcbba7e9d6d63c422fY.jpg_avifclose-2024101409360876.webp\" alt=\"H46e5af46c06546fcbba7e9d6d63c422fY.jpg avif=close 2024101409360876\" width=\"800\" height=\"800\" \/><\/p>\n<p><img loading=\"lazy\" decoding=\"async\" class=\"size-medium wp-image-20116\" title=\"H9e01b1da9a634d97a64ba7e0f7fdf8cd9.jpg avif=close 2024101409360324\" src=\"https:\/\/www.sellersunionagent.com\/wp-content\/uploads\/2024\/10\/H9e01b1da9a634d97a64ba7e0f7fdf8cd9.jpg_avifclose-2024101409360324.webp\" alt=\"H9e01b1da9a634d97a64ba7e0f7fdf8cd9.jpg avif=close 2024101409360324\" width=\"790\" height=\"790\" \/><\/p>\n<p><img loading=\"lazy\" decoding=\"async\" class=\"size-full wp-image-20115\" title=\"H7f31049093d74140a40a45499c52687an.jpg avif=close 2024101409355858\" src=\"https:\/\/www.sellersunionagent.com\/wp-content\/uploads\/2024\/10\/H7f31049093d74140a40a45499c52687an.jpg_avifclose-2024101409355858.webp\" alt=\"H7f31049093d74140a40a45499c52687an.jpg avif=close 2024101409355858\" width=\"790\" height=\"790\" \/><\/p>\n<p><img loading=\"lazy\" decoding=\"async\" class=\"size-full wp-image-20119\" title=\"H0761e292662d493bbc71546d441a5356b 2024101409361457\" src=\"https:\/\/www.sellersunionagent.com\/wp-content\/uploads\/2024\/10\/H0761e292662d493bbc71546d441a5356b-2024101409361457.webp\" alt=\"H0761e292662d493bbc71546d441a5356b 2024101409361457\" width=\"800\" height=\"800\" \/><\/p>\n<p><img loading=\"lazy\" decoding=\"async\" class=\"size-full wp-image-20118\" title=\"H465b71f97a2d4ffd88627d425e22bc10z 2024101409361141\" src=\"https:\/\/www.sellersunionagent.com\/wp-content\/uploads\/2024\/10\/H465b71f97a2d4ffd88627d425e22bc10z-2024101409361141.webp\" alt=\"H465b71f97a2d4ffd88627d425e22bc10z 2024101409361141\" width=\"800\" height=\"800\" \/><\/p>\n<p><img loading=\"lazy\" decoding=\"async\" class=\"size-full wp-image-20114\" title=\"H3e47e530921c48dfac4bc0b42da496c70 2024101409355172\" src=\"https:\/\/www.sellersunionagent.com\/wp-content\/uploads\/2024\/10\/H3e47e530921c48dfac4bc0b42da496c70-2024101409355172.webp\" alt=\"H3e47e530921c48dfac4bc0b42da496c70 2024101409355172\" width=\"800\" height=\"800\" \/><\/p>","protected":false},"excerpt":{"rendered":"<p><strong>MOQ<\/strong>:  1000 pe\u00e7as<br \/>\n<strong>Amostra gr\u00e1tis<\/strong>:  Com suporte<br \/>\n<strong>Personaliza\u00e7\u00e3o<\/strong>: logotipo \/ cor \/ materiais \/ embalagem etc.<br \/>\n<strong>Desconto<\/strong>:  Primeiros pedidos a partir de 10% de desconto.<br \/>\n<strong>Taxa de entrega no prazo<\/strong>:\u00a0 100%<br \/>\n<strong>Total de remessas<\/strong>:  10000 pe\u00e7as<br \/>\n<strong>Remessa<\/strong>: Suporte expresso - frete mar\u00edtimo - frete terrestre<\/p>","protected":false},"featured_media":20115,"comment_status":"open","ping_status":"closed","template":"","meta":{"_acf_changed":false},"product_brand":[],"product_cat":[188],"product_tag":[],"class_list":{"0":"post-20112","1":"product","2":"type-product","3":"status-publish","4":"has-post-thumbnail","6":"product_cat-kitchen","8":"first","9":"instock","10":"shipping-taxable","11":"product-type-simple","12":"swiper-slide"},"acf":[],"_links":{"self":[{"href":"https:\/\/www.sellersunionagent.com\/pt\/wp-json\/wp\/v2\/product\/20112","targetHints":{"allow":["GET"]}}],"collection":[{"href":"https:\/\/www.sellersunionagent.com\/pt\/wp-json\/wp\/v2\/product"}],"about":[{"href":"https:\/\/www.sellersunionagent.com\/pt\/wp-json\/wp\/v2\/types\/product"}],"replies":[{"embeddable":true,"href":"https:\/\/www.sellersunionagent.com\/pt\/wp-json\/wp\/v2\/comments?post=20112"}],"wp:featuredmedia":[{"embeddable":true,"href":"https:\/\/www.sellersunionagent.com\/pt\/wp-json\/wp\/v2\/media\/20115"}],"wp:attachment":[{"href":"https:\/\/www.sellersunionagent.com\/pt\/wp-json\/wp\/v2\/media?parent=20112"}],"wp:term":[{"taxonomy":"product_brand","embeddable":true,"href":"https:\/\/www.sellersunionagent.com\/pt\/wp-json\/wp\/v2\/product_brand?post=20112"},{"taxonomy":"product_cat","embeddable":true,"href":"https:\/\/www.sellersunionagent.com\/pt\/wp-json\/wp\/v2\/product_cat?post=20112"},{"taxonomy":"product_tag","embeddable":true,"href":"https:\/\/www.sellersunionagent.com\/pt\/wp-json\/wp\/v2\/product_tag?post=20112"}],"curies":[{"name":"wp","href":"https:\/\/api.w.org\/{rel}","templated":true}]}}