{"id":19591,"date":"2024-10-10T16:52:56","date_gmt":"2024-10-10T08:52:56","guid":{"rendered":"https:\/\/sellersunionagent.com\/?post_type=product&#038;p=19591"},"modified":"2024-10-10T16:52:56","modified_gmt":"2024-10-10T08:52:56","slug":"lixeira-de-pedal-lixeiras-de-plastico-lixeiras-de-cozinha-lixeira-de-pedal-pequena-com-tampa-de-pressao","status":"publish","type":"product","link":"https:\/\/www.sellersunionagent.com\/pt\/pedal-garbage-bin-plastic-waste-bins-kitchen-small-pedal-trash-can-with-press-top-lid\/","title":{"rendered":"Lixeira de Pedal Lixeiras de Pl\u00e1stico Lixeiras de Pedal para Cozinha Lixeira de Pedal Pequena com Tampa de Press\u00e3o"},"content":{"rendered":"<h1 title=\"Lixeira de Pedal Lixeiras de Pl\u00e1stico Lixeiras de Pedal para Cozinha Lixeira de Pedal Pequena com Tampa de Press\u00e3o\" data-spm-anchor-id=\"a2700.details.0.i25.6c403284bSDE2h\">Lixeira de Pedal Lixeiras de Pl\u00e1stico Lixeiras de Pedal para Cozinha Lixeira de Pedal Pequena com Tampa de Press\u00e3o<\/h1>\n<div class=\"elementor-element elementor-element-c17fac7 elementor-widget elementor-widget-woocommerce-product-short-description\" data-id=\"c17fac7\" data-element_type=\"widget\" data-widget_type=\"woocommerce-product-short-description.default\">\n<div class=\"elementor-widget-container\">\n<div class=\"woocommerce-product-details__short-description\">\n<h3><strong>N\u00famero do item:<\/strong> HN-8627<\/h3>\n<h3><strong>Tamanho do item<\/strong>: 8\/10\/15\/20L<\/h3>\n<h3><strong>Cores<\/strong>: branco creme<\/h3>\n<h3><strong>Material: <\/strong>pl\u00e1stico<\/h3>\n<\/div>\n<\/div>\n<\/div>\n<p>&nbsp;<\/p>\n<ul>\n<li>\n<h4>Alto volume<\/h4>\n<\/li>\n<li>\n<h4>\u00c0 prova de poeira e \u00e0 prova d'\u00e1gua<\/h4>\n<\/li>\n<li>\n<h4>Tipo de pedal<\/h4>\n<\/li>\n<\/ul>\n<p><img fetchpriority=\"high\" decoding=\"async\" class=\"size-full wp-image-19597\" title=\"H1171038865674f759c1137bf61f715bey.jpg avif=close 2024101008515050\" src=\"https:\/\/www.sellersunionagent.com\/wp-content\/uploads\/2024\/10\/H1171038865674f759c1137bf61f715bey.jpg_avifclose-2024101008515050.webp\" alt=\"H1171038865674f759c1137bf61f715bey.jpg avif=close 2024101008515050\" width=\"790\" height=\"790\" \/><\/p>\n<p><img decoding=\"async\" class=\"size-full wp-image-19592\" title=\"H9eb1b07dfbac4115a490f100f200f4edI.jpg avif=close 2024101008511947\" src=\"https:\/\/www.sellersunionagent.com\/wp-content\/uploads\/2024\/10\/H9eb1b07dfbac4115a490f100f200f4edI.jpg_avifclose-2024101008511947.webp\" alt=\"H9eb1b07dfbac4115a490f100f200f4edI.jpg avif=close 2024101008511947\" width=\"790\" height=\"790\" \/><\/p>\n<p><img decoding=\"async\" class=\"size-medium wp-image-19596\" title=\"H0543486eff434aeca8ab589804a83ef58.jpg avif=close 2024101008514688\" src=\"https:\/\/www.sellersunionagent.com\/wp-content\/uploads\/2024\/10\/H0543486eff434aeca8ab589804a83ef58.jpg_avifclose-2024101008514688.webp\" alt=\"H0543486eff434aeca8ab589804a83ef58.jpg avif=close 2024101008514688\" width=\"800\" height=\"800\" \/><\/p>\n<p><img loading=\"lazy\" decoding=\"async\" class=\"size-medium wp-image-19595\" title=\"H69e22003d0934e6aba4a086e965f30a0u.jpg avif=close 2024101008514059\" src=\"https:\/\/www.sellersunionagent.com\/wp-content\/uploads\/2024\/10\/H69e22003d0934e6aba4a086e965f30a0u.jpg_avifclose-2024101008514059.webp\" alt=\"H69e22003d0934e6aba4a086e965f30a0u.jpg avif=close 2024101008514059\" width=\"790\" height=\"1080\" \/><\/p>\n<p><img loading=\"lazy\" decoding=\"async\" class=\"size-medium wp-image-19594\" title=\"H45ec71cd899d4529a515d05efbdc1c0fN.jpg avif=close 2024101008513013\" src=\"https:\/\/www.sellersunionagent.com\/wp-content\/uploads\/2024\/10\/H45ec71cd899d4529a515d05efbdc1c0fN.jpg_avifclose-2024101008513013.webp\" alt=\"H45ec71cd899d4529a515d05efbdc1c0fN.jpg avif=close 2024101008513013\" width=\"790\" height=\"1080\" \/><\/p>\n<p><img loading=\"lazy\" decoding=\"async\" class=\"size-medium wp-image-19593\" title=\"H21e41996c83143dd9272c5900a8c1ed06.jpg avif=close 2024101008512225\" src=\"https:\/\/www.sellersunionagent.com\/wp-content\/uploads\/2024\/10\/H21e41996c83143dd9272c5900a8c1ed06.jpg_avifclose-2024101008512225.webp\" alt=\"H21e41996c83143dd9272c5900a8c1ed06.jpg avif=close 2024101008512225\" width=\"800\" height=\"800\" \/><\/p>","protected":false},"excerpt":{"rendered":"<p><strong>MOQ<\/strong>:  1000 pe\u00e7as<br \/>\n<strong>Amostra gr\u00e1tis<\/strong>:  Com suporte<br \/>\n<strong>Personaliza\u00e7\u00e3o<\/strong>: logotipo \/ cor \/ materiais \/ embalagem etc.<br \/>\n<strong>Desconto<\/strong>:  Primeiros pedidos a partir de 10% de desconto.<br \/>\n<strong>Taxa de entrega no prazo<\/strong>:\u00a0 100%<br \/>\n<strong>Total de remessas<\/strong>:  10000 pe\u00e7as<br \/>\n<strong>Remessa<\/strong>: Suporte expresso - frete mar\u00edtimo - frete terrestre<\/p>","protected":false},"featured_media":19593,"comment_status":"open","ping_status":"closed","template":"","meta":{"_acf_changed":false},"product_brand":[],"product_cat":[31,189,187,188,186],"product_tag":[],"class_list":{"0":"post-19591","1":"product","2":"type-product","3":"status-publish","4":"has-post-thumbnail","6":"product_cat-home-storage","7":"product_cat-bathroom","8":"product_cat-bedroom","9":"product_cat-kitchen","10":"product_cat-living-room","12":"first","13":"instock","14":"shipping-taxable","15":"product-type-simple","16":"swiper-slide"},"acf":[],"_links":{"self":[{"href":"https:\/\/www.sellersunionagent.com\/pt\/wp-json\/wp\/v2\/product\/19591","targetHints":{"allow":["GET"]}}],"collection":[{"href":"https:\/\/www.sellersunionagent.com\/pt\/wp-json\/wp\/v2\/product"}],"about":[{"href":"https:\/\/www.sellersunionagent.com\/pt\/wp-json\/wp\/v2\/types\/product"}],"replies":[{"embeddable":true,"href":"https:\/\/www.sellersunionagent.com\/pt\/wp-json\/wp\/v2\/comments?post=19591"}],"wp:featuredmedia":[{"embeddable":true,"href":"https:\/\/www.sellersunionagent.com\/pt\/wp-json\/wp\/v2\/media\/19593"}],"wp:attachment":[{"href":"https:\/\/www.sellersunionagent.com\/pt\/wp-json\/wp\/v2\/media?parent=19591"}],"wp:term":[{"taxonomy":"product_brand","embeddable":true,"href":"https:\/\/www.sellersunionagent.com\/pt\/wp-json\/wp\/v2\/product_brand?post=19591"},{"taxonomy":"product_cat","embeddable":true,"href":"https:\/\/www.sellersunionagent.com\/pt\/wp-json\/wp\/v2\/product_cat?post=19591"},{"taxonomy":"product_tag","embeddable":true,"href":"https:\/\/www.sellersunionagent.com\/pt\/wp-json\/wp\/v2\/product_tag?post=19591"}],"curies":[{"name":"wp","href":"https:\/\/api.w.org\/{rel}","templated":true}]}}