{"id":19355,"date":"2024-09-30T18:08:05","date_gmt":"2024-09-30T10:08:05","guid":{"rendered":"https:\/\/sellersunionagent.com\/?post_type=product&#038;p=19355"},"modified":"2024-09-30T18:08:05","modified_gmt":"2024-09-30T10:08:05","slug":"recipiente-para-alimentos-selado-para-cozinha-caixa-de-armazenamento-de-plastico-transparente-para-biscoitos-e-doces","status":"publish","type":"product","link":"https:\/\/www.sellersunionagent.com\/pt\/kitchen-sealed-food-container-plastic-storage-box-transparent-snack-cookie-candy-storage-jar\/","title":{"rendered":"Recipiente de pl\u00e1stico para armazenamento de alimentos lacrado para cozinha Caixa de armazenamento transparente para biscoitos e doces"},"content":{"rendered":"<h1 title=\"Recipiente de pl\u00e1stico para armazenamento de alimentos lacrado para cozinha Caixa de armazenamento transparente para biscoitos e doces\" data-spm-anchor-id=\"a2700.details.0.i25.19896f11HmyKbC\">Recipiente de pl\u00e1stico para armazenamento de alimentos lacrado para cozinha Caixa de armazenamento transparente para biscoitos e doces<\/h1>\n<div class=\"elementor-element elementor-element-c17fac7 elementor-widget elementor-widget-woocommerce-product-short-description\" data-id=\"c17fac7\" data-element_type=\"widget\" data-widget_type=\"woocommerce-product-short-description.default\">\n<div class=\"elementor-widget-container\">\n<div class=\"woocommerce-product-details__short-description\">\n<h3><strong>N\u00famero do item:<\/strong> HN-1001<\/h3>\n<h3><strong>Tamanho do item<\/strong>: 900ml\/1400ml\/2000ml\/2600ml<\/h3>\n<h3><strong>Cores<\/strong>: transparente<\/h3>\n<h3><strong>Material: PET<\/strong><\/h3>\n<\/div>\n<\/div>\n<\/div>\n<p>&nbsp;<\/p>\n<ul>\n<li>\n<h4>Alto volume<\/h4>\n<\/li>\n<li>\n<h4>\u00c0 prova de poeira e \u00e0 prova d'\u00e1gua<\/h4>\n<\/li>\n<li>\n<h4>Totalmente herm\u00e9tico<\/h4>\n<\/li>\n<\/ul>\n<p><img fetchpriority=\"high\" decoding=\"async\" class=\"size-full wp-image-19364\" title=\"Hee3ffa94adeb4666b4eb18b2c48ef57eH.jpg avif=close 2024093010044170\" src=\"https:\/\/www.sellersunionagent.com\/wp-content\/uploads\/2024\/09\/Hee3ffa94adeb4666b4eb18b2c48ef57eH.jpg_avifclose-2024093010044170.webp\" alt=\"Hee3ffa94adeb4666b4eb18b2c48ef57eH.jpg avif=close 2024093010044170\" width=\"800\" height=\"800\" \/><\/p>\n<p><img decoding=\"async\" class=\"size-full wp-image-19362\" title=\"Haef89f59ba854a65b981520df598d2c8r.jpg avif=close 2024093010043515\" src=\"https:\/\/www.sellersunionagent.com\/wp-content\/uploads\/2024\/09\/Haef89f59ba854a65b981520df598d2c8r.jpg_avifclose-2024093010043515.webp\" alt=\"Haef89f59ba854a65b981520df598d2c8r.jpg avif=close 2024093010043515\" width=\"800\" height=\"800\" \/><\/p>\n<p><img decoding=\"async\" class=\"size-full wp-image-19359\" title=\"H289e169e54fb45499a8bb007d94e3dbbw.jpg avif=close 2024093010042614\" src=\"https:\/\/www.sellersunionagent.com\/wp-content\/uploads\/2024\/09\/H289e169e54fb45499a8bb007d94e3dbbw.jpg_avifclose-2024093010042614.webp\" alt=\"H289e169e54fb45499a8bb007d94e3dbbw.jpg avif=close 2024093010042614\" width=\"790\" height=\"790\" \/><\/p>\n<p><img loading=\"lazy\" decoding=\"async\" class=\"size-full wp-image-19358\" title=\"H6e7280fd7945413096c75105b0f74378M.jpg avif=close 2024093010042283\" src=\"https:\/\/www.sellersunionagent.com\/wp-content\/uploads\/2024\/09\/H6e7280fd7945413096c75105b0f74378M.jpg_avifclose-2024093010042283.webp\" alt=\"H6e7280fd7945413096c75105b0f74378M.jpg avif=close 2024093010042283\" width=\"800\" height=\"800\" \/><\/p>\n<p><img loading=\"lazy\" decoding=\"async\" class=\"size-full wp-image-19360\" title=\"H0929b928be4c4d5098fcdc2405eeeb68g.jpg avif=close 2024093010042952\" src=\"https:\/\/www.sellersunionagent.com\/wp-content\/uploads\/2024\/09\/H0929b928be4c4d5098fcdc2405eeeb68g.jpg_avifclose-2024093010042952.webp\" alt=\"H0929b928be4c4d5098fcdc2405eeeb68g.jpg avif=close 2024093010042952\" width=\"800\" height=\"800\" \/><\/p>\n<p><img loading=\"lazy\" decoding=\"async\" class=\"size-full wp-image-19363\" title=\"Hc0a30266ff7f4b7d9860d6eaafa078633 2024093010043874\" src=\"https:\/\/www.sellersunionagent.com\/wp-content\/uploads\/2024\/09\/Hc0a30266ff7f4b7d9860d6eaafa078633-2024093010043874.webp\" alt=\"Hc0a30266ff7f4b7d9860d6eaafa078633 2024093010043874\" width=\"800\" height=\"800\" \/><\/p>\n<p><img loading=\"lazy\" decoding=\"async\" class=\"size-full wp-image-19361\" title=\"H4750866a44d04caa83b5e6dee8cd7e12S 2024093010043238\" src=\"https:\/\/www.sellersunionagent.com\/wp-content\/uploads\/2024\/09\/H4750866a44d04caa83b5e6dee8cd7e12S-2024093010043238.webp\" alt=\"H4750866a44d04caa83b5e6dee8cd7e12S 2024093010043238\" width=\"800\" height=\"800\" \/><\/p>\n<p><img loading=\"lazy\" decoding=\"async\" class=\"size-full wp-image-19357\" title=\"H5abd5f1d1a194c62a1c901d305560adeX 2024093010041933\" src=\"https:\/\/www.sellersunionagent.com\/wp-content\/uploads\/2024\/09\/H5abd5f1d1a194c62a1c901d305560adeX-2024093010041933.webp\" alt=\"H5abd5f1d1a194c62a1c901d305560adeX 2024093010041933\" width=\"800\" height=\"800\" \/><\/p>","protected":false},"excerpt":{"rendered":"<p><strong>MOQ<\/strong>:  1000 pe\u00e7as<br \/>\n<strong>Amostra gr\u00e1tis<\/strong>:  Com suporte<br \/>\n<strong>Personaliza\u00e7\u00e3o<\/strong>: logotipo \/ cor \/ materiais \/ embalagem etc.<br \/>\n<strong>Desconto<\/strong>:  Primeiros pedidos a partir de 10% de desconto.<br \/>\n<strong>Taxa de entrega no prazo<\/strong>:\u00a0 100%<br \/>\n<strong>Total de remessas<\/strong>:  10000 pe\u00e7as<br \/>\n<strong>Remessa<\/strong>: Suporte expresso - frete mar\u00edtimo - frete terrestre<\/p>","protected":false},"featured_media":19356,"comment_status":"open","ping_status":"closed","template":"","meta":{"_acf_changed":false},"product_brand":[],"product_cat":[188],"product_tag":[],"class_list":{"0":"post-19355","1":"product","2":"type-product","3":"status-publish","4":"has-post-thumbnail","6":"product_cat-kitchen","8":"first","9":"instock","10":"shipping-taxable","11":"product-type-simple","12":"swiper-slide"},"acf":[],"_links":{"self":[{"href":"https:\/\/www.sellersunionagent.com\/pt\/wp-json\/wp\/v2\/product\/19355","targetHints":{"allow":["GET"]}}],"collection":[{"href":"https:\/\/www.sellersunionagent.com\/pt\/wp-json\/wp\/v2\/product"}],"about":[{"href":"https:\/\/www.sellersunionagent.com\/pt\/wp-json\/wp\/v2\/types\/product"}],"replies":[{"embeddable":true,"href":"https:\/\/www.sellersunionagent.com\/pt\/wp-json\/wp\/v2\/comments?post=19355"}],"wp:featuredmedia":[{"embeddable":true,"href":"https:\/\/www.sellersunionagent.com\/pt\/wp-json\/wp\/v2\/media\/19356"}],"wp:attachment":[{"href":"https:\/\/www.sellersunionagent.com\/pt\/wp-json\/wp\/v2\/media?parent=19355"}],"wp:term":[{"taxonomy":"product_brand","embeddable":true,"href":"https:\/\/www.sellersunionagent.com\/pt\/wp-json\/wp\/v2\/product_brand?post=19355"},{"taxonomy":"product_cat","embeddable":true,"href":"https:\/\/www.sellersunionagent.com\/pt\/wp-json\/wp\/v2\/product_cat?post=19355"},{"taxonomy":"product_tag","embeddable":true,"href":"https:\/\/www.sellersunionagent.com\/pt\/wp-json\/wp\/v2\/product_tag?post=19355"}],"curies":[{"name":"wp","href":"https:\/\/api.w.org\/{rel}","templated":true}]}}