{"id":19243,"date":"2024-09-19T15:06:55","date_gmt":"2024-09-19T07:06:55","guid":{"rendered":"https:\/\/sellersunionagent.com\/?post_type=product&#038;p=19243"},"modified":"2024-09-19T15:09:00","modified_gmt":"2024-09-19T07:09:00","slug":"suporte-para-agua-em-forma-de-barril-suporte-para-agua-potavel-suporte-invertido-suporte-para-balde-de-plastico-prateleira-suporte-dobravel","status":"publish","type":"product","link":"https:\/\/www.sellersunionagent.com\/pt\/barrelled-water-holder-rack-drink-water-inverted-rack-plastic-bucket-bracket-shelf-foldable-stand\/","title":{"rendered":"Suporte para \u00e1gua em barril Suporte para \u00e1gua pot\u00e1vel Suporte invertido Suporte para balde de pl\u00e1stico Prateleira Suporte dobr\u00e1vel"},"content":{"rendered":"<h1 title=\"Suporte para \u00e1gua em barril Suporte para \u00e1gua pot\u00e1vel Suporte invertido Suporte para balde de pl\u00e1stico Prateleira Suporte dobr\u00e1vel\" data-spm-anchor-id=\"a2700.details.0.i38.7bb331e1fCOrXN\">Suporte para \u00e1gua em barril Suporte para \u00e1gua pot\u00e1vel Suporte invertido Suporte para balde de pl\u00e1stico Prateleira Suporte dobr\u00e1vel<\/h1>\n<p>&nbsp;<\/p>\n<div class=\"elementor-element elementor-element-c17fac7 elementor-widget elementor-widget-woocommerce-product-short-description\" data-id=\"c17fac7\" data-element_type=\"widget\" data-widget_type=\"woocommerce-product-short-description.default\">\n<div class=\"elementor-widget-container\">\n<div class=\"woocommerce-product-details__short-description\">\n<h3><strong>N\u00famero do item:<\/strong> M-1<\/h3>\n<h3><strong>Tamanho do item<\/strong>: 33*22*37CM<\/h3>\n<h3><strong>Cores<\/strong>: amarelo\/azul<\/h3>\n<h3><strong>Material: <\/strong>pl\u00e1stico<\/h3>\n<\/div>\n<\/div>\n<\/div>\n<p>&nbsp;<\/p>\n<ul>\n<li>\n<h4>Suporte dobr\u00e1vel<\/h4>\n<\/li>\n<li>\n<h4>Baldes, resfriadores e suportes<\/h4>\n<\/li>\n<li>\n<h4>Suporte para barril de \u00e1gua pot\u00e1vel<\/h4>\n<\/li>\n<\/ul>\n<p>&nbsp;<\/p>\n<p><img fetchpriority=\"high\" decoding=\"async\" class=\"size-full wp-image-19244\" title=\"H2c9ac93342014369971cee135a10647f3.jpg avif=close 2024091907034113\" src=\"https:\/\/www.sellersunionagent.com\/wp-content\/uploads\/2024\/09\/H2c9ac93342014369971cee135a10647f3.jpg_avifclose-2024091907034113.webp\" alt=\"H2c9ac93342014369971cee135a10647f3.jpg avif=close 2024091907034113\" width=\"650\" height=\"650\" \/><\/p>\n<p><img decoding=\"async\" class=\"size-medium wp-image-19245\" title=\"H9c8115011c0d499d90fd3b4b68e9d4a0a.jpg avif=close 2024091907034337\" src=\"https:\/\/www.sellersunionagent.com\/wp-content\/uploads\/2024\/09\/H9c8115011c0d499d90fd3b4b68e9d4a0a.jpg_avifclose-2024091907034337.webp\" alt=\"H9c8115011c0d499d90fd3b4b68e9d4a0a.jpg avif=close 2024091907034337\" width=\"628\" height=\"630\" \/><\/p>\n<p><img decoding=\"async\" class=\"alignnone wp-image-19246\" title=\"H55e715ad1a784741ba28dcc032357c52x.jpg avif=close 2024091907034650\" src=\"https:\/\/www.sellersunionagent.com\/wp-content\/uploads\/2024\/09\/H55e715ad1a784741ba28dcc032357c52x.jpg_avifclose-2024091907034650.webp\" alt=\"H55e715ad1a784741ba28dcc032357c52x.jpg avif=close 2024091907034650\" width=\"600\" height=\"600\" \/><\/p>\n<p><img loading=\"lazy\" decoding=\"async\" class=\"size-medium wp-image-19247\" title=\"H65ef9601cfb0476e8832f5133057a3e12.jpg avif=close 2024091907034928\" src=\"https:\/\/www.sellersunionagent.com\/wp-content\/uploads\/2024\/09\/H65ef9601cfb0476e8832f5133057a3e12.jpg_avifclose-2024091907034928.webp\" alt=\"H65ef9601cfb0476e8832f5133057a3e12.jpg avif=close 2024091907034928\" width=\"800\" height=\"800\" \/><\/p>\n<p><img loading=\"lazy\" decoding=\"async\" class=\"alignnone wp-image-19248\" title=\"H9577699ae99c41858720bab1183c460eu.jpg avif=close 2024091907035274\" src=\"https:\/\/www.sellersunionagent.com\/wp-content\/uploads\/2024\/09\/H9577699ae99c41858720bab1183c460eu.jpg_avifclose-2024091907035274.webp\" alt=\"H9577699ae99c41858720bab1183c460eu.jpg avif=close 2024091907035274\" width=\"600\" height=\"600\" \/><\/p>\n<p><img loading=\"lazy\" decoding=\"async\" class=\"alignnone wp-image-19249\" title=\"Ha391008fdbba42b693a3571bb40141b8T 2024091907035577\" src=\"https:\/\/www.sellersunionagent.com\/wp-content\/uploads\/2024\/09\/Ha391008fdbba42b693a3571bb40141b8T-2024091907035577.webp\" alt=\"Ha391008fdbba42b693a3571bb40141b8T 2024091907035577\" width=\"600\" height=\"600\" \/><\/p>\n<p><img loading=\"lazy\" decoding=\"async\" class=\"alignnone wp-image-19250\" title=\"Hc663fa4e454340278ab25cf89d3574395.jpg avif=close 2024091907035845\" src=\"https:\/\/www.sellersunionagent.com\/wp-content\/uploads\/2024\/09\/Hc663fa4e454340278ab25cf89d3574395.jpg_avifclose-2024091907035845.webp\" alt=\"Hc663fa4e454340278ab25cf89d3574395.jpg avif=close 2024091907035845\" width=\"600\" height=\"601\" \/><\/p>\n<p><img loading=\"lazy\" decoding=\"async\" class=\"alignnone wp-image-19251\" title=\"Hf9624f922e244f8d88e4557dab888b0f2 2024091907040126\" src=\"https:\/\/www.sellersunionagent.com\/wp-content\/uploads\/2024\/09\/Hf9624f922e244f8d88e4557dab888b0f2-2024091907040126.webp\" alt=\"Hf9624f922e244f8d88e4557dab888b0f2 2024091907040126\" width=\"600\" height=\"600\" \/><\/p>","protected":false},"excerpt":{"rendered":"<p><strong>MOQ<\/strong>:  1000 pe\u00e7as<br \/>\n<strong>Amostra gr\u00e1tis<\/strong>:  Com suporte<br \/>\n<strong>Personaliza\u00e7\u00e3o<\/strong>: logotipo \/ cor \/ materiais \/ embalagem etc.<br \/>\n<strong>Desconto<\/strong>:  Primeiros pedidos a partir de 10% de desconto.<br \/>\n<strong>Taxa de entrega no prazo<\/strong>:\u00a0 100%<br \/>\n<strong>Total de remessas<\/strong>:  10000 pe\u00e7as<br \/>\n<strong>Remessa<\/strong>: Suporte expresso - frete mar\u00edtimo - frete terrestre<\/p>","protected":false},"featured_media":19250,"comment_status":"open","ping_status":"closed","template":"","meta":{"_acf_changed":false},"product_brand":[],"product_cat":[237],"product_tag":[],"class_list":{"0":"post-19243","1":"product","2":"type-product","3":"status-publish","4":"has-post-thumbnail","6":"product_cat-new-arrivals","8":"first","9":"instock","10":"shipping-taxable","11":"product-type-simple","12":"swiper-slide"},"acf":[],"_links":{"self":[{"href":"https:\/\/www.sellersunionagent.com\/pt\/wp-json\/wp\/v2\/product\/19243","targetHints":{"allow":["GET"]}}],"collection":[{"href":"https:\/\/www.sellersunionagent.com\/pt\/wp-json\/wp\/v2\/product"}],"about":[{"href":"https:\/\/www.sellersunionagent.com\/pt\/wp-json\/wp\/v2\/types\/product"}],"replies":[{"embeddable":true,"href":"https:\/\/www.sellersunionagent.com\/pt\/wp-json\/wp\/v2\/comments?post=19243"}],"wp:featuredmedia":[{"embeddable":true,"href":"https:\/\/www.sellersunionagent.com\/pt\/wp-json\/wp\/v2\/media\/19250"}],"wp:attachment":[{"href":"https:\/\/www.sellersunionagent.com\/pt\/wp-json\/wp\/v2\/media?parent=19243"}],"wp:term":[{"taxonomy":"product_brand","embeddable":true,"href":"https:\/\/www.sellersunionagent.com\/pt\/wp-json\/wp\/v2\/product_brand?post=19243"},{"taxonomy":"product_cat","embeddable":true,"href":"https:\/\/www.sellersunionagent.com\/pt\/wp-json\/wp\/v2\/product_cat?post=19243"},{"taxonomy":"product_tag","embeddable":true,"href":"https:\/\/www.sellersunionagent.com\/pt\/wp-json\/wp\/v2\/product_tag?post=19243"}],"curies":[{"name":"wp","href":"https:\/\/api.w.org\/{rel}","templated":true}]}}