{"id":19236,"date":"2024-09-19T14:00:26","date_gmt":"2024-09-19T06:00:26","guid":{"rendered":"https:\/\/sellersunionagent.com\/?post_type=product&#038;p=19236"},"modified":"2024-09-19T14:00:26","modified_gmt":"2024-09-19T06:00:26","slug":"caixa-termica-para-geladeira-recipiente-plastico-para-alimentos-de-cozinha-caixas-seladas-para-armazenamento-de-alimentos-com-8-compartimentos","status":"publish","type":"product","link":"https:\/\/www.sellersunionagent.com\/pt\/refrigerator-crisper-box-plastic-kitchen-food-container-sealed-food-storage-boxes-with-8-compartments\/","title":{"rendered":"Caixa de pl\u00e1stico para geladeira Caixa de pl\u00e1stico para cozinha Caixas de armazenamento de alimentos seladas com 8 compartimentos"},"content":{"rendered":"<h1 title=\"Caixa de pl\u00e1stico para geladeira Caixa de pl\u00e1stico para cozinha Caixas de armazenamento de alimentos seladas com 8 compartimentos\" data-spm-anchor-id=\"a2700.details.0.i22.17a93c947fmzaY\">Caixa de pl\u00e1stico para geladeira Caixa de pl\u00e1stico para cozinha Caixas de armazenamento de alimentos seladas com 8 compartimentos<\/h1>\n<p>&nbsp;<\/p>\n<div class=\"elementor-element elementor-element-c17fac7 elementor-widget elementor-widget-woocommerce-product-short-description\" data-id=\"c17fac7\" data-element_type=\"widget\" data-widget_type=\"woocommerce-product-short-description.default\">\n<div class=\"elementor-widget-container\">\n<div class=\"woocommerce-product-details__short-description\">\n<h3><strong>N\u00famero do item:<\/strong> HN-8019<\/h3>\n<h3><strong>Tamanho do item<\/strong>: 23,5*31*6,5cm<\/h3>\n<h3><strong>Cores<\/strong>: transparente<\/h3>\n<h3><strong>Material: <\/strong>pl\u00e1stico<\/h3>\n<\/div>\n<\/div>\n<\/div>\n<p>&nbsp;<\/p>\n<ul>\n<li>\n<h4>Alto volume<\/h4>\n<\/li>\n<li>\n<h4>\u00c0 prova de poeira e \u00e0 prova d'\u00e1gua<\/h4>\n<\/li>\n<li>\n<h4>Classifica\u00e7\u00e3o e armazenamento<\/h4>\n<\/li>\n<\/ul>\n<p>&nbsp;<\/p>\n<p><img fetchpriority=\"high\" decoding=\"async\" class=\"size-full wp-image-19242\" title=\"Hb7d0fe2eb7c54bb6926b0df1b95db392y.png avif=close 2024091905580997\" src=\"https:\/\/www.sellersunionagent.com\/wp-content\/uploads\/2024\/09\/Hb7d0fe2eb7c54bb6926b0df1b95db392y.webp_avifclose-2024091905580997.webp\" alt=\"Hb7d0fe2eb7c54bb6926b0df1b95db392y.png avif=close 2024091905580997\" width=\"800\" height=\"800\" \/><\/p>\n<p><img decoding=\"async\" class=\"size-medium wp-image-19241\" title=\"H9340f9ac07c74e9b9ae27976039f83f7G.jpg avif=close 2024091905580411\" src=\"https:\/\/www.sellersunionagent.com\/wp-content\/uploads\/2024\/09\/H9340f9ac07c74e9b9ae27976039f83f7G.jpg_avifclose-2024091905580411.webp\" alt=\"H9340f9ac07c74e9b9ae27976039f83f7G.jpg avif=close 2024091905580411\" width=\"800\" height=\"800\" \/><\/p>\n<p><img decoding=\"async\" class=\"size-medium wp-image-19240\" title=\"H103ca3b419ca42fdb6a17624b13cbfc9d.png avif=close 2024091905575952\" src=\"https:\/\/www.sellersunionagent.com\/wp-content\/uploads\/2024\/09\/H103ca3b419ca42fdb6a17624b13cbfc9d.webp_avifclose-2024091905575952.webp\" alt=\"H103ca3b419ca42fdb6a17624b13cbfc9d.png avif=close 2024091905575952\" width=\"800\" height=\"800\" \/><\/p>\n<p><img loading=\"lazy\" decoding=\"async\" class=\"size-medium wp-image-19239\" title=\"H51ee1f9b34ae4a20a132b0bf2dfd5eadq.jpg avif=close 2024091905575333\" src=\"https:\/\/www.sellersunionagent.com\/wp-content\/uploads\/2024\/09\/H51ee1f9b34ae4a20a132b0bf2dfd5eadq.jpg_avifclose-2024091905575333.webp\" alt=\"H51ee1f9b34ae4a20a132b0bf2dfd5eadq.jpg avif=close 2024091905575333\" width=\"800\" height=\"800\" \/><\/p>\n<p><img loading=\"lazy\" decoding=\"async\" class=\"size-medium wp-image-19238\" title=\"H22acdc8b7f3c4febbe60b0dee62f0b10x.png avif=close 2024091905574713\" src=\"https:\/\/www.sellersunionagent.com\/wp-content\/uploads\/2024\/09\/H22acdc8b7f3c4febbe60b0dee62f0b10x.webp_avifclose-2024091905574713.webp\" alt=\"H22acdc8b7f3c4febbe60b0dee62f0b10x.png avif=close 2024091905574713\" width=\"800\" height=\"800\" \/><\/p>\n<p><img loading=\"lazy\" decoding=\"async\" class=\"size-full wp-image-19237\" title=\"H5b3996a077dc4a65b7714e6db94d4e3b8.png avif=close 2024091905574125\" src=\"https:\/\/www.sellersunionagent.com\/wp-content\/uploads\/2024\/09\/H5b3996a077dc4a65b7714e6db94d4e3b8.webp_avifclose-2024091905574125.webp\" alt=\"H5b3996a077dc4a65b7714e6db94d4e3b8.png avif=close 2024091905574125\" width=\"800\" height=\"800\" \/><\/p>\n<p>&nbsp;<\/p>","protected":false},"excerpt":{"rendered":"<p><strong>MOQ<\/strong>:  1000 pe\u00e7as<br \/>\n<strong>Amostra gr\u00e1tis<\/strong>:  Com suporte<br \/>\n<strong>Personaliza\u00e7\u00e3o<\/strong>: logotipo \/ cor \/ materiais \/ embalagem etc.<br \/>\n<strong>Desconto<\/strong>:  Primeiros pedidos a partir de 10% de desconto.<br \/>\n<strong>Taxa de entrega no prazo<\/strong>:\u00a0 100%<br \/>\n<strong>Total de remessas<\/strong>:  10000 pe\u00e7as<br \/>\n<strong>Remessa<\/strong>: Suporte expresso - frete mar\u00edtimo - frete terrestre<\/p>","protected":false},"featured_media":19241,"comment_status":"open","ping_status":"closed","template":"","meta":{"_acf_changed":false},"product_brand":[],"product_cat":[188],"product_tag":[],"class_list":{"0":"post-19236","1":"product","2":"type-product","3":"status-publish","4":"has-post-thumbnail","6":"product_cat-kitchen","8":"first","9":"instock","10":"shipping-taxable","11":"product-type-simple","12":"swiper-slide"},"acf":[],"_links":{"self":[{"href":"https:\/\/www.sellersunionagent.com\/pt\/wp-json\/wp\/v2\/product\/19236","targetHints":{"allow":["GET"]}}],"collection":[{"href":"https:\/\/www.sellersunionagent.com\/pt\/wp-json\/wp\/v2\/product"}],"about":[{"href":"https:\/\/www.sellersunionagent.com\/pt\/wp-json\/wp\/v2\/types\/product"}],"replies":[{"embeddable":true,"href":"https:\/\/www.sellersunionagent.com\/pt\/wp-json\/wp\/v2\/comments?post=19236"}],"wp:featuredmedia":[{"embeddable":true,"href":"https:\/\/www.sellersunionagent.com\/pt\/wp-json\/wp\/v2\/media\/19241"}],"wp:attachment":[{"href":"https:\/\/www.sellersunionagent.com\/pt\/wp-json\/wp\/v2\/media?parent=19236"}],"wp:term":[{"taxonomy":"product_brand","embeddable":true,"href":"https:\/\/www.sellersunionagent.com\/pt\/wp-json\/wp\/v2\/product_brand?post=19236"},{"taxonomy":"product_cat","embeddable":true,"href":"https:\/\/www.sellersunionagent.com\/pt\/wp-json\/wp\/v2\/product_cat?post=19236"},{"taxonomy":"product_tag","embeddable":true,"href":"https:\/\/www.sellersunionagent.com\/pt\/wp-json\/wp\/v2\/product_tag?post=19236"}],"curies":[{"name":"wp","href":"https:\/\/api.w.org\/{rel}","templated":true}]}}