{"id":18989,"date":"2024-09-03T18:15:26","date_gmt":"2024-09-03T10:15:26","guid":{"rendered":"https:\/\/sellersunionagent.com\/?post_type=product&#038;p=18989"},"modified":"2024-09-03T18:15:26","modified_gmt":"2024-09-03T10:15:26","slug":"conjunto-de-baloes-de-latex-transparente-e-transparente-para-festa-de-aniversario-branco-dourado-de-luxo-conjunto-de-baloes-de-confete-ouro-rosa","status":"publish","type":"product","link":"https:\/\/www.sellersunionagent.com\/pt\/luxury-white-golden-birthday-party-latex-transparent-clear-balloon-set-rose-gold-confetti-balloons-banner-set\/","title":{"rendered":"Luxury White Golden Birthday Party Latex Transparent Clear Balloon Set Rose Gold Confetti Balloons Banner Set"},"content":{"rendered":"<h1 title=\"Luxury White Golden Birthday Party Latex Transparent Clear Balloon Set Rose Gold Confetti Balloons Banner Set\" data-spm-anchor-id=\"a2700.details.0.i37.1622358dyYNxDQ\">Luxury White Golden Birthday Party Latex Transparent Clear Balloon Set Rose Gold Confetti Balloons Banner Set<\/h1>\n<div class=\"elementor-element elementor-element-c17fac7 elementor-widget elementor-widget-woocommerce-product-short-description\" data-id=\"c17fac7\" data-element_type=\"widget\" data-widget_type=\"woocommerce-product-short-description.default\">\n<div class=\"elementor-widget-container\">\n<div class=\"woocommerce-product-details__short-description\">\n<h3><strong>N\u00famero do item:<\/strong> PHMD210003<\/h3>\n<h3><strong>Tamanho do item<\/strong>: 6,3*8,2 polegadas<\/h3>\n<h3><strong>Cores<\/strong>: colorido<\/h3>\n<h3><strong>Material:<\/strong>papel e l\u00e1tex<\/h3>\n<\/div>\n<\/div>\n<\/div>\n<p>&nbsp;<\/p>\n<ul>\n<li>\n<h4>Descart\u00e1vel Ecol\u00f3gico<\/h4>\n<\/li>\n<li>\n<h4>Aceita\u00e7\u00e3o de logotipo personalizado<\/h4>\n<\/li>\n<li>\n<h4>materiais populares para festas<\/h4>\n<\/li>\n<li>\n<h4>V\u00e1rias op\u00e7\u00f5es de cores<\/h4>\n<\/li>\n<\/ul>\n<p><img fetchpriority=\"high\" decoding=\"async\" class=\"size-full wp-image-18995\" title=\"Ud2f095e09f594908b080c866be4d18468 2024090310124881\" src=\"https:\/\/www.sellersunionagent.com\/wp-content\/uploads\/2024\/09\/Ud2f095e09f594908b080c866be4d18468-2024090310124881.webp\" alt=\"Ud2f095e09f594908b080c866be4d18468 2024090310124881\" width=\"800\" height=\"800\" \/><\/p>\n<p><img decoding=\"async\" class=\"size-medium wp-image-18994\" title=\"Uac41f993c84d4cbaaa43f51995201556p 2024090310124483\" src=\"https:\/\/www.sellersunionagent.com\/wp-content\/uploads\/2024\/09\/Uac41f993c84d4cbaaa43f51995201556p-2024090310124483.webp\" alt=\"Uac41f993c84d4cbaaa43f51995201556p 2024090310124483\" width=\"750\" height=\"750\" \/><\/p>\n<p><img decoding=\"async\" class=\"size-medium wp-image-18993\" title=\"U188c042b0ddf432ba0e01e748f8a315a5 2024090310124134\" src=\"https:\/\/www.sellersunionagent.com\/wp-content\/uploads\/2024\/09\/U188c042b0ddf432ba0e01e748f8a315a5-2024090310124134.webp\" alt=\"U188c042b0ddf432ba0e01e748f8a315a5 2024090310124134\" width=\"800\" height=\"800\" \/><\/p>\n<p><img loading=\"lazy\" decoding=\"async\" class=\"size-medium wp-image-18992\" title=\"U99db21c9ee3841b68c10f34fb7b8fc5dG 2024090310123810\" src=\"https:\/\/www.sellersunionagent.com\/wp-content\/uploads\/2024\/09\/U99db21c9ee3841b68c10f34fb7b8fc5dG-2024090310123810.webp\" alt=\"U99db21c9ee3841b68c10f34fb7b8fc5dG 2024090310123810\" width=\"800\" height=\"800\" \/><\/p>\n<p><img loading=\"lazy\" decoding=\"async\" class=\"size-medium wp-image-18991\" title=\"U98a5da96a58e4f8a821e87c3fe7d3e86V 2024090310123474\" src=\"https:\/\/www.sellersunionagent.com\/wp-content\/uploads\/2024\/09\/U98a5da96a58e4f8a821e87c3fe7d3e86V-2024090310123474.webp\" alt=\"U98a5da96a58e4f8a821e87c3fe7d3e86V 2024090310123474\" width=\"750\" height=\"750\" \/><\/p>\n<p><img loading=\"lazy\" decoding=\"async\" class=\"wp-image-18990\" title=\"U3fa07241d7ca4c40a8114ffbd311e41bV 2024090310123087\" src=\"https:\/\/www.sellersunionagent.com\/wp-content\/uploads\/2024\/09\/U3fa07241d7ca4c40a8114ffbd311e41bV-2024090310123087.webp\" alt=\"U3fa07241d7ca4c40a8114ffbd311e41bV 2024090310123087\" width=\"800\" height=\"800\" \/><\/p>","protected":false},"excerpt":{"rendered":"<p><strong>MOQ<\/strong>:  1000 pe\u00e7as<br \/>\n<strong>Amostra gr\u00e1tis<\/strong>:  Com suporte<br \/>\n<strong>Personaliza\u00e7\u00e3o<\/strong>: logotipo \/ cor \/ materiais \/ embalagem etc.<br \/>\n<strong>Desconto<\/strong>:  Primeiros pedidos a partir de 10% de desconto.<br \/>\n<strong>Taxa de entrega no prazo<\/strong>:\u00a0 100%<br \/>\n<strong>Total de remessas<\/strong>:  10000 pe\u00e7as<br \/>\n<strong>Remessa<\/strong>: Suporte expresso - frete mar\u00edtimo - frete terrestre<\/p>","protected":false},"featured_media":18994,"comment_status":"open","ping_status":"closed","template":"","meta":{"_acf_changed":false},"product_brand":[],"product_cat":[229],"product_tag":[],"class_list":{"0":"post-18989","1":"product","2":"type-product","3":"status-publish","4":"has-post-thumbnail","6":"product_cat-party-supplies","8":"first","9":"instock","10":"shipping-taxable","11":"product-type-simple","12":"swiper-slide"},"acf":[],"_links":{"self":[{"href":"https:\/\/www.sellersunionagent.com\/pt\/wp-json\/wp\/v2\/product\/18989","targetHints":{"allow":["GET"]}}],"collection":[{"href":"https:\/\/www.sellersunionagent.com\/pt\/wp-json\/wp\/v2\/product"}],"about":[{"href":"https:\/\/www.sellersunionagent.com\/pt\/wp-json\/wp\/v2\/types\/product"}],"replies":[{"embeddable":true,"href":"https:\/\/www.sellersunionagent.com\/pt\/wp-json\/wp\/v2\/comments?post=18989"}],"wp:featuredmedia":[{"embeddable":true,"href":"https:\/\/www.sellersunionagent.com\/pt\/wp-json\/wp\/v2\/media\/18994"}],"wp:attachment":[{"href":"https:\/\/www.sellersunionagent.com\/pt\/wp-json\/wp\/v2\/media?parent=18989"}],"wp:term":[{"taxonomy":"product_brand","embeddable":true,"href":"https:\/\/www.sellersunionagent.com\/pt\/wp-json\/wp\/v2\/product_brand?post=18989"},{"taxonomy":"product_cat","embeddable":true,"href":"https:\/\/www.sellersunionagent.com\/pt\/wp-json\/wp\/v2\/product_cat?post=18989"},{"taxonomy":"product_tag","embeddable":true,"href":"https:\/\/www.sellersunionagent.com\/pt\/wp-json\/wp\/v2\/product_tag?post=18989"}],"curies":[{"name":"wp","href":"https:\/\/api.w.org\/{rel}","templated":true}]}}