{"id":18970,"date":"2024-09-03T17:59:10","date_gmt":"2024-09-03T09:59:10","guid":{"rendered":"https:\/\/sellersunionagent.com\/?post_type=product&#038;p=18970"},"modified":"2024-09-03T17:59:10","modified_gmt":"2024-09-03T09:59:10","slug":"expositor-de-mesa-de-sobremesa-descartavel-com-3-camadas-de-cupcake-colorido-para-bolo-de-cha-da-tarde-para-festa","status":"publish","type":"product","link":"https:\/\/www.sellersunionagent.com\/pt\/disposable-dessert-table-display-decorations-3-tier-colorful-cupcake-cake-afternoon-tea-stand-set-for-party\/","title":{"rendered":"Expositor de mesa de sobremesa descart\u00e1vel com 3 camadas de cupcake colorido para bolo de ch\u00e1 da tarde para festa"},"content":{"rendered":"<h1>Expositor de mesa de sobremesa descart\u00e1vel com 3 camadas de cupcake colorido para bolo de ch\u00e1 da tarde para festa<\/h1>\n<div class=\"elementor-element elementor-element-c17fac7 elementor-widget elementor-widget-woocommerce-product-short-description\" data-id=\"c17fac7\" data-element_type=\"widget\" data-widget_type=\"woocommerce-product-short-description.default\">\n<div class=\"elementor-widget-container\">\n<div class=\"woocommerce-product-details__short-description\">\n<h3><strong>N\u00famero do item:<\/strong> PXZJ210245<\/h3>\n<h3><strong>Tamanho do item<\/strong>: 30cm\/24cm\/17cm<\/h3>\n<h3><strong>Cores<\/strong>: purple\/green\/yellow\/black\/ blue\/pink<\/h3>\n<h3><strong>Material:\u00a0 <\/strong>paper<\/h3>\n<\/div>\n<\/div>\n<\/div>\n<p>&nbsp;<\/p>\n<ul>\n<li>\n<h4>impress\u00e3o offset<\/h4>\n<\/li>\n<li>\n<h4>V\u00e1rias op\u00e7\u00f5es de cores<\/h4>\n<\/li>\n<li>\n<h4>Disposable environmental<\/h4>\n<\/li>\n<li>\n<h4>Beautiful modelling<\/h4>\n<\/li>\n<\/ul>\n<p>&nbsp;<\/p>\n<p><img fetchpriority=\"high\" decoding=\"async\" class=\"size-full wp-image-18979\" title=\"Ufcf76a48201c42b28740742e767f5346v 2024090309542681\" src=\"https:\/\/www.sellersunionagent.com\/wp-content\/uploads\/2024\/09\/Ufcf76a48201c42b28740742e767f5346v-2024090309542681.webp\" alt=\"Ufcf76a48201c42b28740742e767f5346v 2024090309542681\" width=\"800\" height=\"800\" \/><\/p>\n<p><img decoding=\"async\" class=\"size-full wp-image-18977\" title=\"Uc8b19d4f31fb4be29ae1a26902cf7fe1B 2024090309542020\" src=\"https:\/\/www.sellersunionagent.com\/wp-content\/uploads\/2024\/09\/Uc8b19d4f31fb4be29ae1a26902cf7fe1B-2024090309542020.webp\" alt=\"Uc8b19d4f31fb4be29ae1a26902cf7fe1B 2024090309542020\" width=\"800\" height=\"800\" \/><\/p>\n<p><img decoding=\"async\" class=\"size-full wp-image-18976\" title=\"Ub5476e8ee0ea4736825e4e6d5ae81e03n 2024090309541744\" src=\"https:\/\/www.sellersunionagent.com\/wp-content\/uploads\/2024\/09\/Ub5476e8ee0ea4736825e4e6d5ae81e03n-2024090309541744.webp\" alt=\"Ub5476e8ee0ea4736825e4e6d5ae81e03n 2024090309541744\" width=\"800\" height=\"800\" \/><\/p>\n<p><img loading=\"lazy\" decoding=\"async\" class=\"size-full wp-image-18975\" title=\"Ua76ffb3eec844099b26f193e2f6ba731d 2024090309541577\" src=\"https:\/\/www.sellersunionagent.com\/wp-content\/uploads\/2024\/09\/Ua76ffb3eec844099b26f193e2f6ba731d-2024090309541577.webp\" alt=\"Ua76ffb3eec844099b26f193e2f6ba731d 2024090309541577\" width=\"800\" height=\"800\" \/><\/p>\n<figure id=\"attachment_18973\" aria-describedby=\"caption-attachment-18973\" style=\"width: 800px\" class=\"wp-caption aligncenter\"><img loading=\"lazy\" decoding=\"async\" class=\"wp-image-18973\" title=\"U696ad12391194be4813bdf805a5fe383P 2024090309540912\" src=\"https:\/\/www.sellersunionagent.com\/wp-content\/uploads\/2024\/09\/U696ad12391194be4813bdf805a5fe383P-2024090309540912.webp\" alt=\"U696ad12391194be4813bdf805a5fe383P 2024090309540912\" width=\"800\" height=\"800\" \/><figcaption id=\"caption-attachment-18973\" class=\"wp-caption-text\">\u00a0<\/figcaption><\/figure>\n<figure id=\"attachment_18978\" aria-describedby=\"caption-attachment-18978\" style=\"width: 800px\" class=\"wp-caption aligncenter\"><img loading=\"lazy\" decoding=\"async\" class=\"wp-image-18978\" title=\"Uc114e3aaca9a4bdca1504b7f8544339eC 2024090309542389\" src=\"https:\/\/www.sellersunionagent.com\/wp-content\/uploads\/2024\/09\/Uc114e3aaca9a4bdca1504b7f8544339eC-2024090309542389.webp\" alt=\"Uc114e3aaca9a4bdca1504b7f8544339eC 2024090309542389\" width=\"800\" height=\"800\" \/><figcaption id=\"caption-attachment-18978\" class=\"wp-caption-text\">\u00a0<\/figcaption><\/figure>\n<figure id=\"attachment_18972\" aria-describedby=\"caption-attachment-18972\" style=\"width: 800px\" class=\"wp-caption aligncenter\"><img loading=\"lazy\" decoding=\"async\" class=\"wp-image-18972\" title=\"U88e7a53021f04857ba181646f9f37b44x 2024090309540551\" src=\"https:\/\/www.sellersunionagent.com\/wp-content\/uploads\/2024\/09\/U88e7a53021f04857ba181646f9f37b44x-2024090309540551.webp\" alt=\"U88e7a53021f04857ba181646f9f37b44x 2024090309540551\" width=\"800\" height=\"800\" \/><figcaption id=\"caption-attachment-18972\" class=\"wp-caption-text\">\u00a0<\/figcaption><\/figure>","protected":false},"excerpt":{"rendered":"<p><strong>MOQ<\/strong>:  1000 pe\u00e7as<br \/>\n<strong>Amostra gr\u00e1tis<\/strong>:  Com suporte<br \/>\n<strong>Personaliza\u00e7\u00e3o<\/strong>: logotipo \/ cor \/ materiais \/ embalagem etc.<br \/>\n<strong>Desconto<\/strong>:  Primeiros pedidos a partir de 10% de desconto.<br \/>\n<strong>Taxa de entrega no prazo<\/strong>:\u00a0 100%<br \/>\n<strong>Total de remessas<\/strong>:  10000 pe\u00e7as<br \/>\n<strong>Remessa<\/strong>: Suporte expresso - frete mar\u00edtimo - frete terrestre<\/p>","protected":false},"featured_media":18974,"comment_status":"open","ping_status":"closed","template":"","meta":{"_acf_changed":false},"product_brand":[],"product_cat":[229],"product_tag":[],"class_list":{"0":"post-18970","1":"product","2":"type-product","3":"status-publish","4":"has-post-thumbnail","6":"product_cat-party-supplies","8":"first","9":"instock","10":"shipping-taxable","11":"product-type-simple","12":"swiper-slide"},"acf":[],"_links":{"self":[{"href":"https:\/\/www.sellersunionagent.com\/pt\/wp-json\/wp\/v2\/product\/18970","targetHints":{"allow":["GET"]}}],"collection":[{"href":"https:\/\/www.sellersunionagent.com\/pt\/wp-json\/wp\/v2\/product"}],"about":[{"href":"https:\/\/www.sellersunionagent.com\/pt\/wp-json\/wp\/v2\/types\/product"}],"replies":[{"embeddable":true,"href":"https:\/\/www.sellersunionagent.com\/pt\/wp-json\/wp\/v2\/comments?post=18970"}],"wp:featuredmedia":[{"embeddable":true,"href":"https:\/\/www.sellersunionagent.com\/pt\/wp-json\/wp\/v2\/media\/18974"}],"wp:attachment":[{"href":"https:\/\/www.sellersunionagent.com\/pt\/wp-json\/wp\/v2\/media?parent=18970"}],"wp:term":[{"taxonomy":"product_brand","embeddable":true,"href":"https:\/\/www.sellersunionagent.com\/pt\/wp-json\/wp\/v2\/product_brand?post=18970"},{"taxonomy":"product_cat","embeddable":true,"href":"https:\/\/www.sellersunionagent.com\/pt\/wp-json\/wp\/v2\/product_cat?post=18970"},{"taxonomy":"product_tag","embeddable":true,"href":"https:\/\/www.sellersunionagent.com\/pt\/wp-json\/wp\/v2\/product_tag?post=18970"}],"curies":[{"name":"wp","href":"https:\/\/api.w.org\/{rel}","templated":true}]}}