{"id":18753,"date":"2024-08-19T15:25:21","date_gmt":"2024-08-19T07:25:21","guid":{"rendered":"https:\/\/sellersunionagent.com\/?post_type=product&#038;p=18753"},"modified":"2024-08-19T15:25:22","modified_gmt":"2024-08-19T07:25:22","slug":"wholesale-10-inch-macaron-latex-balloons-wedding-party-decorations-latex-balloons","status":"publish","type":"product","link":"https:\/\/www.sellersunionagent.com\/pt\/wholesale-10-inch-macaron-latex-balloons-wedding-party-decorations-latex-balloons\/","title":{"rendered":"Bal\u00f5es de l\u00e1tex de 10 polegadas Macaron por atacado Decora\u00e7\u00f5es de festas de casamento Bal\u00f5es de l\u00e1tex"},"content":{"rendered":"<h1 title=\"Bal\u00f5es de l\u00e1tex de 10 polegadas Macaron por atacado Decora\u00e7\u00f5es de festas de casamento Bal\u00f5es de l\u00e1tex\" data-spm-anchor-id=\"a2700.details.0.i51.151f3ebfb1GwvP\">Bal\u00f5es de l\u00e1tex de 10 polegadas Macaron por atacado Decora\u00e7\u00f5es de festas de casamento Bal\u00f5es de l\u00e1tex<\/h1>\n<div class=\"elementor-element elementor-element-42815df elementor-widget elementor-widget-heading\" data-id=\"42815df\" data-element_type=\"widget\" data-widget_type=\"heading.default\">\n<div class=\"elementor-widget-container\">\n<h3 class=\"elementor-heading-title elementor-size-default\"><strong>Tipo<\/strong>: ballon<\/h3>\n<\/div>\n<\/div>\n<div class=\"elementor-element elementor-element-c17fac7 elementor-widget elementor-widget-woocommerce-product-short-description\" data-id=\"c17fac7\" data-element_type=\"widget\" data-widget_type=\"woocommerce-product-short-description.default\">\n<div class=\"elementor-widget-container\">\n<div class=\"woocommerce-product-details__short-description\">\n<h3><strong>N\u00famero do item:<\/strong> PT0007<\/h3>\n<h3><strong>Tamanho do item<\/strong>: 20X20X5CM<\/h3>\n<h3><strong>Cores<\/strong>: white\/ blue\/pink\/grey\/orange\/yellow\/purple\/green\/red\/optional<\/h3>\n<h3><strong>Material: Latex<\/strong><\/h3>\n<\/div>\n<\/div>\n<\/div>\n<p>&nbsp;<\/p>\n<ul>\n<li>\n<h4>Colourful<\/h4>\n<\/li>\n<li>\n<h4>Decoration<\/h4>\n<\/li>\n<li>\n<h4>Unbreakable<\/h4>\n<\/li>\n<li>\n<h4>Na moda<\/h4>\n<\/li>\n<\/ul>\n<p><img fetchpriority=\"high\" decoding=\"async\" class=\"aligncenter wp-image-18761\" title=\"He033186fda534aaaab5bd4d4488dea26J\" src=\"https:\/\/www.sellersunionagent.com\/wp-content\/uploads\/2024\/08\/He033186fda534aaaab5bd4d4488dea26J.png\" alt=\"He033186fda534aaaab5bd4d4488dea26J\" width=\"600\" height=\"600\" \/> <img decoding=\"async\" class=\"aligncenter wp-image-18760\" title=\"H14273d4a650a414fb82c6475da25cda3e\" src=\"https:\/\/www.sellersunionagent.com\/wp-content\/uploads\/2024\/08\/H14273d4a650a414fb82c6475da25cda3e.png\" alt=\"H14273d4a650a414fb82c6475da25cda3e\" width=\"600\" height=\"600\" \/> <img decoding=\"async\" class=\"aligncenter wp-image-18759\" title=\"H986cdeecfcad4ba6afe12b992d757b27k\" src=\"https:\/\/www.sellersunionagent.com\/wp-content\/uploads\/2024\/08\/H986cdeecfcad4ba6afe12b992d757b27k.png\" alt=\"H986cdeecfcad4ba6afe12b992d757b27k\" width=\"600\" height=\"600\" \/> <img loading=\"lazy\" decoding=\"async\" class=\"aligncenter wp-image-18758\" title=\"H858d1a1288c742ad8a0faa526f1a2233g\" src=\"https:\/\/www.sellersunionagent.com\/wp-content\/uploads\/2024\/08\/H858d1a1288c742ad8a0faa526f1a2233g.png\" alt=\"H858d1a1288c742ad8a0faa526f1a2233g\" width=\"600\" height=\"600\" \/> <img loading=\"lazy\" decoding=\"async\" class=\"aligncenter wp-image-18757\" title=\"H8ea5b3a9cdf04607b80b03d212077668A\" src=\"https:\/\/www.sellersunionagent.com\/wp-content\/uploads\/2024\/08\/H8ea5b3a9cdf04607b80b03d212077668A.png\" alt=\"H8ea5b3a9cdf04607b80b03d212077668A\" width=\"600\" height=\"600\" \/> <img loading=\"lazy\" decoding=\"async\" class=\"aligncenter wp-image-18756\" title=\"H1f5a8a1784bb492d800b573b5abff2e3Y\" src=\"https:\/\/www.sellersunionagent.com\/wp-content\/uploads\/2024\/08\/H1f5a8a1784bb492d800b573b5abff2e3Y.png\" alt=\"H1f5a8a1784bb492d800b573b5abff2e3Y\" width=\"600\" height=\"600\" \/> <img loading=\"lazy\" decoding=\"async\" class=\"aligncenter wp-image-18755\" title=\"H1c17afea9ab34d2186d59bdbd9b693d3X\" src=\"https:\/\/www.sellersunionagent.com\/wp-content\/uploads\/2024\/08\/H1c17afea9ab34d2186d59bdbd9b693d3X.png\" alt=\"H1c17afea9ab34d2186d59bdbd9b693d3X\" width=\"600\" height=\"618\" \/><\/p>\n<p>&nbsp;<\/p>","protected":false},"excerpt":{"rendered":"<p><strong>MOQ<\/strong>:  1000 pe\u00e7as<br \/>\n<strong>Amostra gr\u00e1tis<\/strong>:  Com suporte<br \/>\n<strong>Personaliza\u00e7\u00e3o<\/strong>: logotipo \/ cor \/ materiais \/ embalagem etc.<br \/>\n<strong>Desconto<\/strong>:  Primeiros pedidos a partir de 10% de desconto.<br \/>\n<strong>Taxa de entrega no prazo<\/strong>:\u00a0 100%<br \/>\n<strong>Total de remessas<\/strong>:  10000 pe\u00e7as<br \/>\n<strong>Remessa<\/strong>: Suporte expresso - frete mar\u00edtimo - frete terrestre<\/p>","protected":false},"featured_media":18755,"comment_status":"open","ping_status":"closed","template":"","meta":{"_acf_changed":false},"product_brand":[],"product_cat":[229],"product_tag":[],"class_list":{"0":"post-18753","1":"product","2":"type-product","3":"status-publish","4":"has-post-thumbnail","6":"product_cat-party-supplies","8":"first","9":"instock","10":"shipping-taxable","11":"product-type-simple","12":"swiper-slide"},"acf":[],"_links":{"self":[{"href":"https:\/\/www.sellersunionagent.com\/pt\/wp-json\/wp\/v2\/product\/18753","targetHints":{"allow":["GET"]}}],"collection":[{"href":"https:\/\/www.sellersunionagent.com\/pt\/wp-json\/wp\/v2\/product"}],"about":[{"href":"https:\/\/www.sellersunionagent.com\/pt\/wp-json\/wp\/v2\/types\/product"}],"replies":[{"embeddable":true,"href":"https:\/\/www.sellersunionagent.com\/pt\/wp-json\/wp\/v2\/comments?post=18753"}],"wp:featuredmedia":[{"embeddable":true,"href":"https:\/\/www.sellersunionagent.com\/pt\/wp-json\/wp\/v2\/media\/18755"}],"wp:attachment":[{"href":"https:\/\/www.sellersunionagent.com\/pt\/wp-json\/wp\/v2\/media?parent=18753"}],"wp:term":[{"taxonomy":"product_brand","embeddable":true,"href":"https:\/\/www.sellersunionagent.com\/pt\/wp-json\/wp\/v2\/product_brand?post=18753"},{"taxonomy":"product_cat","embeddable":true,"href":"https:\/\/www.sellersunionagent.com\/pt\/wp-json\/wp\/v2\/product_cat?post=18753"},{"taxonomy":"product_tag","embeddable":true,"href":"https:\/\/www.sellersunionagent.com\/pt\/wp-json\/wp\/v2\/product_tag?post=18753"}],"curies":[{"name":"wp","href":"https:\/\/api.w.org\/{rel}","templated":true}]}}