{"id":18693,"date":"2024-08-16T15:20:23","date_gmt":"2024-08-16T07:20:23","guid":{"rendered":"https:\/\/sellersunionagent.com\/?post_type=product&#038;p=18693"},"modified":"2024-08-19T15:01:09","modified_gmt":"2024-08-19T07:01:09","slug":"porta-sapatos-atras-da-porta-porta-porta-sapatos-dobravel-de-facil-instalacao-porta-sapatos-para-uso-em-armazenamento-de-sapatos","status":"publish","type":"product","link":"https:\/\/www.sellersunionagent.com\/pt\/behind-the-door-shoe-rack-easy-install-collapsible-shoes-holder-rack-usage-shoe-storage-rack\/","title":{"rendered":"Rack para sapatos atr\u00e1s da porta Rack dobr\u00e1vel de f\u00e1cil instala\u00e7\u00e3o para sapatos Rack de armazenamento de sapatos para uso"},"content":{"rendered":"<h2>Rack para sapatos atr\u00e1s da porta Rack dobr\u00e1vel de f\u00e1cil instala\u00e7\u00e3o para sapatos Rack de armazenamento de sapatos para uso<\/h2>\n<h3>Tipo: Armazenamento de cal\u00e7ados<\/h3>\n<h3>Item No.: SUHX01<\/h3>\n<h3>Tamanho do produto: 26,5*26*110,5cm\/53,8*26*75cm\/53,8*26*110,5cm<\/h3>\n<h3>Cor: branco e cinza<\/h3>\n<h3>Material: Pl\u00e1stico<\/h3>\n<ul>\n<li>minimalista<\/li>\n<li>Dobr\u00e1vel<\/li>\n<li>F\u00e1cil de instalar<\/li>\n<li>Tamanho m\u00faltiplo<\/li>\n<\/ul>\n<p><img fetchpriority=\"high\" decoding=\"async\" class=\"size-full wp-image-18702 aligncenter\" title=\"Ha6743046d66f41e5ab8a5755a258ce49N\" src=\"https:\/\/www.sellersunionagent.com\/wp-content\/uploads\/2024\/08\/Ha6743046d66f41e5ab8a5755a258ce49N.png\" alt=\"Ha6743046d66f41e5ab8a5755a258ce49N\" width=\"800\" height=\"800\" \/><\/p>\n<p><img decoding=\"async\" class=\"size-full wp-image-18701 aligncenter\" title=\"H4255cc162f844c76a209fd47db1134ddd\" src=\"https:\/\/www.sellersunionagent.com\/wp-content\/uploads\/2024\/08\/H4255cc162f844c76a209fd47db1134ddd.png\" alt=\"H4255cc162f844c76a209fd47db1134ddd\" width=\"800\" height=\"800\" \/><\/p>\n<p><img decoding=\"async\" class=\"size-full wp-image-18703 aligncenter\" title=\"Hbc11b9449e0f4190ac157e24dac78869y\" src=\"https:\/\/www.sellersunionagent.com\/wp-content\/uploads\/2024\/08\/Hbc11b9449e0f4190ac157e24dac78869y.png\" alt=\"Hbc11b9449e0f4190ac157e24dac78869y\" width=\"800\" height=\"800\" \/><\/p>\n<p><img loading=\"lazy\" decoding=\"async\" class=\"size-full wp-image-18700 aligncenter\" title=\"H03274a4c00c74b668691a25adffd0868p\" src=\"https:\/\/www.sellersunionagent.com\/wp-content\/uploads\/2024\/08\/H03274a4c00c74b668691a25adffd0868p.png\" alt=\"H03274a4c00c74b668691a25adffd0868p\" width=\"800\" height=\"800\" \/><\/p>\n<p><img loading=\"lazy\" decoding=\"async\" class=\"size-full wp-image-18699 aligncenter\" title=\"H05df45b7be954bccbab18478f19980a9f\" src=\"https:\/\/www.sellersunionagent.com\/wp-content\/uploads\/2024\/08\/H05df45b7be954bccbab18478f19980a9f.png\" alt=\"H05df45b7be954bccbab18478f19980a9f\" width=\"790\" height=\"840\" \/><\/p>","protected":false},"excerpt":{"rendered":"<p><strong>MOQ<\/strong>:  1000 pe\u00e7as<br \/>\n<strong>Amostra gr\u00e1tis<\/strong>:  Com suporte<br \/>\n<strong>Personaliza\u00e7\u00e3o<\/strong>: logotipo \/ cor \/ materiais \/ embalagem etc.<br \/>\n<strong>Desconto<\/strong>:  Primeiros pedidos a partir de 10% de desconto.<br \/>\n<strong>Taxa de entrega no prazo<\/strong>:\u00a0 100%<br \/>\n<strong>Total de remessas<\/strong>:  10000 pe\u00e7as<br \/>\n<strong>Remessa<\/strong>: Suporte expresso - frete mar\u00edtimo - frete terrestre<\/p>","protected":false},"featured_media":18697,"comment_status":"open","ping_status":"closed","template":"","meta":{"_acf_changed":false},"product_brand":[],"product_cat":[31,186],"product_tag":[],"class_list":{"0":"post-18693","1":"product","2":"type-product","3":"status-publish","4":"has-post-thumbnail","6":"product_cat-home-storage","7":"product_cat-living-room","9":"first","10":"instock","11":"shipping-taxable","12":"product-type-simple","13":"swiper-slide"},"acf":[],"_links":{"self":[{"href":"https:\/\/www.sellersunionagent.com\/pt\/wp-json\/wp\/v2\/product\/18693","targetHints":{"allow":["GET"]}}],"collection":[{"href":"https:\/\/www.sellersunionagent.com\/pt\/wp-json\/wp\/v2\/product"}],"about":[{"href":"https:\/\/www.sellersunionagent.com\/pt\/wp-json\/wp\/v2\/types\/product"}],"replies":[{"embeddable":true,"href":"https:\/\/www.sellersunionagent.com\/pt\/wp-json\/wp\/v2\/comments?post=18693"}],"wp:featuredmedia":[{"embeddable":true,"href":"https:\/\/www.sellersunionagent.com\/pt\/wp-json\/wp\/v2\/media\/18697"}],"wp:attachment":[{"href":"https:\/\/www.sellersunionagent.com\/pt\/wp-json\/wp\/v2\/media?parent=18693"}],"wp:term":[{"taxonomy":"product_brand","embeddable":true,"href":"https:\/\/www.sellersunionagent.com\/pt\/wp-json\/wp\/v2\/product_brand?post=18693"},{"taxonomy":"product_cat","embeddable":true,"href":"https:\/\/www.sellersunionagent.com\/pt\/wp-json\/wp\/v2\/product_cat?post=18693"},{"taxonomy":"product_tag","embeddable":true,"href":"https:\/\/www.sellersunionagent.com\/pt\/wp-json\/wp\/v2\/product_tag?post=18693"}],"curies":[{"name":"wp","href":"https:\/\/api.w.org\/{rel}","templated":true}]}}