{"id":17610,"date":"2024-06-26T17:36:25","date_gmt":"2024-06-26T09:36:25","guid":{"rendered":"https:\/\/sellersunionagent.com\/?post_type=product&#038;p=17610"},"modified":"2024-06-26T17:36:25","modified_gmt":"2024-06-26T09:36:25","slug":"caixa-de-maquiagem-pendurada-na-parede","status":"publish","type":"product","link":"https:\/\/www.sellersunionagent.com\/pt\/hanging-on-the-wall-makeup-box\/","title":{"rendered":"Pendurado na parede - Caixa de maquiagem"},"content":{"rendered":"<h1><span style=\"color: #000000\">Pendurado na parede - Caixa de maquiagem<\/span><\/h1>\n<div data-id=\"42815df\" data-element_type=\"widget\" data-widget_type=\"heading.default\">\n<div>\n<h3><span style=\"color: #000000\"><strong>Tipo<\/strong>: Caixa de armazenamento<\/span><\/h3>\n<\/div>\n<\/div>\n<div class=\"elementor-element elementor-element-c17fac7 elementor-widget elementor-widget-woocommerce-product-short-description\" data-id=\"c17fac7\" data-element_type=\"widget\" data-widget_type=\"woocommerce-product-short-description.default\">\n<div class=\"elementor-widget-container\">\n<div class=\"woocommerce-product-details__short-description\">\n<h3><span style=\"color: #000000\"><strong>N\u00famero do item:<\/strong> SUM001<\/span><\/h3>\n<h3><span style=\"color: #000000\"><strong>Tamanho do item<\/strong>: 33,3*38,5*10CM<\/span><\/h3>\n<h3><span style=\"color: #000000\"><strong>Cores<\/strong>: Branco\/rosa\/azul\/azul escuro\/laranja<\/span><\/h3>\n<h3><span style=\"color: #000000\"><strong>Material:<\/strong> ABS<\/span><\/h3>\n<ul>\n<li>\n<h4><span style=\"color: #000000\">N\u00e3o h\u00e1 necessidade de fazer furos, colar paredes<\/span><\/h4>\n<\/li>\n<li>\n<h4><span style=\"color: #000000\">\u00e0 prova de poeira e \u00e0 prova d'\u00e1gua<\/span><\/h4>\n<\/li>\n<li>\n<h4><span style=\"color: #000000\">grande capacidade<\/span><\/h4>\n<\/li>\n<li>\n<h4><span style=\"color: #000000\">f\u00e1cil de encontrar<img fetchpriority=\"high\" decoding=\"async\" class=\"aligncenter wp-image-17637\" src=\"https:\/\/www.sellersunionagent.com\/wp-content\/uploads\/2024\/06\/\u4e3b\u56fe5.jpg\" alt=\"Pendurado na parede - Caixa de maquiagem\" width=\"600\" height=\"600\" \/> <img decoding=\"async\" class=\"aligncenter wp-image-17636\" src=\"https:\/\/www.sellersunionagent.com\/wp-content\/uploads\/2024\/06\/\u4e3b\u56fe-04-1.jpg\" alt=\"Pendurado na parede - Caixa de maquiagem\" width=\"600\" height=\"600\" \/> <img decoding=\"async\" class=\"aligncenter wp-image-17635\" src=\"https:\/\/www.sellersunionagent.com\/wp-content\/uploads\/2024\/06\/\u4e3b\u56fe-03-1.jpg\" alt=\"Pendurado na parede - Caixa de maquiagem\" width=\"600\" height=\"600\" \/> <img loading=\"lazy\" decoding=\"async\" class=\"aligncenter wp-image-17634\" src=\"https:\/\/www.sellersunionagent.com\/wp-content\/uploads\/2024\/06\/\u4e3b\u56fe-02-1.jpg\" alt=\"Pendurado na parede - Caixa de maquiagem\" width=\"600\" height=\"600\" \/> <img loading=\"lazy\" decoding=\"async\" class=\"aligncenter wp-image-17627\" src=\"https:\/\/www.sellersunionagent.com\/wp-content\/uploads\/2024\/06\/\u8be6\u60c5-20-1.jpg\" alt=\"Pendurado na parede - Caixa de maquiagem\" width=\"600\" height=\"791\" \/> <img loading=\"lazy\" decoding=\"async\" class=\"aligncenter wp-image-17628\" src=\"https:\/\/www.sellersunionagent.com\/wp-content\/uploads\/2024\/06\/\u8be6\u60c5-21-1.jpg\" alt=\"Pendurado na parede - Caixa de maquiagem\" width=\"600\" height=\"776\" \/> <img loading=\"lazy\" decoding=\"async\" class=\"aligncenter wp-image-17629\" src=\"https:\/\/www.sellersunionagent.com\/wp-content\/uploads\/2024\/06\/\u8be6\u60c5-22-1.jpg\" alt=\"Pendurado na parede - Caixa de maquiagem\" width=\"600\" height=\"316\" \/> <img loading=\"lazy\" decoding=\"async\" class=\"aligncenter wp-image-17630\" src=\"https:\/\/www.sellersunionagent.com\/wp-content\/uploads\/2024\/06\/\u8be6\u60c5-23-1.jpg\" alt=\"Pendurado na parede - Caixa de maquiagem\" width=\"600\" height=\"546\" \/> <img loading=\"lazy\" decoding=\"async\" class=\"aligncenter wp-image-17631\" src=\"https:\/\/www.sellersunionagent.com\/wp-content\/uploads\/2024\/06\/\u8be6\u60c5-26.jpg\" alt=\"Pendurado na parede - Caixa de maquiagem\" width=\"600\" height=\"617\" \/> <img loading=\"lazy\" decoding=\"async\" class=\"aligncenter wp-image-17632\" src=\"https:\/\/www.sellersunionagent.com\/wp-content\/uploads\/2024\/06\/\u8be6\u60c5-28.jpg\" alt=\"Pendurado na parede - Caixa de maquiagem\" width=\"600\" height=\"596\" \/> <img loading=\"lazy\" decoding=\"async\" class=\"aligncenter wp-image-17633\" src=\"https:\/\/www.sellersunionagent.com\/wp-content\/uploads\/2024\/06\/\u8be6\u60c5-32.jpg\" alt=\"Pendurado na parede - Caixa de maquiagem\" width=\"600\" height=\"588\" \/> <img loading=\"lazy\" decoding=\"async\" class=\"aligncenter wp-image-17626\" src=\"https:\/\/www.sellersunionagent.com\/wp-content\/uploads\/2024\/06\/\u8be6\u60c5-19-1.jpg\" alt=\"Pendurado na parede - Caixa de maquiagem\" width=\"600\" height=\"897\" \/> <img loading=\"lazy\" decoding=\"async\" class=\"aligncenter wp-image-17625\" src=\"https:\/\/www.sellersunionagent.com\/wp-content\/uploads\/2024\/06\/\u8be6\u60c5-18-2.jpg\" alt=\"Pendurado na parede - Caixa de maquiagem\" width=\"600\" height=\"654\" \/> <img loading=\"lazy\" decoding=\"async\" class=\"aligncenter wp-image-17624\" src=\"https:\/\/www.sellersunionagent.com\/wp-content\/uploads\/2024\/06\/\u8be6\u60c5-18-1.jpg\" alt=\"Pendurado na parede - Caixa de maquiagem\" width=\"600\" height=\"849\" \/> <img loading=\"lazy\" decoding=\"async\" class=\"aligncenter wp-image-17623\" src=\"https:\/\/www.sellersunionagent.com\/wp-content\/uploads\/2024\/06\/\u8be6\u60c5-17-1.jpg\" alt=\"Pendurado na parede - Caixa de maquiagem\" width=\"600\" height=\"531\" \/> <img loading=\"lazy\" decoding=\"async\" class=\"aligncenter wp-image-17622\" src=\"https:\/\/www.sellersunionagent.com\/wp-content\/uploads\/2024\/06\/\u8be6\u60c5-16-1.jpg\" alt=\"Pendurado na parede - Caixa de maquiagem\" width=\"600\" height=\"353\" \/> <img loading=\"lazy\" decoding=\"async\" class=\"aligncenter wp-image-17621\" src=\"https:\/\/www.sellersunionagent.com\/wp-content\/uploads\/2024\/06\/\u8be6\u60c5-15-1.jpg\" alt=\"Pendurado na parede - Caixa de maquiagem\" width=\"600\" height=\"749\" \/> <img loading=\"lazy\" decoding=\"async\" class=\"aligncenter wp-image-17620\" src=\"https:\/\/www.sellersunionagent.com\/wp-content\/uploads\/2024\/06\/\u8be6\u60c5-14-1.jpg\" alt=\"Pendurado na parede - Caixa de maquiagem\" width=\"600\" height=\"894\" \/> <img loading=\"lazy\" decoding=\"async\" class=\"aligncenter wp-image-17617\" src=\"https:\/\/www.sellersunionagent.com\/wp-content\/uploads\/2024\/06\/\u8be6\u60c5-11-1.jpg\" alt=\"Pendurado na parede - Caixa de maquiagem\" width=\"600\" height=\"911\" \/> <img loading=\"lazy\" decoding=\"async\" class=\"aligncenter wp-image-17619\" src=\"https:\/\/www.sellersunionagent.com\/wp-content\/uploads\/2024\/06\/\u8be6\u60c5-13-2.jpg\" alt=\"Pendurado na parede - Caixa de maquiagem\" width=\"600\" height=\"671\" \/> <img loading=\"lazy\" decoding=\"async\" class=\"aligncenter wp-image-17618\" src=\"https:\/\/www.sellersunionagent.com\/wp-content\/uploads\/2024\/06\/\u8be6\u60c5-13-1.jpg\" alt=\"Pendurado na parede - Caixa de maquiagem\" width=\"600\" height=\"917\" \/><\/span><\/h4>\n<\/li>\n<\/ul>\n<\/div>\n<\/div>\n<\/div>","protected":false},"excerpt":{"rendered":"<h1><span style=\"color: #000000\">Pendurado na parede - Caixa de maquiagem<\/span><\/h1>\n<div data-id=\"42815df\" data-element_type=\"widget\" data-widget_type=\"heading.default\">\n<div>\n<h3><span style=\"color: #000000\"><strong>Tipo<\/strong>: Caixa de armazenamento<\/span><\/h3>\n<\/div>\n<\/div>\n<div class=\"elementor-element elementor-element-c17fac7 elementor-widget elementor-widget-woocommerce-product-short-description\" data-id=\"c17fac7\" data-element_type=\"widget\" data-widget_type=\"woocommerce-product-short-description.default\">\n<div class=\"elementor-widget-container\">\n<div class=\"woocommerce-product-details__short-description\">\n<h3><span style=\"color: #000000\"><strong>N\u00famero do item:<\/strong> SUM001<\/span><\/h3>\n<h3><span style=\"color: #000000\"><strong>Tamanho do item<\/strong>: 33,3*38,5*10CM<\/span><\/h3>\n<h3><span style=\"color: #000000\"><strong>Cores<\/strong>: Branco\/rosa\/azul\/azul escuro\/laranja<\/span><\/h3>\n<h3><span style=\"color: #000000\"><strong>Material:<\/strong> ABS<\/span><\/h3>\n<ul>\n<li>\n<h4><span style=\"color: #000000\">N\u00e3o h\u00e1 necessidade de fazer furos, colar paredes<\/span><\/h4>\n<\/li>\n<li>\n<h4><span style=\"color: #000000\">\u00e0 prova de poeira e \u00e0 prova d'\u00e1gua<\/span><\/h4>\n<\/li>\n<li>\n<h4><span style=\"color: #000000\">grande capacidade<\/span><\/h4>\n<\/li>\n<li>\n<h4><span style=\"color: #000000\">f\u00e1cil de encontrar<\/span><\/h4>\n<\/li>\n<\/ul>\n<\/div>\n<\/div>\n<\/div>","protected":false},"featured_media":17619,"comment_status":"open","ping_status":"closed","template":"","meta":{"_acf_changed":false},"product_brand":[],"product_cat":[189,186,30],"product_tag":[],"class_list":{"0":"post-17610","1":"product","2":"type-product","3":"status-publish","4":"has-post-thumbnail","6":"product_cat-bathroom","7":"product_cat-living-room","8":"product_cat-makeup-bag","10":"first","11":"instock","12":"shipping-taxable","13":"product-type-simple","14":"swiper-slide"},"acf":[],"_links":{"self":[{"href":"https:\/\/www.sellersunionagent.com\/pt\/wp-json\/wp\/v2\/product\/17610","targetHints":{"allow":["GET"]}}],"collection":[{"href":"https:\/\/www.sellersunionagent.com\/pt\/wp-json\/wp\/v2\/product"}],"about":[{"href":"https:\/\/www.sellersunionagent.com\/pt\/wp-json\/wp\/v2\/types\/product"}],"replies":[{"embeddable":true,"href":"https:\/\/www.sellersunionagent.com\/pt\/wp-json\/wp\/v2\/comments?post=17610"}],"wp:featuredmedia":[{"embeddable":true,"href":"https:\/\/www.sellersunionagent.com\/pt\/wp-json\/wp\/v2\/media\/17619"}],"wp:attachment":[{"href":"https:\/\/www.sellersunionagent.com\/pt\/wp-json\/wp\/v2\/media?parent=17610"}],"wp:term":[{"taxonomy":"product_brand","embeddable":true,"href":"https:\/\/www.sellersunionagent.com\/pt\/wp-json\/wp\/v2\/product_brand?post=17610"},{"taxonomy":"product_cat","embeddable":true,"href":"https:\/\/www.sellersunionagent.com\/pt\/wp-json\/wp\/v2\/product_cat?post=17610"},{"taxonomy":"product_tag","embeddable":true,"href":"https:\/\/www.sellersunionagent.com\/pt\/wp-json\/wp\/v2\/product_tag?post=17610"}],"curies":[{"name":"wp","href":"https:\/\/api.w.org\/{rel}","templated":true}]}}