{"id":17304,"date":"2024-06-14T16:14:45","date_gmt":"2024-06-14T08:14:45","guid":{"rendered":"https:\/\/sellersunionagent.com\/?post_type=product&#038;p=17304"},"modified":"2024-06-14T17:12:22","modified_gmt":"2024-06-14T09:12:22","slug":"estojo-de-maquiagem-de-alta-transparencia","status":"publish","type":"product","link":"https:\/\/www.sellersunionagent.com\/pt\/high-transparency-makeup-case\/","title":{"rendered":"Estojo de maquiagem de alta transpar\u00eancia"},"content":{"rendered":"<h3><span style=\"color: #000000\">Estojo de maquiagem de alta transpar\u00eancia<\/span><\/h3>\n<div class=\"elementor-element elementor-element-42815df elementor-widget elementor-widget-heading\" data-id=\"42815df\" data-element_type=\"widget\" data-widget_type=\"heading.default\">\n<h3 class=\"elementor-widget-container\"><span style=\"color: #000000\"><strong>Tipo<\/strong>: Caixa de armazenamento<\/span><\/h3>\n<\/div>\n<div class=\"elementor-widget-container\">\n<div class=\"woocommerce-product-details__short-description\"><span style=\"color: #000000\"><strong>N\u00famero do item:<\/strong> SU5287<\/span><\/div>\n<div class=\"woocommerce-product-details__short-description\"><span style=\"color: #000000\"><strong>Tamanho do item<\/strong>: 29,1*21,2*17,5*36,3CM<\/span><\/div>\n<div class=\"woocommerce-product-details__short-description\"><span style=\"color: #000000\"><strong>Cores<\/strong>: Verde\/Cinza<\/span><\/div>\n<div class=\"woocommerce-product-details__short-description\"><span style=\"color: #000000\"><strong>Material: <\/strong>pl\u00e1stico<\/span><\/div>\n<\/div>\n<h3><\/h3>\n<ul>\n<li>\n<h3><span style=\"color: #000000\">Luz ambiente de LED<\/span><\/h3>\n<\/li>\n<li>\n<h3><span style=\"color: #000000\">\u00c0 prova de poeira e \u00e0 prova d'\u00e1gua<\/span><\/h3>\n<\/li>\n<li>\n<h3><span style=\"color: #000000\">Transparente<\/span><\/h3>\n<\/li>\n<li>\n<h3><span style=\"color: #000000\">Grande capacidade<\/span><\/h3>\n<\/li>\n<li>\n<h3><span style=\"color: #000000\">Port\u00e1til<img fetchpriority=\"high\" decoding=\"async\" class=\"aligncenter size-full wp-image-17400\" title=\"ese1\" src=\"https:\/\/www.sellersunionagent.com\/wp-content\/uploads\/2024\/06\/ese1.webp\" alt=\"ese1\" width=\"790\" height=\"1040\" \/> <img decoding=\"async\" class=\"aligncenter size-full wp-image-17401\" title=\"ese2\" src=\"https:\/\/www.sellersunionagent.com\/wp-content\/uploads\/2024\/06\/ese2.webp\" alt=\"ese2\" width=\"790\" height=\"705\" \/> <img decoding=\"async\" class=\"aligncenter size-full wp-image-17402\" title=\"ese3\" src=\"https:\/\/www.sellersunionagent.com\/wp-content\/uploads\/2024\/06\/ese3.webp\" alt=\"ese3\" width=\"790\" height=\"1066\" \/> <img loading=\"lazy\" decoding=\"async\" class=\"aligncenter size-full wp-image-17403\" title=\"ese4\" src=\"https:\/\/www.sellersunionagent.com\/wp-content\/uploads\/2024\/06\/ese4.webp\" alt=\"ese4\" width=\"790\" height=\"1107\" \/> <img loading=\"lazy\" decoding=\"async\" class=\"aligncenter size-full wp-image-17404\" title=\"ese5\" src=\"https:\/\/www.sellersunionagent.com\/wp-content\/uploads\/2024\/06\/ese5.webp\" alt=\"ese5\" width=\"800\" height=\"800\" \/> <img loading=\"lazy\" decoding=\"async\" class=\"aligncenter size-full wp-image-17405\" title=\"ese6\" src=\"https:\/\/www.sellersunionagent.com\/wp-content\/uploads\/2024\/06\/ese6.webp\" alt=\"ese6\" width=\"800\" height=\"800\" \/> <img loading=\"lazy\" decoding=\"async\" class=\"aligncenter size-full wp-image-17406\" title=\"ese7\" src=\"https:\/\/www.sellersunionagent.com\/wp-content\/uploads\/2024\/06\/ese7.webp\" alt=\"ese7\" width=\"800\" height=\"800\" \/> <img loading=\"lazy\" decoding=\"async\" class=\"aligncenter size-full wp-image-17407\" title=\"ese8\" src=\"https:\/\/www.sellersunionagent.com\/wp-content\/uploads\/2024\/06\/ese8.webp\" alt=\"ese8\" width=\"800\" height=\"800\" \/> <img loading=\"lazy\" decoding=\"async\" class=\"aligncenter size-full wp-image-17408\" title=\"ese9\" src=\"https:\/\/www.sellersunionagent.com\/wp-content\/uploads\/2024\/06\/ese9.webp\" alt=\"ese9\" width=\"750\" height=\"750\" \/> <img loading=\"lazy\" decoding=\"async\" class=\"aligncenter size-full wp-image-17409\" title=\"ese10\" src=\"https:\/\/www.sellersunionagent.com\/wp-content\/uploads\/2024\/06\/ese10.webp\" alt=\"ese10\" width=\"790\" height=\"1041\" \/> <img loading=\"lazy\" decoding=\"async\" class=\"aligncenter size-full wp-image-17410\" title=\"ese11\" src=\"https:\/\/www.sellersunionagent.com\/wp-content\/uploads\/2024\/06\/ese11.webp\" alt=\"ese11\" width=\"790\" height=\"829\" \/> <img loading=\"lazy\" decoding=\"async\" class=\"aligncenter size-full wp-image-17412\" title=\"ese13\" src=\"https:\/\/www.sellersunionagent.com\/wp-content\/uploads\/2024\/06\/ese13.webp\" alt=\"ese13\" width=\"790\" height=\"897\" \/> <img loading=\"lazy\" decoding=\"async\" class=\"aligncenter size-full wp-image-17413\" title=\"ese14\" src=\"https:\/\/www.sellersunionagent.com\/wp-content\/uploads\/2024\/06\/ese14.webp\" alt=\"ese14\" width=\"790\" height=\"570\" \/> <img loading=\"lazy\" decoding=\"async\" class=\"aligncenter size-full wp-image-17414\" title=\"ese15\" src=\"https:\/\/www.sellersunionagent.com\/wp-content\/uploads\/2024\/06\/ese15.webp\" alt=\"ese15\" width=\"790\" height=\"888\" \/> <img loading=\"lazy\" decoding=\"async\" class=\"aligncenter size-full wp-image-17415\" title=\"ese16\" src=\"https:\/\/www.sellersunionagent.com\/wp-content\/uploads\/2024\/06\/ese16.webp\" alt=\"ese16\" width=\"790\" height=\"893\" \/> <img loading=\"lazy\" decoding=\"async\" class=\"aligncenter size-full wp-image-17416\" title=\"ese17\" src=\"https:\/\/www.sellersunionagent.com\/wp-content\/uploads\/2024\/06\/ese17.webp\" alt=\"ese17\" width=\"790\" height=\"926\" \/> <img loading=\"lazy\" decoding=\"async\" class=\"aligncenter size-full wp-image-17417\" title=\"ese18\" src=\"https:\/\/www.sellersunionagent.com\/wp-content\/uploads\/2024\/06\/ese18.webp\" alt=\"ese18\" width=\"790\" height=\"989\" \/> <img loading=\"lazy\" decoding=\"async\" class=\"aligncenter size-full wp-image-17418\" title=\"ese19\" src=\"https:\/\/www.sellersunionagent.com\/wp-content\/uploads\/2024\/06\/ese19.webp\" alt=\"ese19\" width=\"790\" height=\"1041\" \/> <img loading=\"lazy\" decoding=\"async\" class=\"aligncenter size-full wp-image-17419\" title=\"ese20\" src=\"https:\/\/www.sellersunionagent.com\/wp-content\/uploads\/2024\/06\/ese20.webp\" alt=\"ese20\" width=\"800\" height=\"800\" \/> <img loading=\"lazy\" decoding=\"async\" class=\"aligncenter size-full wp-image-17420\" title=\"ese21\" src=\"https:\/\/www.sellersunionagent.com\/wp-content\/uploads\/2024\/06\/ese21.webp\" alt=\"ese21\" width=\"800\" height=\"800\" \/> <img loading=\"lazy\" decoding=\"async\" class=\"aligncenter size-full wp-image-17421\" title=\"ese22\" src=\"https:\/\/www.sellersunionagent.com\/wp-content\/uploads\/2024\/06\/ese22.webp\" alt=\"ese22\" width=\"800\" height=\"800\" \/> <img loading=\"lazy\" decoding=\"async\" class=\"aligncenter size-full wp-image-17422\" title=\"ese23\" src=\"https:\/\/www.sellersunionagent.com\/wp-content\/uploads\/2024\/06\/ese23.webp\" alt=\"ese23\" width=\"800\" height=\"800\" \/><\/span><\/h3>\n<\/li>\n<\/ul>","protected":false},"excerpt":{"rendered":"<h3><span style=\"color: #000000\">Estojo de maquiagem de alta transpar\u00eancia<\/span><\/h3>\n<div class=\"elementor-element elementor-element-42815df elementor-widget elementor-widget-heading\" data-id=\"42815df\" data-element_type=\"widget\" data-widget_type=\"heading.default\">\n<h3 class=\"elementor-widget-container\"><span style=\"color: #000000\"><strong>Tipo<\/strong>: Caixa de armazenamento<\/span><\/h3>\n<\/div>\n<div class=\"elementor-widget-container\">\n<div class=\"woocommerce-product-details__short-description\"><span style=\"color: #000000\"><strong>N\u00famero do item:<\/strong> SU5287<\/span><\/div>\n<div class=\"woocommerce-product-details__short-description\"><span style=\"color: #000000\"><strong>Tamanho do item<\/strong>: 29,1*21,2*17,5*36,3CM<\/span><\/div>\n<div class=\"woocommerce-product-details__short-description\"><span style=\"color: #000000\"><strong>Cores<\/strong>: Verde\/Cinza<\/span><\/div>\n<div class=\"woocommerce-product-details__short-description\"><span style=\"color: #000000\"><strong>Material: <\/strong>pl\u00e1stico<\/span><\/div>\n<\/div>\n<h3><\/h3>\n<ul>\n<li>\n<h3><span style=\"color: #000000\">Luz ambiente de LED<\/span><\/h3>\n<\/li>\n<li>\n<h3><span style=\"color: #000000\">\u00c0 prova de poeira e \u00e0 prova d'\u00e1gua<\/span><\/h3>\n<\/li>\n<li>\n<h3><span style=\"color: #000000\">Transparente<\/span><\/h3>\n<\/li>\n<li>\n<h3><span style=\"color: #000000\">Grande capacidade<\/span><\/h3>\n<\/li>\n<li>\n<h3><span style=\"color: #000000\">Port\u00e1til<\/span><\/h3>\n<\/li>\n<\/ul>","protected":false},"featured_media":17375,"comment_status":"open","ping_status":"closed","template":"","meta":{"_acf_changed":false},"product_brand":[],"product_cat":[31,187,186],"product_tag":[255],"class_list":{"0":"post-17304","1":"product","2":"type-product","3":"status-publish","4":"has-post-thumbnail","6":"product_cat-home-storage","7":"product_cat-bedroom","8":"product_cat-living-room","9":"product_tag-makeup-case","11":"first","12":"instock","13":"shipping-taxable","14":"product-type-simple","15":"swiper-slide"},"acf":[],"_links":{"self":[{"href":"https:\/\/www.sellersunionagent.com\/pt\/wp-json\/wp\/v2\/product\/17304","targetHints":{"allow":["GET"]}}],"collection":[{"href":"https:\/\/www.sellersunionagent.com\/pt\/wp-json\/wp\/v2\/product"}],"about":[{"href":"https:\/\/www.sellersunionagent.com\/pt\/wp-json\/wp\/v2\/types\/product"}],"replies":[{"embeddable":true,"href":"https:\/\/www.sellersunionagent.com\/pt\/wp-json\/wp\/v2\/comments?post=17304"}],"wp:featuredmedia":[{"embeddable":true,"href":"https:\/\/www.sellersunionagent.com\/pt\/wp-json\/wp\/v2\/media\/17375"}],"wp:attachment":[{"href":"https:\/\/www.sellersunionagent.com\/pt\/wp-json\/wp\/v2\/media?parent=17304"}],"wp:term":[{"taxonomy":"product_brand","embeddable":true,"href":"https:\/\/www.sellersunionagent.com\/pt\/wp-json\/wp\/v2\/product_brand?post=17304"},{"taxonomy":"product_cat","embeddable":true,"href":"https:\/\/www.sellersunionagent.com\/pt\/wp-json\/wp\/v2\/product_cat?post=17304"},{"taxonomy":"product_tag","embeddable":true,"href":"https:\/\/www.sellersunionagent.com\/pt\/wp-json\/wp\/v2\/product_tag?post=17304"}],"curies":[{"name":"wp","href":"https:\/\/api.w.org\/{rel}","templated":true}]}}