{"id":17256,"date":"2024-06-03T14:11:58","date_gmt":"2024-06-03T06:11:58","guid":{"rendered":"https:\/\/sellersunionagent.com\/?post_type=product&#038;p=17256"},"modified":"2024-06-03T14:11:58","modified_gmt":"2024-06-03T06:11:58","slug":"kitchen-sealed-storage-jar","status":"publish","type":"product","link":"https:\/\/www.sellersunionagent.com\/pt\/kitchen-sealed-storage-jar\/","title":{"rendered":"Pote de armazenamento selado para cozinha"},"content":{"rendered":"<h1>Pote de armazenamento selado para cozinha<\/h1>\n<div class=\"elementor-element elementor-element-42815df elementor-widget elementor-widget-heading\" data-id=\"42815df\" data-element_type=\"widget\" data-widget_type=\"heading.default\">\n<div class=\"elementor-widget-container\">\n<h3 class=\"elementor-heading-title elementor-size-default\"><strong>Tipo<\/strong>:\u00a0Storage Jar<\/h3>\n<\/div>\n<\/div>\n<div class=\"elementor-element elementor-element-c17fac7 elementor-widget elementor-widget-woocommerce-product-short-description\" data-id=\"c17fac7\" data-element_type=\"widget\" data-widget_type=\"woocommerce-product-short-description.default\">\n<div class=\"elementor-widget-container\">\n<div class=\"woocommerce-product-details__short-description\">\n<h3><strong>N\u00famero do item:<\/strong> SULY01<\/h3>\n<h3><strong>Tamanho do item<\/strong>: 3.5L<\/h3>\n<h3><strong>Cores<\/strong>: transparente<\/h3>\n<h3><strong>Material: PP<\/strong><\/h3>\n<\/div>\n<\/div>\n<\/div>\n<p>&nbsp;<\/p>\n<ul>\n<li>\n<h4>Alta capacidade<\/h4>\n<\/li>\n<li>\n<h4>\u00c0 prova de poeira e \u00e0 prova d'\u00e1gua<\/h4>\n<\/li>\n<li>\n<h4>Convenient handle<\/h4>\n<\/li>\n<li>\n<h4>Precise and clear scale<\/h4>\n<\/li>\n<li>\n<h4>Large opening<\/h4>\n<\/li>\n<\/ul>\n<p>&nbsp;<\/p>\n<p><img fetchpriority=\"high\" decoding=\"async\" class=\"aligncenter wp-image-17268\" title=\"W (1)\" src=\"https:\/\/www.sellersunionagent.com\/wp-content\/uploads\/2024\/06\/W-1.webp\" alt=\"W (1)\" width=\"600\" height=\"516\" \/> <img decoding=\"async\" class=\"aligncenter wp-image-17267\" title=\"W (12)\" src=\"https:\/\/www.sellersunionagent.com\/wp-content\/uploads\/2024\/06\/W-12.webp\" alt=\"W (12)\" width=\"600\" height=\"554\" \/> <img decoding=\"async\" class=\"aligncenter wp-image-17266\" title=\"W (11)\" src=\"https:\/\/www.sellersunionagent.com\/wp-content\/uploads\/2024\/06\/W-11.webp\" alt=\"W (11)\" width=\"600\" height=\"908\" \/> <img loading=\"lazy\" decoding=\"async\" class=\"aligncenter wp-image-17265\" title=\"W (10)\" src=\"https:\/\/www.sellersunionagent.com\/wp-content\/uploads\/2024\/06\/W-10.webp\" alt=\"W (10)\" width=\"600\" height=\"531\" \/> <img loading=\"lazy\" decoding=\"async\" class=\"aligncenter wp-image-17264\" title=\"W (9)\" src=\"https:\/\/www.sellersunionagent.com\/wp-content\/uploads\/2024\/06\/W-9.webp\" alt=\"W (9)\" width=\"600\" height=\"698\" \/> <img loading=\"lazy\" decoding=\"async\" class=\"aligncenter wp-image-17263\" title=\"W (8)\" src=\"https:\/\/www.sellersunionagent.com\/wp-content\/uploads\/2024\/06\/W-8.webp\" alt=\"W (8)\" width=\"600\" height=\"813\" \/> <img loading=\"lazy\" decoding=\"async\" class=\"aligncenter wp-image-17262\" title=\"W (7)\" src=\"https:\/\/www.sellersunionagent.com\/wp-content\/uploads\/2024\/06\/W-7.webp\" alt=\"W (7)\" width=\"600\" height=\"631\" \/> <img loading=\"lazy\" decoding=\"async\" class=\"aligncenter wp-image-17261\" title=\"W (6)\" src=\"https:\/\/www.sellersunionagent.com\/wp-content\/uploads\/2024\/06\/W-6.webp\" alt=\"W (6)\" width=\"600\" height=\"600\" \/><\/p>","protected":false},"excerpt":{"rendered":"<p><strong>MOQ<\/strong>:  1000 pe\u00e7as<br \/>\n<strong>Amostra gr\u00e1tis<\/strong>:  Com suporte<br \/>\n<strong>Personaliza\u00e7\u00e3o<\/strong>: logotipo \/ cor \/ materiais \/ embalagem etc.<br \/>\n<strong>Desconto<\/strong>:  Primeiros pedidos a partir de 10% de desconto.<br \/>\n<strong>Taxa de entrega no prazo<\/strong>:\u00a0 100%<br \/>\n<strong>Total de remessas<\/strong>:  10000 pe\u00e7as<br \/>\n<strong>Remessa<\/strong>: Suporte expresso - frete mar\u00edtimo - frete terrestre<\/p>","protected":false},"featured_media":17260,"comment_status":"open","ping_status":"closed","template":"","meta":{"_acf_changed":false},"product_brand":[],"product_cat":[188],"product_tag":[],"class_list":{"0":"post-17256","1":"product","2":"type-product","3":"status-publish","4":"has-post-thumbnail","6":"product_cat-kitchen","8":"first","9":"instock","10":"shipping-taxable","11":"product-type-simple","12":"swiper-slide"},"acf":[],"_links":{"self":[{"href":"https:\/\/www.sellersunionagent.com\/pt\/wp-json\/wp\/v2\/product\/17256","targetHints":{"allow":["GET"]}}],"collection":[{"href":"https:\/\/www.sellersunionagent.com\/pt\/wp-json\/wp\/v2\/product"}],"about":[{"href":"https:\/\/www.sellersunionagent.com\/pt\/wp-json\/wp\/v2\/types\/product"}],"replies":[{"embeddable":true,"href":"https:\/\/www.sellersunionagent.com\/pt\/wp-json\/wp\/v2\/comments?post=17256"}],"wp:featuredmedia":[{"embeddable":true,"href":"https:\/\/www.sellersunionagent.com\/pt\/wp-json\/wp\/v2\/media\/17260"}],"wp:attachment":[{"href":"https:\/\/www.sellersunionagent.com\/pt\/wp-json\/wp\/v2\/media?parent=17256"}],"wp:term":[{"taxonomy":"product_brand","embeddable":true,"href":"https:\/\/www.sellersunionagent.com\/pt\/wp-json\/wp\/v2\/product_brand?post=17256"},{"taxonomy":"product_cat","embeddable":true,"href":"https:\/\/www.sellersunionagent.com\/pt\/wp-json\/wp\/v2\/product_cat?post=17256"},{"taxonomy":"product_tag","embeddable":true,"href":"https:\/\/www.sellersunionagent.com\/pt\/wp-json\/wp\/v2\/product_tag?post=17256"}],"curies":[{"name":"wp","href":"https:\/\/api.w.org\/{rel}","templated":true}]}}