{"id":17216,"date":"2024-06-03T14:01:02","date_gmt":"2024-06-03T06:01:02","guid":{"rendered":"https:\/\/sellersunionagent.com\/?post_type=product&#038;p=17216"},"modified":"2024-06-03T14:01:02","modified_gmt":"2024-06-03T06:01:02","slug":"organizador-de-cosmeticos-com-gaveta-transparente","status":"publish","type":"product","link":"https:\/\/www.sellersunionagent.com\/pt\/transparent-drawer-cosmetic-organiser\/","title":{"rendered":"Organizador de cosm\u00e9ticos com gaveta transparente"},"content":{"rendered":"<h1>Organizador de cosm\u00e9ticos com gaveta transparente<\/h1>\n<div class=\"elementor-element elementor-element-42815df elementor-widget elementor-widget-heading\" data-id=\"42815df\" data-element_type=\"widget\" data-widget_type=\"heading.default\">\n<div class=\"elementor-widget-container\">\n<h3 class=\"elementor-heading-title elementor-size-default\"><strong>Tipo<\/strong>Organizador<\/h3>\n<\/div>\n<\/div>\n<div class=\"elementor-element elementor-element-c17fac7 elementor-widget elementor-widget-woocommerce-product-short-description\" data-id=\"c17fac7\" data-element_type=\"widget\" data-widget_type=\"woocommerce-product-short-description.default\">\n<div class=\"elementor-widget-container\">\n<div class=\"woocommerce-product-details__short-description\">\n<h3><strong>N\u00famero do item:<\/strong> SULH01<\/h3>\n<h3><strong>Tamanho do item<\/strong>: 31*18*33CM\/31*20*37CM<\/h3>\n<h3><strong>Cores<\/strong>: cor branca\/cinza\/creme<\/h3>\n<h3><strong>Material: PET<\/strong><\/h3>\n<\/div>\n<\/div>\n<\/div>\n<p>&nbsp;<\/p>\n<ul>\n<li>\n<h4>Alta capacidade<\/h4>\n<\/li>\n<li>\n<h4>\u00c0 prova de poeira e \u00e0 prova d'\u00e1gua<\/h4>\n<\/li>\n<li>\n<h4>Sem odor<\/h4>\n<\/li>\n<li>\n<h4>Tipo de gaveta<\/h4>\n<\/li>\n<li>\n<h4>Aumentar o espa\u00e7amento<\/h4>\n<\/li>\n<\/ul>\n<p>&nbsp;<\/p>\n<p><img fetchpriority=\"high\" decoding=\"async\" class=\"aligncenter wp-image-17251\" title=\"q (20)\" src=\"https:\/\/www.sellersunionagent.com\/wp-content\/uploads\/2024\/06\/q-20.webp\" alt=\"q (20)\" width=\"600\" height=\"561\" \/> <img decoding=\"async\" class=\"aligncenter wp-image-17240\" title=\"q (21)\" src=\"https:\/\/www.sellersunionagent.com\/wp-content\/uploads\/2024\/06\/q-21.webp\" alt=\"q (21)\" width=\"600\" height=\"635\" \/><img decoding=\"async\" class=\"aligncenter wp-image-17249\" title=\"q (30)\" src=\"https:\/\/www.sellersunionagent.com\/wp-content\/uploads\/2024\/06\/q-30.webp\" alt=\"q (30)\" width=\"600\" height=\"600\" \/> <img loading=\"lazy\" decoding=\"async\" class=\"aligncenter wp-image-17248\" title=\"q (29)\" src=\"https:\/\/www.sellersunionagent.com\/wp-content\/uploads\/2024\/06\/q-29.webp\" alt=\"q (29)\" width=\"600\" height=\"600\" \/> <img loading=\"lazy\" decoding=\"async\" class=\"aligncenter wp-image-17246\" title=\"q (27)\" src=\"https:\/\/www.sellersunionagent.com\/wp-content\/uploads\/2024\/06\/q-27.webp\" alt=\"q (27)\" width=\"600\" height=\"600\" \/> <img loading=\"lazy\" decoding=\"async\" class=\"aligncenter wp-image-17245\" title=\"q (26)\" src=\"https:\/\/www.sellersunionagent.com\/wp-content\/uploads\/2024\/06\/q-26.webp\" alt=\"q (26)\" width=\"600\" height=\"719\" \/> <img loading=\"lazy\" decoding=\"async\" class=\"aligncenter wp-image-17244\" title=\"q (25)\" src=\"https:\/\/www.sellersunionagent.com\/wp-content\/uploads\/2024\/06\/q-25.webp\" alt=\"q (25)\" width=\"600\" height=\"709\" \/> <img loading=\"lazy\" decoding=\"async\" class=\"aligncenter wp-image-17242\" title=\"q (23)\" src=\"https:\/\/www.sellersunionagent.com\/wp-content\/uploads\/2024\/06\/q-23.webp\" alt=\"q (23)\" width=\"600\" height=\"655\" \/> <img loading=\"lazy\" decoding=\"async\" class=\"aligncenter wp-image-17241\" title=\"q (22)\" src=\"https:\/\/www.sellersunionagent.com\/wp-content\/uploads\/2024\/06\/q-22.webp\" alt=\"q (22)\" width=\"600\" height=\"395\" \/><\/p>","protected":false},"excerpt":{"rendered":"<p><strong>MOQ<\/strong>:  1000 pe\u00e7as<br \/>\n<strong>Amostra gr\u00e1tis<\/strong>:  Com suporte<br \/>\n<strong>Personaliza\u00e7\u00e3o<\/strong>: logotipo \/ cor \/ materiais \/ embalagem etc.<br \/>\n<strong>Desconto<\/strong>:  Primeiros pedidos a partir de 10% de desconto.<br \/>\n<strong>Taxa de entrega no prazo<\/strong>:\u00a0 100%<br \/>\n<strong>Total de remessas<\/strong>:  10000 pe\u00e7as<br \/>\n<strong>Remessa<\/strong>: Suporte expresso - frete mar\u00edtimo - frete terrestre<\/p>","protected":false},"featured_media":17252,"comment_status":"open","ping_status":"closed","template":"","meta":{"_acf_changed":false},"product_brand":[],"product_cat":[187],"product_tag":[],"class_list":{"0":"post-17216","1":"product","2":"type-product","3":"status-publish","4":"has-post-thumbnail","6":"product_cat-bedroom","8":"first","9":"instock","10":"shipping-taxable","11":"product-type-simple","12":"swiper-slide"},"acf":[],"_links":{"self":[{"href":"https:\/\/www.sellersunionagent.com\/pt\/wp-json\/wp\/v2\/product\/17216","targetHints":{"allow":["GET"]}}],"collection":[{"href":"https:\/\/www.sellersunionagent.com\/pt\/wp-json\/wp\/v2\/product"}],"about":[{"href":"https:\/\/www.sellersunionagent.com\/pt\/wp-json\/wp\/v2\/types\/product"}],"replies":[{"embeddable":true,"href":"https:\/\/www.sellersunionagent.com\/pt\/wp-json\/wp\/v2\/comments?post=17216"}],"wp:featuredmedia":[{"embeddable":true,"href":"https:\/\/www.sellersunionagent.com\/pt\/wp-json\/wp\/v2\/media\/17252"}],"wp:attachment":[{"href":"https:\/\/www.sellersunionagent.com\/pt\/wp-json\/wp\/v2\/media?parent=17216"}],"wp:term":[{"taxonomy":"product_brand","embeddable":true,"href":"https:\/\/www.sellersunionagent.com\/pt\/wp-json\/wp\/v2\/product_brand?post=17216"},{"taxonomy":"product_cat","embeddable":true,"href":"https:\/\/www.sellersunionagent.com\/pt\/wp-json\/wp\/v2\/product_cat?post=17216"},{"taxonomy":"product_tag","embeddable":true,"href":"https:\/\/www.sellersunionagent.com\/pt\/wp-json\/wp\/v2\/product_tag?post=17216"}],"curies":[{"name":"wp","href":"https:\/\/api.w.org\/{rel}","templated":true}]}}