{"id":17004,"date":"2024-05-30T15:21:37","date_gmt":"2024-05-30T07:21:37","guid":{"rendered":"https:\/\/sellersunionagent.com\/?post_type=product&#038;p=17004"},"modified":"2024-05-30T15:21:37","modified_gmt":"2024-05-30T07:21:37","slug":"refrigerator-fresh-seal-box","status":"publish","type":"product","link":"https:\/\/www.sellersunionagent.com\/pt\/refrigerator-fresh-seal-box\/","title":{"rendered":"Caixa de veda\u00e7\u00e3o fresca do refrigerador"},"content":{"rendered":"<h1>Caixa de veda\u00e7\u00e3o fresca do refrigerador<\/h1>\n<div class=\"elementor-element elementor-element-42815df elementor-widget elementor-widget-heading\" data-id=\"42815df\" data-element_type=\"widget\" data-widget_type=\"heading.default\">\n<div class=\"elementor-widget-container\">\n<h3 class=\"elementor-heading-title elementor-size-default\"><strong>Tipo<\/strong>: Crisper<\/h3>\n<\/div>\n<\/div>\n<div class=\"elementor-element elementor-element-c17fac7 elementor-widget elementor-widget-woocommerce-product-short-description\" data-id=\"c17fac7\" data-element_type=\"widget\" data-widget_type=\"woocommerce-product-short-description.default\">\n<div class=\"elementor-widget-container\">\n<div class=\"woocommerce-product-details__short-description\">\n<h3><strong>N\u00famero do item:<\/strong> SUBH01<\/h3>\n<h3><strong>Tamanho do item<\/strong>: 15*10*8CM 850ml\/18*13*10cm 1750ml\/22*16*12cm 3300ml<\/h3>\n<h3><strong>Cores<\/strong>: grey\/ blue<\/h3>\n<h3><strong>Material: PP<\/strong><\/h3>\n<\/div>\n<\/div>\n<\/div>\n<p>&nbsp;<\/p>\n<ul>\n<li>\n<h4>Alto volume<\/h4>\n<\/li>\n<li>\n<h4>\u00c0 prova de poeira e \u00e0 prova d'\u00e1gua<\/h4>\n<\/li>\n<li>\n<h4>Snap<\/h4>\n<\/li>\n<li>\n<h4>Drain &amp; Keep Fresh<\/h4>\n<\/li>\n<li>\n<h4>High and low temperature resistance<\/h4>\n<\/li>\n<\/ul>\n<p>&nbsp;<\/p>\n<p><img fetchpriority=\"high\" decoding=\"async\" class=\"aligncenter wp-image-17017\" title=\"\u8be6\u60c56\" src=\"https:\/\/www.sellersunionagent.com\/wp-content\/uploads\/2024\/05\/\u8be6\u60c56.webp\" alt=\"\u8be6\u60c56\" width=\"600\" height=\"632\" \/> <img decoding=\"async\" class=\"aligncenter wp-image-17014\" title=\"\u8be6\u60c51\" src=\"https:\/\/www.sellersunionagent.com\/wp-content\/uploads\/2024\/05\/\u8be6\u60c51-1.webp\" alt=\"\u8be6\u60c51\" width=\"600\" height=\"600\" \/> <img decoding=\"async\" class=\"aligncenter wp-image-17015\" title=\"\u8be6\u60c52\" src=\"https:\/\/www.sellersunionagent.com\/wp-content\/uploads\/2024\/05\/\u8be6\u60c52.webp\" alt=\"\u8be6\u60c52\" width=\"600\" height=\"575\" \/> <img loading=\"lazy\" decoding=\"async\" class=\"aligncenter wp-image-17010\" title=\"\u8be6\u60c55\" src=\"https:\/\/www.sellersunionagent.com\/wp-content\/uploads\/2024\/05\/\u8be6\u60c55.webp\" alt=\"\u8be6\u60c55\" width=\"600\" height=\"632\" \/><img loading=\"lazy\" decoding=\"async\" class=\"aligncenter wp-image-17018\" title=\"\u8be6\u60c510\" src=\"https:\/\/www.sellersunionagent.com\/wp-content\/uploads\/2024\/05\/\u8be6\u60c510.webp\" alt=\"\u8be6\u60c510\" width=\"600\" height=\"550\" \/> <img loading=\"lazy\" decoding=\"async\" class=\"aligncenter wp-image-17019\" title=\"\u4e3b\u56fe 004 (2)\" src=\"https:\/\/www.sellersunionagent.com\/wp-content\/uploads\/2024\/05\/\u4e3b\u56fe_004-2.webp\" alt=\"\u4e3b\u56fe 004 (2)\" width=\"600\" height=\"600\" \/><\/p>","protected":false},"excerpt":{"rendered":"<p><strong>MOQ<\/strong>:  1000 pe\u00e7as<br \/>\n<strong>Amostra gr\u00e1tis<\/strong>:  Com suporte<br \/>\n<strong>Personaliza\u00e7\u00e3o<\/strong>: logotipo \/ cor \/ materiais \/ embalagem etc.<br \/>\n<strong>Desconto<\/strong>:  Primeiros pedidos a partir de 10% de desconto.<br \/>\n<strong>Taxa de entrega no prazo<\/strong>:\u00a0 100%<br \/>\n<strong>Total de remessas<\/strong>:  10000 pe\u00e7as<br \/>\n<strong>Remessa<\/strong>: Suporte expresso - frete mar\u00edtimo - frete terrestre<\/p>","protected":false},"featured_media":17008,"comment_status":"open","ping_status":"closed","template":"","meta":{"_acf_changed":false},"product_brand":[],"product_cat":[231,188],"product_tag":[],"class_list":{"0":"post-17004","1":"product","2":"type-product","3":"status-publish","4":"has-post-thumbnail","6":"product_cat-kitchenware","7":"product_cat-kitchen","9":"first","10":"instock","11":"shipping-taxable","12":"product-type-simple","13":"swiper-slide"},"acf":[],"_links":{"self":[{"href":"https:\/\/www.sellersunionagent.com\/pt\/wp-json\/wp\/v2\/product\/17004","targetHints":{"allow":["GET"]}}],"collection":[{"href":"https:\/\/www.sellersunionagent.com\/pt\/wp-json\/wp\/v2\/product"}],"about":[{"href":"https:\/\/www.sellersunionagent.com\/pt\/wp-json\/wp\/v2\/types\/product"}],"replies":[{"embeddable":true,"href":"https:\/\/www.sellersunionagent.com\/pt\/wp-json\/wp\/v2\/comments?post=17004"}],"wp:featuredmedia":[{"embeddable":true,"href":"https:\/\/www.sellersunionagent.com\/pt\/wp-json\/wp\/v2\/media\/17008"}],"wp:attachment":[{"href":"https:\/\/www.sellersunionagent.com\/pt\/wp-json\/wp\/v2\/media?parent=17004"}],"wp:term":[{"taxonomy":"product_brand","embeddable":true,"href":"https:\/\/www.sellersunionagent.com\/pt\/wp-json\/wp\/v2\/product_brand?post=17004"},{"taxonomy":"product_cat","embeddable":true,"href":"https:\/\/www.sellersunionagent.com\/pt\/wp-json\/wp\/v2\/product_cat?post=17004"},{"taxonomy":"product_tag","embeddable":true,"href":"https:\/\/www.sellersunionagent.com\/pt\/wp-json\/wp\/v2\/product_tag?post=17004"}],"curies":[{"name":"wp","href":"https:\/\/api.w.org\/{rel}","templated":true}]}}