{"id":16719,"date":"2024-05-24T15:23:57","date_gmt":"2024-05-24T07:23:57","guid":{"rendered":"https:\/\/sellersunionagent.com\/?post_type=product&#038;p=16719"},"modified":"2025-11-28T10:28:42","modified_gmt":"2025-11-28T02:28:42","slug":"folding-christmas-decoration-ball-storage-box-2","status":"publish","type":"product","link":"https:\/\/www.sellersunionagent.com\/pt\/folding-christmas-decoration-ball-storage-box-2\/","title":{"rendered":"Caixa dobr\u00e1vel de armazenamento de bolas para decora\u00e7\u00e3o de Natal"},"content":{"rendered":"<p>Caixa dobr\u00e1vel de armazenamento de bolas para decora\u00e7\u00e3o de Natal<\/p>\n<div class=\"elementor-element elementor-element-42815df elementor-widget elementor-widget-heading\" data-id=\"42815df\" data-element_type=\"widget\" data-widget_type=\"heading.default\">\n<div class=\"elementor-widget-container\">\n<p class=\"elementor-heading-title elementor-size-default\"><strong>Tipo<\/strong>: Caixa de armazenamento<\/p>\n<\/div>\n<\/div>\n<div class=\"elementor-element elementor-element-c17fac7 elementor-widget elementor-widget-woocommerce-product-short-description\" data-id=\"c17fac7\" data-element_type=\"widget\" data-widget_type=\"woocommerce-product-short-description.default\">\n<div class=\"elementor-widget-container\">\n<div class=\"woocommerce-product-details__short-description\">\n<p><strong>N\u00famero do item:<\/strong> JG002<\/p>\n<p><strong>Tamanho do item<\/strong>: 76*39*12.7cm<\/p>\n<p><strong>Cores<\/strong>: vermelho<\/p>\n<p><strong>Material:\u00a0<\/strong>PP+n\u00e3o tecido<\/p>\n<p>&nbsp;<\/p>\n<\/div>\n<\/div>\n<\/div>\n<p>&nbsp;<\/p>\n<ul>\n<li>Armazenamento compartimentado<\/li>\n<li>Armazenamento empilhado<\/li>\n<li>Reciclagem<\/li>\n<li>Prote\u00e7\u00e3o contra insetos<\/li>\n<li>\u00c0 prova de poeira<\/li>\n<li>Bonito e dur\u00e1vel<\/li>\n<li><img fetchpriority=\"high\" decoding=\"async\" class=\"aligncenter wp-image-16724\" title=\"\u8be6\u60c5 08\" src=\"https:\/\/www.sellersunionagent.com\/wp-content\/uploads\/2024\/05\/\u8be6\u60c5-08-8.jpg\" alt=\"\u8be6\u60c5 08\" width=\"600\" height=\"1132\" \/>\n<p><img decoding=\"async\" class=\"aligncenter wp-image-16726 size-medium\" title=\"\u4e3b\u56fe 06\" src=\"https:\/\/www.sellersunionagent.com\/wp-content\/uploads\/2024\/05\/\u4e3b\u56fe-06-7.jpg\" alt=\"\u4e3b\u56fe 06\" width=\"750\" height=\"750\" \/><\/li>\n<\/ul>","protected":false},"excerpt":{"rendered":"<p><strong>MOQ<\/strong>:  1000 pe\u00e7as<br \/>\n<strong>Amostra gr\u00e1tis<\/strong>:  Com suporte<br \/>\n<strong>Personaliza\u00e7\u00e3o<\/strong>: logotipo \/ cor \/ materiais \/ embalagem etc.<br \/>\n<strong>Desconto<\/strong>:  Primeiros pedidos a partir de 10% de desconto.<br \/>\n<strong>Taxa de entrega no prazo<\/strong>:\u00a0 100%<br \/>\n<strong>Total de remessas<\/strong>:  10000 pe\u00e7as<br \/>\n<strong>Remessa<\/strong>: Suporte expresso - frete mar\u00edtimo - frete terrestre<\/p>","protected":false},"featured_media":16722,"comment_status":"open","ping_status":"closed","template":"","meta":{"_acf_changed":false},"product_brand":[],"product_cat":[235,318],"product_tag":[],"class_list":{"0":"post-16719","1":"product","2":"type-product","3":"status-publish","4":"has-post-thumbnail","6":"product_cat-christmas-decoration","7":"product_cat-christmas-tree-ornaments","9":"first","10":"instock","11":"shipping-taxable","12":"product-type-simple","13":"swiper-slide"},"acf":[],"_links":{"self":[{"href":"https:\/\/www.sellersunionagent.com\/pt\/wp-json\/wp\/v2\/product\/16719","targetHints":{"allow":["GET"]}}],"collection":[{"href":"https:\/\/www.sellersunionagent.com\/pt\/wp-json\/wp\/v2\/product"}],"about":[{"href":"https:\/\/www.sellersunionagent.com\/pt\/wp-json\/wp\/v2\/types\/product"}],"replies":[{"embeddable":true,"href":"https:\/\/www.sellersunionagent.com\/pt\/wp-json\/wp\/v2\/comments?post=16719"}],"wp:featuredmedia":[{"embeddable":true,"href":"https:\/\/www.sellersunionagent.com\/pt\/wp-json\/wp\/v2\/media\/16722"}],"wp:attachment":[{"href":"https:\/\/www.sellersunionagent.com\/pt\/wp-json\/wp\/v2\/media?parent=16719"}],"wp:term":[{"taxonomy":"product_brand","embeddable":true,"href":"https:\/\/www.sellersunionagent.com\/pt\/wp-json\/wp\/v2\/product_brand?post=16719"},{"taxonomy":"product_cat","embeddable":true,"href":"https:\/\/www.sellersunionagent.com\/pt\/wp-json\/wp\/v2\/product_cat?post=16719"},{"taxonomy":"product_tag","embeddable":true,"href":"https:\/\/www.sellersunionagent.com\/pt\/wp-json\/wp\/v2\/product_tag?post=16719"}],"curies":[{"name":"wp","href":"https:\/\/api.w.org\/{rel}","templated":true}]}}