{"id":16588,"date":"2024-05-24T11:44:46","date_gmt":"2024-05-24T03:44:46","guid":{"rendered":"https:\/\/sellersunionagent.com\/?post_type=product&#038;p=16588"},"modified":"2024-05-24T11:44:46","modified_gmt":"2024-05-24T03:44:46","slug":"estojo-de-acrilico-para-oculos-de-mesa-empilhavel","status":"publish","type":"product","link":"https:\/\/www.sellersunionagent.com\/pt\/desktop-stacking-acrylic-glasses-case\/","title":{"rendered":"Estojo de acr\u00edlico para \u00f3culos de mesa com empilhamento"},"content":{"rendered":"<p>Estojo de acr\u00edlico para \u00f3culos de mesa com empilhamento<\/p>\n<div class=\"elementor-element elementor-element-42815df elementor-widget elementor-widget-heading\" data-id=\"42815df\" data-element_type=\"widget\" data-widget_type=\"heading.default\">\n<div class=\"elementor-widget-container\">\n<p class=\"elementor-heading-title elementor-size-default\"><strong>Tipo<\/strong>: Estojo para \u00f3culos<\/p>\n<\/div>\n<\/div>\n<div class=\"elementor-element elementor-element-c17fac7 elementor-widget elementor-widget-woocommerce-product-short-description\" data-id=\"c17fac7\" data-element_type=\"widget\" data-widget_type=\"woocommerce-product-short-description.default\">\n<div class=\"elementor-widget-container\">\n<div class=\"woocommerce-product-details__short-description\">\n<p><strong>N\u00famero do item:<\/strong> CY001<\/p>\n<p><strong>Tamanho do item<\/strong>: 6,3*17,5*24,6cm<\/p>\n<p><strong>Cores<\/strong>: Transparente<\/p>\n<p><strong>Material:\u00a0<\/strong>PS<\/p>\n<p>&nbsp;<\/p>\n<\/div>\n<\/div>\n<\/div>\n<p>&nbsp;<\/p>\n<ul>\n<li>Armazenamento compartimentado<\/li>\n<li>Remov\u00edvel<\/li>\n<li>\u00c0 prova de poeira<\/li>\n<li>\u00c0 prova d'\u00e1gua<\/li>\n<li>Conveniente para transportar<\/li>\n<li>Bonito e dur\u00e1vel<\/li>\n<li><img fetchpriority=\"high\" decoding=\"async\" class=\"aligncenter wp-image-16597\" title=\"\u8be6\u60c57\" src=\"https:\/\/www.sellersunionagent.com\/wp-content\/uploads\/2024\/05\/\u8be6\u60c57.jpg\" alt=\"\u8be6\u60c57\" width=\"600\" height=\"600\" \/> <img decoding=\"async\" class=\"aligncenter wp-image-16598\" title=\"\u8be6\u60c58\" src=\"https:\/\/www.sellersunionagent.com\/wp-content\/uploads\/2024\/05\/\u8be6\u60c58.jpg\" alt=\"\u8be6\u60c58\" width=\"600\" height=\"1044\" \/> <img decoding=\"async\" class=\"aligncenter wp-image-16600\" title=\"\u4e3b\u56fe5\" src=\"https:\/\/www.sellersunionagent.com\/wp-content\/uploads\/2024\/05\/\u4e3b\u56fe5.jpg\" alt=\"\u4e3b\u56fe5\" width=\"600\" height=\"600\" \/> <img loading=\"lazy\" decoding=\"async\" class=\"aligncenter wp-image-16601\" title=\"\u8be6\u60c52\" src=\"https:\/\/www.sellersunionagent.com\/wp-content\/uploads\/2024\/05\/\u8be6\u60c52.jpg\" alt=\"\u8be6\u60c52\" width=\"600\" height=\"750\" \/> <img loading=\"lazy\" decoding=\"async\" class=\"aligncenter wp-image-16604\" title=\"\u8be6\u60c56\" src=\"https:\/\/www.sellersunionagent.com\/wp-content\/uploads\/2024\/05\/\u8be6\u60c56.jpg\" alt=\"\u8be6\u60c56\" width=\"600\" height=\"374\" \/><\/li>\n<\/ul>","protected":false},"excerpt":{"rendered":"<p><strong>MOQ<\/strong>:  1000 pe\u00e7as<br \/>\n<strong>Amostra gr\u00e1tis<\/strong>:  Com suporte<br \/>\n<strong>Personaliza\u00e7\u00e3o<\/strong>: logotipo \/ cor \/ materiais \/ embalagem etc.<br \/>\n<strong>Desconto<\/strong>:  Primeiros pedidos a partir de 10% de desconto.<br \/>\n<strong>Taxa de entrega no prazo<\/strong>:\u00a0 100%<br \/>\n<strong>Total de remessas<\/strong>:  10000 pe\u00e7as<br \/>\n<strong>Remessa<\/strong>: Suporte expresso - frete mar\u00edtimo - frete terrestre<\/p>","protected":false},"featured_media":16589,"comment_status":"open","ping_status":"closed","template":"","meta":{"_acf_changed":false},"product_brand":[],"product_cat":[31,187,186],"product_tag":[],"class_list":{"0":"post-16588","1":"product","2":"type-product","3":"status-publish","4":"has-post-thumbnail","6":"product_cat-home-storage","7":"product_cat-bedroom","8":"product_cat-living-room","10":"first","11":"instock","12":"shipping-taxable","13":"product-type-simple","14":"swiper-slide"},"acf":[],"_links":{"self":[{"href":"https:\/\/www.sellersunionagent.com\/pt\/wp-json\/wp\/v2\/product\/16588","targetHints":{"allow":["GET"]}}],"collection":[{"href":"https:\/\/www.sellersunionagent.com\/pt\/wp-json\/wp\/v2\/product"}],"about":[{"href":"https:\/\/www.sellersunionagent.com\/pt\/wp-json\/wp\/v2\/types\/product"}],"replies":[{"embeddable":true,"href":"https:\/\/www.sellersunionagent.com\/pt\/wp-json\/wp\/v2\/comments?post=16588"}],"wp:featuredmedia":[{"embeddable":true,"href":"https:\/\/www.sellersunionagent.com\/pt\/wp-json\/wp\/v2\/media\/16589"}],"wp:attachment":[{"href":"https:\/\/www.sellersunionagent.com\/pt\/wp-json\/wp\/v2\/media?parent=16588"}],"wp:term":[{"taxonomy":"product_brand","embeddable":true,"href":"https:\/\/www.sellersunionagent.com\/pt\/wp-json\/wp\/v2\/product_brand?post=16588"},{"taxonomy":"product_cat","embeddable":true,"href":"https:\/\/www.sellersunionagent.com\/pt\/wp-json\/wp\/v2\/product_cat?post=16588"},{"taxonomy":"product_tag","embeddable":true,"href":"https:\/\/www.sellersunionagent.com\/pt\/wp-json\/wp\/v2\/product_tag?post=16588"}],"curies":[{"name":"wp","href":"https:\/\/api.w.org\/{rel}","templated":true}]}}