{"id":16490,"date":"2024-05-24T10:28:49","date_gmt":"2024-05-24T02:28:49","guid":{"rendered":"https:\/\/sellersunionagent.com\/?post_type=product&#038;p=16490"},"modified":"2024-05-24T10:28:50","modified_gmt":"2024-05-24T02:28:50","slug":"large-capacity-desktop-dustproof-cosmetic-organiser","status":"publish","type":"product","link":"https:\/\/www.sellersunionagent.com\/pt\/large-capacity-desktop-dustproof-cosmetic-organiser\/","title":{"rendered":"Organizador de cosm\u00e9ticos de mesa \u00e0 prova de poeira e de grande capacidade"},"content":{"rendered":"<p>Organizador de cosm\u00e9ticos de mesa \u00e0 prova de poeira e de grande capacidade<\/p>\n<div class=\"elementor-element elementor-element-42815df elementor-widget elementor-widget-heading\" data-id=\"42815df\" data-element_type=\"widget\" data-widget_type=\"heading.default\">\n<div class=\"elementor-widget-container\">\n<p class=\"elementor-heading-title elementor-size-default\"><strong>Tipo<\/strong>: Cosmetic Organiser<\/p>\n<\/div>\n<\/div>\n<div class=\"elementor-element elementor-element-c17fac7 elementor-widget elementor-widget-woocommerce-product-short-description\" data-id=\"c17fac7\" data-element_type=\"widget\" data-widget_type=\"woocommerce-product-short-description.default\">\n<div class=\"elementor-widget-container\">\n<div class=\"woocommerce-product-details__short-description\">\n<p><strong>N\u00famero do item:<\/strong> ZG3028<\/p>\n<p><strong>Tamanho do item<\/strong>: 30*20*34cm<\/p>\n<p><strong>Cores<\/strong>: White\/green<\/p>\n<p><strong>Material: <\/strong>ABS<\/p>\n<p>&nbsp;<\/p>\n<\/div>\n<\/div>\n<\/div>\n<p>&nbsp;<\/p>\n<ul>\n<li>Armazenamento compartimentado<\/li>\n<li>Remov\u00edvel<\/li>\n<li>\u00c0 prova de poeira<\/li>\n<li>\u00c0 prova d'\u00e1gua<\/li>\n<li>Grande capacidade<\/li>\n<li>Bonito e dur\u00e1vel<\/li>\n<li><img fetchpriority=\"high\" decoding=\"async\" class=\"aligncenter wp-image-16499\" title=\"\u8be6\u60c5 07\" src=\"https:\/\/www.sellersunionagent.com\/wp-content\/uploads\/2024\/05\/\u8be6\u60c5-07-1.jpg\" alt=\"\u8be6\u60c5 07\" width=\"600\" height=\"781\" \/> <img decoding=\"async\" class=\"aligncenter wp-image-16500\" title=\"\u8be6\u60c5 11\" src=\"https:\/\/www.sellersunionagent.com\/wp-content\/uploads\/2024\/05\/\u8be6\u60c5-11-2.jpg\" alt=\"\u8be6\u60c5 11\" width=\"600\" height=\"834\" \/> <img decoding=\"async\" class=\"aligncenter wp-image-16502\" title=\"\u8be6\u60c5 16\" src=\"https:\/\/www.sellersunionagent.com\/wp-content\/uploads\/2024\/05\/\u8be6\u60c5-16.jpg\" alt=\"\u8be6\u60c5 16\" width=\"600\" height=\"461\" \/> <img loading=\"lazy\" decoding=\"async\" class=\"aligncenter wp-image-16503\" title=\"\u8be6\u60c5 02\" src=\"https:\/\/www.sellersunionagent.com\/wp-content\/uploads\/2024\/05\/\u8be6\u60c5-02-4.jpg\" alt=\"\u8be6\u60c5 02\" width=\"600\" height=\"801\" \/> <img loading=\"lazy\" decoding=\"async\" class=\"aligncenter wp-image-16505\" title=\"\u8be6\u60c5 03\" src=\"https:\/\/www.sellersunionagent.com\/wp-content\/uploads\/2024\/05\/\u8be6\u60c5-03-3.jpg\" alt=\"\u8be6\u60c5 03\" width=\"600\" height=\"682\" \/> <img loading=\"lazy\" decoding=\"async\" class=\"aligncenter wp-image-16507\" title=\"\u8be6\u60c5 04\" src=\"https:\/\/www.sellersunionagent.com\/wp-content\/uploads\/2024\/05\/\u8be6\u60c5-04-6.jpg\" alt=\"\u8be6\u60c5 04\" width=\"600\" height=\"789\" \/> <img loading=\"lazy\" decoding=\"async\" class=\"aligncenter wp-image-16510\" title=\"\u8be6\u60c5 05\" src=\"https:\/\/www.sellersunionagent.com\/wp-content\/uploads\/2024\/05\/\u8be6\u60c5-05.jpg\" alt=\"\u8be6\u60c5 05\" width=\"600\" height=\"674\" \/><\/li>\n<\/ul>","protected":false},"excerpt":{"rendered":"<p><strong>MOQ<\/strong>:  1000 pe\u00e7as<br \/>\n<strong>Amostra gr\u00e1tis<\/strong>:  Com suporte<br \/>\n<strong>Personaliza\u00e7\u00e3o<\/strong>: logotipo \/ cor \/ materiais \/ embalagem etc.<br \/>\n<strong>Desconto<\/strong>:  Primeiros pedidos a partir de 10% de desconto.<br \/>\n<strong>Taxa de entrega no prazo<\/strong>:\u00a0 100%<br \/>\n<strong>Total de remessas<\/strong>:  10000 pe\u00e7as<br \/>\n<strong>Remessa<\/strong>: Suporte expresso - frete mar\u00edtimo - frete terrestre<\/p>","protected":false},"featured_media":16496,"comment_status":"open","ping_status":"closed","template":"","meta":{"_acf_changed":false},"product_brand":[],"product_cat":[187],"product_tag":[],"class_list":{"0":"post-16490","1":"product","2":"type-product","3":"status-publish","4":"has-post-thumbnail","6":"product_cat-bedroom","8":"first","9":"instock","10":"shipping-taxable","11":"product-type-simple","12":"swiper-slide"},"acf":[],"_links":{"self":[{"href":"https:\/\/www.sellersunionagent.com\/pt\/wp-json\/wp\/v2\/product\/16490","targetHints":{"allow":["GET"]}}],"collection":[{"href":"https:\/\/www.sellersunionagent.com\/pt\/wp-json\/wp\/v2\/product"}],"about":[{"href":"https:\/\/www.sellersunionagent.com\/pt\/wp-json\/wp\/v2\/types\/product"}],"replies":[{"embeddable":true,"href":"https:\/\/www.sellersunionagent.com\/pt\/wp-json\/wp\/v2\/comments?post=16490"}],"wp:featuredmedia":[{"embeddable":true,"href":"https:\/\/www.sellersunionagent.com\/pt\/wp-json\/wp\/v2\/media\/16496"}],"wp:attachment":[{"href":"https:\/\/www.sellersunionagent.com\/pt\/wp-json\/wp\/v2\/media?parent=16490"}],"wp:term":[{"taxonomy":"product_brand","embeddable":true,"href":"https:\/\/www.sellersunionagent.com\/pt\/wp-json\/wp\/v2\/product_brand?post=16490"},{"taxonomy":"product_cat","embeddable":true,"href":"https:\/\/www.sellersunionagent.com\/pt\/wp-json\/wp\/v2\/product_cat?post=16490"},{"taxonomy":"product_tag","embeddable":true,"href":"https:\/\/www.sellersunionagent.com\/pt\/wp-json\/wp\/v2\/product_tag?post=16490"}],"curies":[{"name":"wp","href":"https:\/\/api.w.org\/{rel}","templated":true}]}}