{"id":16467,"date":"2024-05-24T10:10:08","date_gmt":"2024-05-24T02:10:08","guid":{"rendered":"https:\/\/sellersunionagent.com\/?post_type=product&#038;p=16467"},"modified":"2024-05-24T10:10:08","modified_gmt":"2024-05-24T02:10:08","slug":"organizador-de-escovas-cosmeticas-com-compartimento-giratorio-a-prova-de-poeira","status":"publish","type":"product","link":"https:\/\/www.sellersunionagent.com\/pt\/dustproof-rotating-compartment-cosmetic-brush-organiser\/","title":{"rendered":"Organizador de pinc\u00e9is cosm\u00e9ticos com compartimento girat\u00f3rio \u00e0 prova de poeira"},"content":{"rendered":"<p>Organizador de pinc\u00e9is cosm\u00e9ticos com compartimento girat\u00f3rio \u00e0 prova de poeira<\/p>\n<div class=\"elementor-element elementor-element-42815df elementor-widget elementor-widget-heading\" data-id=\"42815df\" data-element_type=\"widget\" data-widget_type=\"heading.default\">\n<div class=\"elementor-widget-container\">\n<p class=\"elementor-heading-title elementor-size-default\"><strong>Tipo<\/strong>: Organizador de pinc\u00e9is<\/p>\n<\/div>\n<\/div>\n<div class=\"elementor-element elementor-element-c17fac7 elementor-widget elementor-widget-woocommerce-product-short-description\" data-id=\"c17fac7\" data-element_type=\"widget\" data-widget_type=\"woocommerce-product-short-description.default\">\n<div class=\"elementor-widget-container\">\n<div class=\"woocommerce-product-details__short-description\">\n<p><strong>N\u00famero do item:<\/strong> ST001<\/p>\n<p><strong>Tamanho do item<\/strong>: 15,6*13,4*27,9cm<\/p>\n<p><strong>Cores<\/strong>: Branco transparente\/verde escuro transparente<\/p>\n<p><strong>Material: <\/strong>PET+ABS<\/p>\n<p>&nbsp;<\/p>\n<\/div>\n<\/div>\n<\/div>\n<p>&nbsp;<\/p>\n<ul>\n<li>Armazenamento compartimentado<\/li>\n<li>Remov\u00edvel<\/li>\n<li>\u00c0 prova de poeira<\/li>\n<li>\u00c0 prova d'\u00e1gua<\/li>\n<li>Conveniente para transportar<\/li>\n<li>Bonito e dur\u00e1vel<\/li>\n<li><img fetchpriority=\"high\" decoding=\"async\" class=\"aligncenter wp-image-16476\" title=\"\u8be6\u60c5 09\" src=\"https:\/\/www.sellersunionagent.com\/wp-content\/uploads\/2024\/05\/\u8be6\u60c5-09-3.jpg\" alt=\"\u8be6\u60c5 09\" width=\"600\" height=\"926\" \/>\n<p><img decoding=\"async\" class=\"aligncenter wp-image-16477\" title=\"\u4e3b\u56fe 07\" src=\"https:\/\/www.sellersunionagent.com\/wp-content\/uploads\/2024\/05\/\u4e3b\u56fe-07-5.jpg\" alt=\"\u4e3b\u56fe 07\" width=\"600\" height=\"600\" \/><\/p>\n<p><img decoding=\"async\" class=\"aligncenter wp-image-16478\" title=\"\u8be6\u60c5 01\" src=\"https:\/\/www.sellersunionagent.com\/wp-content\/uploads\/2024\/05\/\u8be6\u60c5-01-4.jpg\" alt=\"\u8be6\u60c5 01\" width=\"600\" height=\"933\" \/><\/p>\n<p><img loading=\"lazy\" decoding=\"async\" class=\"aligncenter wp-image-16481\" title=\"\u8be6\u60c5 03\" src=\"https:\/\/www.sellersunionagent.com\/wp-content\/uploads\/2024\/05\/\u8be6\u60c5-03-2.jpg\" alt=\"\u8be6\u60c5 03\" width=\"600\" height=\"810\" \/><\/p>\n<p><img loading=\"lazy\" decoding=\"async\" class=\"aligncenter wp-image-16482\" title=\"\u8be6\u60c5 04\" src=\"https:\/\/www.sellersunionagent.com\/wp-content\/uploads\/2024\/05\/\u8be6\u60c5-04-5.jpg\" alt=\"\u8be6\u60c5 04\" width=\"600\" height=\"927\" \/><\/p>\n<p><img loading=\"lazy\" decoding=\"async\" class=\"aligncenter wp-image-16484\" title=\"\u8be6\u60c5 06\" src=\"https:\/\/www.sellersunionagent.com\/wp-content\/uploads\/2024\/05\/\u8be6\u60c5-06-4.jpg\" alt=\"\u8be6\u60c5 06\" width=\"600\" height=\"927\" \/><\/p>\n<p><img loading=\"lazy\" decoding=\"async\" class=\"aligncenter wp-image-16487\" title=\"\u8be6\u60c5 08\" src=\"https:\/\/www.sellersunionagent.com\/wp-content\/uploads\/2024\/05\/\u8be6\u60c5-08-2.jpg\" alt=\"\u8be6\u60c5 08\" width=\"600\" height=\"925\" \/><\/li>\n<\/ul>","protected":false},"excerpt":{"rendered":"<p><strong>MOQ<\/strong>:  1000 pe\u00e7as<br \/>\n<strong>Amostra gr\u00e1tis<\/strong>:  Com suporte<br \/>\n<strong>Personaliza\u00e7\u00e3o<\/strong>: logotipo \/ cor \/ materiais \/ embalagem etc.<br \/>\n<strong>Desconto<\/strong>:  Primeiros pedidos a partir de 10% de desconto.<br \/>\n<strong>Taxa de entrega no prazo<\/strong>:\u00a0 100%<br \/>\n<strong>Total de remessas<\/strong>:  10000 pe\u00e7as<br \/>\n<strong>Remessa<\/strong>: Suporte expresso - frete mar\u00edtimo - frete terrestre<\/p>","protected":false},"featured_media":16469,"comment_status":"open","ping_status":"closed","template":"","meta":{"_acf_changed":false},"product_brand":[],"product_cat":[186],"product_tag":[],"class_list":{"0":"post-16467","1":"product","2":"type-product","3":"status-publish","4":"has-post-thumbnail","6":"product_cat-living-room","8":"first","9":"instock","10":"shipping-taxable","11":"product-type-simple","12":"swiper-slide"},"acf":[],"_links":{"self":[{"href":"https:\/\/www.sellersunionagent.com\/pt\/wp-json\/wp\/v2\/product\/16467","targetHints":{"allow":["GET"]}}],"collection":[{"href":"https:\/\/www.sellersunionagent.com\/pt\/wp-json\/wp\/v2\/product"}],"about":[{"href":"https:\/\/www.sellersunionagent.com\/pt\/wp-json\/wp\/v2\/types\/product"}],"replies":[{"embeddable":true,"href":"https:\/\/www.sellersunionagent.com\/pt\/wp-json\/wp\/v2\/comments?post=16467"}],"wp:featuredmedia":[{"embeddable":true,"href":"https:\/\/www.sellersunionagent.com\/pt\/wp-json\/wp\/v2\/media\/16469"}],"wp:attachment":[{"href":"https:\/\/www.sellersunionagent.com\/pt\/wp-json\/wp\/v2\/media?parent=16467"}],"wp:term":[{"taxonomy":"product_brand","embeddable":true,"href":"https:\/\/www.sellersunionagent.com\/pt\/wp-json\/wp\/v2\/product_brand?post=16467"},{"taxonomy":"product_cat","embeddable":true,"href":"https:\/\/www.sellersunionagent.com\/pt\/wp-json\/wp\/v2\/product_cat?post=16467"},{"taxonomy":"product_tag","embeddable":true,"href":"https:\/\/www.sellersunionagent.com\/pt\/wp-json\/wp\/v2\/product_tag?post=16467"}],"curies":[{"name":"wp","href":"https:\/\/api.w.org\/{rel}","templated":true}]}}