{"id":16404,"date":"2024-05-24T09:17:26","date_gmt":"2024-05-24T01:17:26","guid":{"rendered":"https:\/\/sellersunionagent.com\/?post_type=product&#038;p=16404"},"modified":"2024-05-24T09:18:04","modified_gmt":"2024-05-24T01:18:04","slug":"gaveta-de-cozinha-gaveta-de-geladeira-gaveta-de-armazenamento","status":"publish","type":"product","link":"https:\/\/www.sellersunionagent.com\/pt\/kitchen-drawer-fridge-storage-crisper\/","title":{"rendered":"Gaveta de cozinha, gaveta de geladeira, gaveta de armazenamento"},"content":{"rendered":"<p>Gaveta de cozinha, gaveta de geladeira, gaveta de armazenamento<\/p>\n<div class=\"elementor-element elementor-element-42815df elementor-widget elementor-widget-heading\" data-id=\"42815df\" data-element_type=\"widget\" data-widget_type=\"heading.default\">\n<div class=\"elementor-widget-container\">\n<p class=\"elementor-heading-title elementor-size-default\"><strong>Tipo<\/strong>Armazenamento em geladeira: crisper<\/p>\n<\/div>\n<\/div>\n<div class=\"elementor-element elementor-element-c17fac7 elementor-widget elementor-widget-woocommerce-product-short-description\" data-id=\"c17fac7\" data-element_type=\"widget\" data-widget_type=\"woocommerce-product-short-description.default\">\n<div class=\"elementor-widget-container\">\n<div class=\"woocommerce-product-details__short-description\">\n<p><strong>N\u00famero do item:<\/strong> YM6439<\/p>\n<p><strong>Tamanho do item<\/strong>: 11*12,6*34cm\/ 11*25,5*34cm\/ 22*17*34cm<\/p>\n<p><strong>Cores<\/strong>: Transparente<\/p>\n<p><strong>Material: <\/strong>PET<\/p>\n<p>&nbsp;<\/p>\n<\/div>\n<\/div>\n<\/div>\n<p>&nbsp;<\/p>\n<ul>\n<li>Grande capacidade<\/li>\n<li>Separa\u00e7\u00e3o \u00famida e seca<\/li>\n<li>Montagem livre<\/li>\n<li>\u00c0 prova d'\u00e1gua<\/li>\n<li>Coleta suave<\/li>\n<li>Bonito e dur\u00e1vel<img fetchpriority=\"high\" decoding=\"async\" class=\"aligncenter wp-image-16414\" title=\"\u8be6\u60c5 09\" src=\"https:\/\/www.sellersunionagent.com\/wp-content\/uploads\/2024\/05\/\u8be6\u60c5-09-2.jpg\" alt=\"\u8be6\u60c5 09\" width=\"600\" height=\"780\" \/> <img decoding=\"async\" class=\"aligncenter wp-image-16416\" title=\"\u8be6\u60c5 10\" src=\"https:\/\/www.sellersunionagent.com\/wp-content\/uploads\/2024\/05\/\u8be6\u60c5-10.jpg\" alt=\"\u8be6\u60c5 10\" width=\"600\" height=\"787\" \/> <img decoding=\"async\" class=\"aligncenter wp-image-16417\" title=\"\u8be6\u60c5 11\" src=\"https:\/\/www.sellersunionagent.com\/wp-content\/uploads\/2024\/05\/\u8be6\u60c5-11.jpg\" alt=\"\u8be6\u60c5 11\" width=\"600\" height=\"773\" \/> <img loading=\"lazy\" decoding=\"async\" class=\"aligncenter wp-image-16418\" title=\"\u8be6\u60c5 14\" src=\"https:\/\/www.sellersunionagent.com\/wp-content\/uploads\/2024\/05\/\u8be6\u60c5-14-1.jpg\" alt=\"\u8be6\u60c5 14\" width=\"600\" height=\"776\" \/> <img loading=\"lazy\" decoding=\"async\" class=\"aligncenter wp-image-16422\" title=\"\u4e3b\u56fe 06\" src=\"https:\/\/www.sellersunionagent.com\/wp-content\/uploads\/2024\/05\/\u4e3b\u56fe-06-3.jpg\" alt=\"\u4e3b\u56fe 06\" width=\"600\" height=\"600\" \/> <img loading=\"lazy\" decoding=\"async\" class=\"aligncenter wp-image-16424\" title=\"\u4e3b\u56fe 07\" src=\"https:\/\/www.sellersunionagent.com\/wp-content\/uploads\/2024\/05\/\u4e3b\u56fe-07-4.jpg\" alt=\"\u4e3b\u56fe 07\" width=\"600\" height=\"600\" \/> <img loading=\"lazy\" decoding=\"async\" class=\"wp-image-16413 aligncenter\" title=\"\u4e3b\u56fe 09\" src=\"https:\/\/www.sellersunionagent.com\/wp-content\/uploads\/2024\/05\/\u4e3b\u56fe-09.jpg\" alt=\"\u4e3b\u56fe 09\" width=\"600\" height=\"600\" \/><\/li>\n<li><\/li>\n<\/ul>","protected":false},"excerpt":{"rendered":"<p><strong>MOQ<\/strong>:  1000 pe\u00e7as<br \/>\n<strong>Amostra gr\u00e1tis<\/strong>:  Com suporte<br \/>\n<strong>Personaliza\u00e7\u00e3o<\/strong>: logotipo \/ cor \/ materiais \/ embalagem etc.<br \/>\n<strong>Desconto<\/strong>:  Primeiros pedidos a partir de 10% de desconto.<br \/>\n<strong>Taxa de entrega no prazo<\/strong>:\u00a0 100%<br \/>\n<strong>Total de remessas<\/strong>:  10000 pe\u00e7as<br \/>\n<strong>Remessa<\/strong>: Suporte expresso - frete mar\u00edtimo - frete terrestre<\/p>","protected":false},"featured_media":16405,"comment_status":"open","ping_status":"closed","template":"","meta":{"_acf_changed":false},"product_brand":[],"product_cat":[188],"product_tag":[],"class_list":{"0":"post-16404","1":"product","2":"type-product","3":"status-publish","4":"has-post-thumbnail","6":"product_cat-kitchen","8":"first","9":"instock","10":"shipping-taxable","11":"product-type-simple","12":"swiper-slide"},"acf":[],"_links":{"self":[{"href":"https:\/\/www.sellersunionagent.com\/pt\/wp-json\/wp\/v2\/product\/16404","targetHints":{"allow":["GET"]}}],"collection":[{"href":"https:\/\/www.sellersunionagent.com\/pt\/wp-json\/wp\/v2\/product"}],"about":[{"href":"https:\/\/www.sellersunionagent.com\/pt\/wp-json\/wp\/v2\/types\/product"}],"replies":[{"embeddable":true,"href":"https:\/\/www.sellersunionagent.com\/pt\/wp-json\/wp\/v2\/comments?post=16404"}],"wp:featuredmedia":[{"embeddable":true,"href":"https:\/\/www.sellersunionagent.com\/pt\/wp-json\/wp\/v2\/media\/16405"}],"wp:attachment":[{"href":"https:\/\/www.sellersunionagent.com\/pt\/wp-json\/wp\/v2\/media?parent=16404"}],"wp:term":[{"taxonomy":"product_brand","embeddable":true,"href":"https:\/\/www.sellersunionagent.com\/pt\/wp-json\/wp\/v2\/product_brand?post=16404"},{"taxonomy":"product_cat","embeddable":true,"href":"https:\/\/www.sellersunionagent.com\/pt\/wp-json\/wp\/v2\/product_cat?post=16404"},{"taxonomy":"product_tag","embeddable":true,"href":"https:\/\/www.sellersunionagent.com\/pt\/wp-json\/wp\/v2\/product_tag?post=16404"}],"curies":[{"name":"wp","href":"https:\/\/api.w.org\/{rel}","templated":true}]}}